{"id":18096,"date":"2022-05-22T17:03:42","date_gmt":"2022-05-22T17:03:42","guid":{"rendered":"https:\/\/artbusinessclub.eu\/?post_type=product&#038;p=18096"},"modified":"2025-05-24T17:43:22","modified_gmt":"2025-05-24T17:43:22","slug":"muvesz-munka-kozben-ismeretlen-muvesz","status":"publish","type":"product","link":"http:\/\/artbusinessclub.eu\/en\/product\/muvesz-munka-kozben-ismeretlen-muvesz\/","title":{"rendered":"Artist at work"},"content":{"rendered":"<p><strong>2109<\/strong><\/p>\n<p><strong>Artist at work<\/strong><\/p>\n<p>Gobelin<\/p>\n<p>Becs\u00fclt kor: 1960-70-80-as \u00e9vek<\/p>\n<p>Not signed<em><br \/>\n<\/em><\/p>\n<p>M\u00e9rete kerettel: 77,5 x 62,5 cm<\/p>","protected":false},"excerpt":{"rendered":"<div class=\"woocommerce-product-details__short-description\">\n<p>H\u00edmz\u00e9s. Gy\u00f6ny\u00f6r\u0171en elk\u00e9sz\u00edtett, nagy m\u00e9ret\u0171 gobelin munka gy\u00f6ny\u00f6r\u0171, antik keretben, azonnal falra akaszthat\u00f3 \u00e1llapotban, gy\u0171jt\u0151re v\u00e1rva! B\u00e9csb\u0151l val\u00f3 munka. <strong>Extra gy\u0171jt\u0151i darab!<\/strong><\/p>\n<div class=\"woocommerce-product-details__short-description\">\n<div>\u2014\u2014\u2014\u2014\u2014\u2014\u2014\u2014\u2014\u2014\u2014\u2014\u2014\u2014\u2014\u2014\u2014\u2014\u2014\u2014\u2014\u2014\u2014\u2014\u2014\u2014\u2014\u2014\u2014\u2014\u2014\u2014\u2014\u2014\u2014\u2014\u2014\u2014\u2014<\/div>\n<div class=\"woocommerce-product-details__short-description\">\n<p>MAKE AN OFFER! Send us your offer to <strong><em>offer@artbusinessclub.eu<\/em> <\/strong>e-mail address!<\/p>\n<\/div>\n<\/div>\n<\/div>","protected":false},"featured_media":29083,"template":"","meta":{"site-sidebar-layout":"default","site-content-layout":"default","ast-site-content-layout":"default","site-content-style":"default","site-sidebar-style":"default","ast-global-header-display":"","ast-banner-title-visibility":"","ast-main-header-display":"","ast-hfb-above-header-display":"","ast-hfb-below-header-display":"","ast-hfb-mobile-header-display":"","site-post-title":"","ast-breadcrumbs-content":"","ast-featured-img":"","footer-sml-layout":"","ast-disable-related-posts":"","theme-transparent-header-meta":"default","adv-header-id-meta":"","stick-header-meta":"","header-above-stick-meta":"","header-main-stick-meta":"","header-below-stick-meta":"","astra-migrate-meta-layouts":"set","ast-page-background-enabled":"default","ast-page-background-meta":{"desktop":{"background-color":"","background-image":"","background-repeat":"repeat","background-position":"center center","background-size":"auto","background-attachment":"scroll","background-type":"","background-media":"","overlay-type":"","overlay-color":"","overlay-opacity":"","overlay-gradient":""},"tablet":{"background-color":"","background-image":"","background-repeat":"repeat","background-position":"center center","background-size":"auto","background-attachment":"scroll","background-type":"","background-media":"","overlay-type":"","overlay-color":"","overlay-opacity":"","overlay-gradient":""},"mobile":{"background-color":"","background-image":"","background-repeat":"repeat","background-position":"center center","background-size":"auto","background-attachment":"scroll","background-type":"","background-media":"","overlay-type":"","overlay-color":"","overlay-opacity":"","overlay-gradient":""}},"ast-content-background-meta":{"desktop":{"background-color":"var(--ast-global-color-5)","background-image":"","background-repeat":"repeat","background-position":"center center","background-size":"auto","background-attachment":"scroll","background-type":"","background-media":"","overlay-type":"","overlay-color":"","overlay-opacity":"","overlay-gradient":""},"tablet":{"background-color":"var(--ast-global-color-5)","background-image":"","background-repeat":"repeat","background-position":"center center","background-size":"auto","background-attachment":"scroll","background-type":"","background-media":"","overlay-type":"","overlay-color":"","overlay-opacity":"","overlay-gradient":""},"mobile":{"background-color":"var(--ast-global-color-5)","background-image":"","background-repeat":"repeat","background-position":"center center","background-size":"auto","background-attachment":"scroll","background-type":"","background-media":"","overlay-type":"","overlay-color":"","overlay-opacity":"","overlay-gradient":""}}},"product_brand":[],"product_cat":[70,71],"product_tag":[],"class_list":{"0":"post-18096","1":"product","2":"type-product","3":"status-publish","4":"has-post-thumbnail","6":"product_cat-egyeb-mualkotasok","7":"product_cat-gobelin","8":"desktop-align-left","9":"tablet-align-left","10":"mobile-align-left","11":"ast-product-gallery-layout-horizontal-slider","12":"ast-product-tabs-layout-horizontal","14":"first","15":"instock","16":"sold-individually","17":"taxable","18":"shipping-taxable","19":"purchasable","20":"product-type-simple"},"yoast_head":"<!-- This site is optimized with the Yoast SEO plugin v27.3 - https:\/\/yoast.com\/product\/yoast-seo-wordpress\/ -->\n<title>M\u0171v\u00e9sz munka k\u00f6zben - Art Business Club M\u0171kereskedelmi Kft.<\/title>\n<meta name=\"description\" content=\"H\u00edmz\u00e9s. Gy\u00f6ny\u00f6r\u0171en elk\u00e9sz\u00edtett, nagy m\u00e9ret\u0171 gobelin munka gy\u00f6ny\u00f6r\u0171, antik keretben, azonnal falra akaszthat\u00f3 \u00e1llapotban, gy\u0171jt\u0151re v\u00e1rva! B\u00e9csb\u0151l val\u00f3 munka. Extra gy\u0171jt\u0151i darab!  \u2014\u2014\u2014\u2014\u2014\u2014\u2014\u2014\u2014\u2014\u2014\u2014\u2014\u2014\u2014\u2014\u2014\u2014\u2014\u2014\u2014\u2014\u2014\u2014\u2014\u2014\u2014\u2014\u2014\u2014\u2014\u2014\u2014\u2014\u2014\u2014\u2014\u2014\u2014   V\u00c1RJUK AJ\u00c1NLAT\u00c1T! K\u00fcldje el aj\u00e1nlat\u00e1t az ajanlat@artbusinessclub.eu e-mail c\u00edmre!\" \/>\n<meta name=\"robots\" content=\"index, follow, max-snippet:-1, max-image-preview:large, max-video-preview:-1\" \/>\n<link rel=\"canonical\" href=\"https:\/\/artbusinessclub.eu\/en\/product\/muvesz-munka-kozben-ismeretlen-muvesz\/\" \/>\n<meta property=\"og:locale\" content=\"en_US\" \/>\n<meta property=\"og:type\" content=\"article\" \/>\n<meta property=\"og:title\" content=\"M\u0171v\u00e9sz munka k\u00f6zben - Art Business Club M\u0171kereskedelmi Kft.\" \/>\n<meta property=\"og:description\" content=\"H\u00edmz\u00e9s. Gy\u00f6ny\u00f6r\u0171en elk\u00e9sz\u00edtett, nagy m\u00e9ret\u0171 gobelin munka gy\u00f6ny\u00f6r\u0171, antik keretben, azonnal falra akaszthat\u00f3 \u00e1llapotban, gy\u0171jt\u0151re v\u00e1rva! B\u00e9csb\u0151l val\u00f3 munka. Extra gy\u0171jt\u0151i darab!  \u2014\u2014\u2014\u2014\u2014\u2014\u2014\u2014\u2014\u2014\u2014\u2014\u2014\u2014\u2014\u2014\u2014\u2014\u2014\u2014\u2014\u2014\u2014\u2014\u2014\u2014\u2014\u2014\u2014\u2014\u2014\u2014\u2014\u2014\u2014\u2014\u2014\u2014\u2014   V\u00c1RJUK AJ\u00c1NLAT\u00c1T! K\u00fcldje el aj\u00e1nlat\u00e1t az ajanlat@artbusinessclub.eu e-mail c\u00edmre!\" \/>\n<meta property=\"og:url\" content=\"https:\/\/artbusinessclub.eu\/en\/product\/muvesz-munka-kozben-ismeretlen-muvesz\/\" \/>\n<meta property=\"og:site_name\" content=\"Art Business Club M\u0171kereskedelmi Kft.\" \/>\n<meta property=\"article:modified_time\" content=\"2025-05-24T17:43:22+00:00\" \/>\n<meta property=\"og:image\" content=\"https:\/\/artbusinessclub.eu\/wp-content\/uploads\/2022\/05\/2109-front2.jpg\" \/>\n\t<meta property=\"og:image:width\" content=\"2400\" \/>\n\t<meta property=\"og:image:height\" content=\"2400\" \/>\n\t<meta property=\"og:image:type\" content=\"image\/jpeg\" \/>\n<meta name=\"twitter:card\" content=\"summary_large_image\" \/>\n<script type=\"application\/ld+json\" class=\"yoast-schema-graph\">{\"@context\":\"https:\\\/\\\/schema.org\",\"@graph\":[{\"@type\":\"WebPage\",\"@id\":\"https:\\\/\\\/artbusinessclub.eu\\\/termek\\\/muvesz-munka-kozben-ismeretlen-muvesz\\\/\",\"url\":\"https:\\\/\\\/artbusinessclub.eu\\\/termek\\\/muvesz-munka-kozben-ismeretlen-muvesz\\\/\",\"name\":\"M\u0171v\u00e9sz munka k\u00f6zben - Art Business Club M\u0171kereskedelmi Kft.\",\"isPartOf\":{\"@id\":\"https:\\\/\\\/artbusinessclub.eu\\\/en\\\/#website\"},\"primaryImageOfPage\":{\"@id\":\"https:\\\/\\\/artbusinessclub.eu\\\/termek\\\/muvesz-munka-kozben-ismeretlen-muvesz\\\/#primaryimage\"},\"image\":{\"@id\":\"https:\\\/\\\/artbusinessclub.eu\\\/termek\\\/muvesz-munka-kozben-ismeretlen-muvesz\\\/#primaryimage\"},\"thumbnailUrl\":\"https:\\\/\\\/artbusinessclub.eu\\\/wp-content\\\/uploads\\\/2022\\\/05\\\/2109-front2.jpg\",\"datePublished\":\"2022-05-22T17:03:42+00:00\",\"dateModified\":\"2025-05-24T17:43:22+00:00\",\"description\":\"H\u00edmz\u00e9s. Gy\u00f6ny\u00f6r\u0171en elk\u00e9sz\u00edtett, nagy m\u00e9ret\u0171 gobelin munka gy\u00f6ny\u00f6r\u0171, antik keretben, azonnal falra akaszthat\u00f3 \u00e1llapotban, gy\u0171jt\u0151re v\u00e1rva! B\u00e9csb\u0151l val\u00f3 munka. Extra gy\u0171jt\u0151i darab! \u2014\u2014\u2014\u2014\u2014\u2014\u2014\u2014\u2014\u2014\u2014\u2014\u2014\u2014\u2014\u2014\u2014\u2014\u2014\u2014\u2014\u2014\u2014\u2014\u2014\u2014\u2014\u2014\u2014\u2014\u2014\u2014\u2014\u2014\u2014\u2014\u2014\u2014\u2014 V\u00c1RJUK AJ\u00c1NLAT\u00c1T! K\u00fcldje el aj\u00e1nlat\u00e1t az ajanlat@artbusinessclub.eu e-mail c\u00edmre!\",\"breadcrumb\":{\"@id\":\"https:\\\/\\\/artbusinessclub.eu\\\/termek\\\/muvesz-munka-kozben-ismeretlen-muvesz\\\/#breadcrumb\"},\"inLanguage\":\"en-US\",\"potentialAction\":[{\"@type\":\"ReadAction\",\"target\":[\"https:\\\/\\\/artbusinessclub.eu\\\/termek\\\/muvesz-munka-kozben-ismeretlen-muvesz\\\/\"]}]},{\"@type\":\"ImageObject\",\"inLanguage\":\"en-US\",\"@id\":\"https:\\\/\\\/artbusinessclub.eu\\\/termek\\\/muvesz-munka-kozben-ismeretlen-muvesz\\\/#primaryimage\",\"url\":\"https:\\\/\\\/artbusinessclub.eu\\\/wp-content\\\/uploads\\\/2022\\\/05\\\/2109-front2.jpg\",\"contentUrl\":\"https:\\\/\\\/artbusinessclub.eu\\\/wp-content\\\/uploads\\\/2022\\\/05\\\/2109-front2.jpg\",\"width\":2400,\"height\":2400},{\"@type\":\"BreadcrumbList\",\"@id\":\"https:\\\/\\\/artbusinessclub.eu\\\/termek\\\/muvesz-munka-kozben-ismeretlen-muvesz\\\/#breadcrumb\",\"itemListElement\":[{\"@type\":\"ListItem\",\"position\":1,\"name\":\"Kezd\u0151lap\",\"item\":\"https:\\\/\\\/artbusinessclub.eu\\\/\"},{\"@type\":\"ListItem\",\"position\":2,\"name\":\"Webshop\",\"item\":\"https:\\\/\\\/artbusinessclub.eu\\\/webshop\\\/\"},{\"@type\":\"ListItem\",\"position\":3,\"name\":\"M\u0171v\u00e9sz munka k\u00f6zben\"}]},{\"@type\":\"WebSite\",\"@id\":\"https:\\\/\\\/artbusinessclub.eu\\\/en\\\/#website\",\"url\":\"https:\\\/\\\/artbusinessclub.eu\\\/en\\\/\",\"name\":\"Art Business Club M\u0171kereskedelmi Kft.\",\"description\":\"Fektesse p\u00e9nz\u00e9t festm\u00e9nyekbe!\",\"publisher\":{\"@id\":\"https:\\\/\\\/artbusinessclub.eu\\\/en\\\/#organization\"},\"potentialAction\":[{\"@type\":\"SearchAction\",\"target\":{\"@type\":\"EntryPoint\",\"urlTemplate\":\"https:\\\/\\\/artbusinessclub.eu\\\/en\\\/?s={search_term_string}\"},\"query-input\":{\"@type\":\"PropertyValueSpecification\",\"valueRequired\":true,\"valueName\":\"search_term_string\"}}],\"inLanguage\":\"en-US\"},{\"@type\":\"Organization\",\"@id\":\"https:\\\/\\\/artbusinessclub.eu\\\/en\\\/#organization\",\"name\":\"ART BUSINESS CLUB M\u0171kereskedelmi Kft.\",\"url\":\"https:\\\/\\\/artbusinessclub.eu\\\/en\\\/\",\"logo\":{\"@type\":\"ImageObject\",\"inLanguage\":\"en-US\",\"@id\":\"https:\\\/\\\/artbusinessclub.eu\\\/en\\\/#\\\/schema\\\/logo\\\/image\\\/\",\"url\":\"https:\\\/\\\/artbusinessclub.eu\\\/wp-content\\\/uploads\\\/2021\\\/04\\\/artbusiness01.png\",\"contentUrl\":\"https:\\\/\\\/artbusinessclub.eu\\\/wp-content\\\/uploads\\\/2021\\\/04\\\/artbusiness01.png\",\"width\":1456,\"height\":323,\"caption\":\"ART BUSINESS CLUB M\u0171kereskedelmi Kft.\"},\"image\":{\"@id\":\"https:\\\/\\\/artbusinessclub.eu\\\/en\\\/#\\\/schema\\\/logo\\\/image\\\/\"}}]}<\/script>\n<!-- \/ Yoast SEO plugin. -->","yoast_head_json":{"title":"M\u0171v\u00e9sz munka k\u00f6zben - Art Business Club M\u0171kereskedelmi Kft.","description":"H\u00edmz\u00e9s. Gy\u00f6ny\u00f6r\u0171en elk\u00e9sz\u00edtett, nagy m\u00e9ret\u0171 gobelin munka gy\u00f6ny\u00f6r\u0171, antik keretben, azonnal falra akaszthat\u00f3 \u00e1llapotban, gy\u0171jt\u0151re v\u00e1rva! B\u00e9csb\u0151l val\u00f3 munka. Extra gy\u0171jt\u0151i darab!  \u2014\u2014\u2014\u2014\u2014\u2014\u2014\u2014\u2014\u2014\u2014\u2014\u2014\u2014\u2014\u2014\u2014\u2014\u2014\u2014\u2014\u2014\u2014\u2014\u2014\u2014\u2014\u2014\u2014\u2014\u2014\u2014\u2014\u2014\u2014\u2014\u2014\u2014\u2014   V\u00c1RJUK AJ\u00c1NLAT\u00c1T! K\u00fcldje el aj\u00e1nlat\u00e1t az ajanlat@artbusinessclub.eu e-mail c\u00edmre!","robots":{"index":"index","follow":"follow","max-snippet":"max-snippet:-1","max-image-preview":"max-image-preview:large","max-video-preview":"max-video-preview:-1"},"canonical":"https:\/\/artbusinessclub.eu\/en\/product\/muvesz-munka-kozben-ismeretlen-muvesz\/","og_locale":"en_US","og_type":"article","og_title":"M\u0171v\u00e9sz munka k\u00f6zben - Art Business Club M\u0171kereskedelmi Kft.","og_description":"H\u00edmz\u00e9s. Gy\u00f6ny\u00f6r\u0171en elk\u00e9sz\u00edtett, nagy m\u00e9ret\u0171 gobelin munka gy\u00f6ny\u00f6r\u0171, antik keretben, azonnal falra akaszthat\u00f3 \u00e1llapotban, gy\u0171jt\u0151re v\u00e1rva! B\u00e9csb\u0151l val\u00f3 munka. Extra gy\u0171jt\u0151i darab!  \u2014\u2014\u2014\u2014\u2014\u2014\u2014\u2014\u2014\u2014\u2014\u2014\u2014\u2014\u2014\u2014\u2014\u2014\u2014\u2014\u2014\u2014\u2014\u2014\u2014\u2014\u2014\u2014\u2014\u2014\u2014\u2014\u2014\u2014\u2014\u2014\u2014\u2014\u2014   V\u00c1RJUK AJ\u00c1NLAT\u00c1T! K\u00fcldje el aj\u00e1nlat\u00e1t az ajanlat@artbusinessclub.eu e-mail c\u00edmre!","og_url":"https:\/\/artbusinessclub.eu\/en\/product\/muvesz-munka-kozben-ismeretlen-muvesz\/","og_site_name":"Art Business Club M\u0171kereskedelmi Kft.","article_modified_time":"2025-05-24T17:43:22+00:00","og_image":[{"width":2400,"height":2400,"url":"https:\/\/artbusinessclub.eu\/wp-content\/uploads\/2022\/05\/2109-front2.jpg","type":"image\/jpeg"}],"twitter_card":"summary_large_image","schema":{"@context":"https:\/\/schema.org","@graph":[{"@type":"WebPage","@id":"https:\/\/artbusinessclub.eu\/termek\/muvesz-munka-kozben-ismeretlen-muvesz\/","url":"https:\/\/artbusinessclub.eu\/termek\/muvesz-munka-kozben-ismeretlen-muvesz\/","name":"M\u0171v\u00e9sz munka k\u00f6zben - Art Business Club M\u0171kereskedelmi Kft.","isPartOf":{"@id":"https:\/\/artbusinessclub.eu\/en\/#website"},"primaryImageOfPage":{"@id":"https:\/\/artbusinessclub.eu\/termek\/muvesz-munka-kozben-ismeretlen-muvesz\/#primaryimage"},"image":{"@id":"https:\/\/artbusinessclub.eu\/termek\/muvesz-munka-kozben-ismeretlen-muvesz\/#primaryimage"},"thumbnailUrl":"https:\/\/artbusinessclub.eu\/wp-content\/uploads\/2022\/05\/2109-front2.jpg","datePublished":"2022-05-22T17:03:42+00:00","dateModified":"2025-05-24T17:43:22+00:00","description":"H\u00edmz\u00e9s. Gy\u00f6ny\u00f6r\u0171en elk\u00e9sz\u00edtett, nagy m\u00e9ret\u0171 gobelin munka gy\u00f6ny\u00f6r\u0171, antik keretben, azonnal falra akaszthat\u00f3 \u00e1llapotban, gy\u0171jt\u0151re v\u00e1rva! B\u00e9csb\u0151l val\u00f3 munka. Extra gy\u0171jt\u0151i darab! \u2014\u2014\u2014\u2014\u2014\u2014\u2014\u2014\u2014\u2014\u2014\u2014\u2014\u2014\u2014\u2014\u2014\u2014\u2014\u2014\u2014\u2014\u2014\u2014\u2014\u2014\u2014\u2014\u2014\u2014\u2014\u2014\u2014\u2014\u2014\u2014\u2014\u2014\u2014 V\u00c1RJUK AJ\u00c1NLAT\u00c1T! K\u00fcldje el aj\u00e1nlat\u00e1t az ajanlat@artbusinessclub.eu e-mail c\u00edmre!","breadcrumb":{"@id":"https:\/\/artbusinessclub.eu\/termek\/muvesz-munka-kozben-ismeretlen-muvesz\/#breadcrumb"},"inLanguage":"en-US","potentialAction":[{"@type":"ReadAction","target":["https:\/\/artbusinessclub.eu\/termek\/muvesz-munka-kozben-ismeretlen-muvesz\/"]}]},{"@type":"ImageObject","inLanguage":"en-US","@id":"https:\/\/artbusinessclub.eu\/termek\/muvesz-munka-kozben-ismeretlen-muvesz\/#primaryimage","url":"https:\/\/artbusinessclub.eu\/wp-content\/uploads\/2022\/05\/2109-front2.jpg","contentUrl":"https:\/\/artbusinessclub.eu\/wp-content\/uploads\/2022\/05\/2109-front2.jpg","width":2400,"height":2400},{"@type":"BreadcrumbList","@id":"https:\/\/artbusinessclub.eu\/termek\/muvesz-munka-kozben-ismeretlen-muvesz\/#breadcrumb","itemListElement":[{"@type":"ListItem","position":1,"name":"Kezd\u0151lap","item":"https:\/\/artbusinessclub.eu\/"},{"@type":"ListItem","position":2,"name":"Webshop","item":"https:\/\/artbusinessclub.eu\/webshop\/"},{"@type":"ListItem","position":3,"name":"M\u0171v\u00e9sz munka k\u00f6zben"}]},{"@type":"WebSite","@id":"https:\/\/artbusinessclub.eu\/en\/#website","url":"https:\/\/artbusinessclub.eu\/en\/","name":"Art Business Club Art Trading Ltd.","description":"Invest your money in paintings!","publisher":{"@id":"https:\/\/artbusinessclub.eu\/en\/#organization"},"potentialAction":[{"@type":"SearchAction","target":{"@type":"EntryPoint","urlTemplate":"https:\/\/artbusinessclub.eu\/en\/?s={search_term_string}"},"query-input":{"@type":"PropertyValueSpecification","valueRequired":true,"valueName":"search_term_string"}}],"inLanguage":"en-US"},{"@type":"Organization","@id":"https:\/\/artbusinessclub.eu\/en\/#organization","name":"ART BUSINESS CLUB Art Trading Ltd.","url":"https:\/\/artbusinessclub.eu\/en\/","logo":{"@type":"ImageObject","inLanguage":"en-US","@id":"https:\/\/artbusinessclub.eu\/en\/#\/schema\/logo\/image\/","url":"https:\/\/artbusinessclub.eu\/wp-content\/uploads\/2021\/04\/artbusiness01.png","contentUrl":"https:\/\/artbusinessclub.eu\/wp-content\/uploads\/2021\/04\/artbusiness01.png","width":1456,"height":323,"caption":"ART BUSINESS CLUB M\u0171kereskedelmi Kft."},"image":{"@id":"https:\/\/artbusinessclub.eu\/en\/#\/schema\/logo\/image\/"}}]}},"_links":{"self":[{"href":"http:\/\/artbusinessclub.eu\/en\/wp-json\/wp\/v2\/product\/18096","targetHints":{"allow":["GET"]}}],"collection":[{"href":"http:\/\/artbusinessclub.eu\/en\/wp-json\/wp\/v2\/product"}],"about":[{"href":"http:\/\/artbusinessclub.eu\/en\/wp-json\/wp\/v2\/types\/product"}],"wp:featuredmedia":[{"embeddable":true,"href":"http:\/\/artbusinessclub.eu\/en\/wp-json\/wp\/v2\/media\/29083"}],"wp:attachment":[{"href":"http:\/\/artbusinessclub.eu\/en\/wp-json\/wp\/v2\/media?parent=18096"}],"wp:term":[{"taxonomy":"product_brand","embeddable":true,"href":"http:\/\/artbusinessclub.eu\/en\/wp-json\/wp\/v2\/product_brand?post=18096"},{"taxonomy":"product_cat","embeddable":true,"href":"http:\/\/artbusinessclub.eu\/en\/wp-json\/wp\/v2\/product_cat?post=18096"},{"taxonomy":"product_tag","embeddable":true,"href":"http:\/\/artbusinessclub.eu\/en\/wp-json\/wp\/v2\/product_tag?post=18096"}],"curies":[{"name":"wp","href":"https:\/\/api.w.org\/{rel}","templated":true}]}}