{"id":3762,"date":"2021-02-03T19:41:00","date_gmt":"2021-02-03T19:41:00","guid":{"rendered":"https:\/\/artbusinessclub.eu\/?page_id=3762"},"modified":"2022-10-03T07:30:20","modified_gmt":"2022-10-03T07:30:20","slug":"kapcsolat","status":"publish","type":"page","link":"https:\/\/artbusinessclub.eu\/en\/kapcsolat\/","title":{"rendered":"Contact"},"content":{"rendered":"<div data-elementor-type=\"wp-page\" data-elementor-id=\"3762\" class=\"elementor elementor-3762\" data-elementor-post-type=\"page\">\n\t\t\t\t\t\t<section class=\"elementor-section elementor-top-section elementor-element elementor-element-37ccdd4d elementor-section-content-middle elementor-section-boxed elementor-section-height-default elementor-section-height-default\" data-id=\"37ccdd4d\" data-element_type=\"section\" data-e-type=\"section\">\n\t\t\t\t\t\t<div class=\"elementor-container elementor-column-gap-default\">\n\t\t\t\t\t<div class=\"elementor-column elementor-col-100 elementor-top-column elementor-element elementor-element-48656cd2\" data-id=\"48656cd2\" data-element_type=\"column\" data-e-type=\"column\">\n\t\t\t<div class=\"elementor-widget-wrap elementor-element-populated\">\n\t\t\t\t\t\t<div class=\"elementor-element elementor-element-5a1f57d5 elementor-widget elementor-widget-heading\" data-id=\"5a1f57d5\" data-element_type=\"widget\" data-e-type=\"widget\" data-widget_type=\"heading.default\">\n\t\t\t\t<div class=\"elementor-widget-container\">\n\t\t\t\t\t<h5 class=\"elementor-heading-title elementor-size-default\">Contact<\/h5>\t\t\t\t<\/div>\n\t\t\t\t<\/div>\n\t\t\t\t<div class=\"elementor-element elementor-element-2a848b0 elementor-widget-divider--view-line elementor-widget elementor-widget-divider\" data-id=\"2a848b0\" data-element_type=\"widget\" data-e-type=\"widget\" data-widget_type=\"divider.default\">\n\t\t\t\t<div class=\"elementor-widget-container\">\n\t\t\t\t\t\t\t<div class=\"elementor-divider\">\n\t\t\t<span class=\"elementor-divider-separator\">\n\t\t\t\t\t\t<\/span>\n\t\t<\/div>\n\t\t\t\t\t\t<\/div>\n\t\t\t\t<\/div>\n\t\t\t\t<div class=\"elementor-element elementor-element-2ba02f54 elementor-widget elementor-widget-heading\" data-id=\"2ba02f54\" data-element_type=\"widget\" data-e-type=\"widget\" data-widget_type=\"heading.default\">\n\t\t\t\t<div class=\"elementor-widget-container\">\n\t\t\t\t\t<h4 class=\"elementor-heading-title elementor-size-default\">Contact<\/h4>\t\t\t\t<\/div>\n\t\t\t\t<\/div>\n\t\t\t\t<div class=\"elementor-element elementor-element-b212279 elementor-widget elementor-widget-heading\" data-id=\"b212279\" data-element_type=\"widget\" data-e-type=\"widget\" data-widget_type=\"heading.default\">\n\t\t\t\t<div class=\"elementor-widget-container\">\n\t\t\t\t\t<h2 class=\"elementor-heading-title elementor-size-default\">E-mail address: artbusinessclubkft@gmail.com<\/h2>\t\t\t\t<\/div>\n\t\t\t\t<\/div>\n\t\t\t\t<div class=\"elementor-element elementor-element-4b42609 elementor-widget elementor-widget-heading\" data-id=\"4b42609\" data-element_type=\"widget\" data-e-type=\"widget\" data-widget_type=\"heading.default\">\n\t\t\t\t<div class=\"elementor-widget-container\">\n\t\t\t\t\t<h2 class=\"elementor-heading-title elementor-size-default\">A telefonsz\u00e1m e-mailen t\u00f6rt\u00e9n\u0151 egyeztet\u00e9st k\u00f6vet\u0151en ker\u00fcl megad\u00e1sra.<\/h2>\t\t\t\t<\/div>\n\t\t\t\t<\/div>\n\t\t\t\t<div class=\"elementor-element elementor-element-735ad54 elementor-widget elementor-widget-heading\" data-id=\"735ad54\" data-element_type=\"widget\" data-e-type=\"widget\" data-widget_type=\"heading.default\">\n\t\t\t\t<div class=\"elementor-widget-container\">\n\t\t\t\t\t<h2 class=\"elementor-heading-title elementor-size-default\">ART BUSINESS CLUB Art Trading Ltd.<\/h2>\t\t\t\t<\/div>\n\t\t\t\t<\/div>\n\t\t\t\t<div class=\"elementor-element elementor-element-70efa2c elementor-widget elementor-widget-heading\" data-id=\"70efa2c\" data-element_type=\"widget\" data-e-type=\"widget\" data-widget_type=\"heading.default\">\n\t\t\t\t<div class=\"elementor-widget-container\">\n\t\t\t\t\t<h2 class=\"elementor-heading-title elementor-size-default\">Company registration number: 20-09-077293<\/h2>\t\t\t\t<\/div>\n\t\t\t\t<\/div>\n\t\t\t\t<div class=\"elementor-element elementor-element-9eb3b73 elementor-widget elementor-widget-heading\" data-id=\"9eb3b73\" data-element_type=\"widget\" data-e-type=\"widget\" data-widget_type=\"heading.default\">\n\t\t\t\t<div class=\"elementor-widget-container\">\n\t\t\t\t\t<h2 class=\"elementor-heading-title elementor-size-default\">Tax number: 28839118-1-20; HU28839118<\/h2>\t\t\t\t<\/div>\n\t\t\t\t<\/div>\n\t\t\t\t\t<\/div>\n\t\t<\/div>\n\t\t\t\t\t<\/div>\n\t\t<\/section>\n\t\t\t\t<section class=\"elementor-section elementor-top-section elementor-element elementor-element-454f020 elementor-section-boxed elementor-section-height-default elementor-section-height-default\" data-id=\"454f020\" data-element_type=\"section\" data-e-type=\"section\">\n\t\t\t\t\t\t<div class=\"elementor-container elementor-column-gap-default\">\n\t\t\t\t\t<div class=\"elementor-column elementor-col-100 elementor-top-column elementor-element elementor-element-4e44aa9\" data-id=\"4e44aa9\" data-element_type=\"column\" data-e-type=\"column\">\n\t\t\t<div class=\"elementor-widget-wrap elementor-element-populated\">\n\t\t\t\t\t\t<div class=\"elementor-element elementor-element-70166bd elementor-widget-divider--view-line elementor-widget elementor-widget-divider\" data-id=\"70166bd\" data-element_type=\"widget\" data-e-type=\"widget\" data-widget_type=\"divider.default\">\n\t\t\t\t<div class=\"elementor-widget-container\">\n\t\t\t\t\t\t\t<div class=\"elementor-divider\">\n\t\t\t<span class=\"elementor-divider-separator\">\n\t\t\t\t\t\t<\/span>\n\t\t<\/div>\n\t\t\t\t\t\t<\/div>\n\t\t\t\t<\/div>\n\t\t\t\t\t<\/div>\n\t\t<\/div>\n\t\t\t\t\t<\/div>\n\t\t<\/section>\n\t\t\t\t<\/div>","protected":false},"excerpt":{"rendered":"<p>Kapcsolat El\u00e9rhet\u0151s\u00e9gek E-mail c\u00edm: artbusinessclubkft@gmail.com A telefonsz\u00e1m e-mailen t\u00f6rt\u00e9n\u0151 egyeztet\u00e9st k\u00f6vet\u0151en ker\u00fcl megad\u00e1sra. ART BUSINESS CLUB M\u0171kereskedelmi Kft. C\u00e9gjegyz\u00e9ksz\u00e1m: 20-09-077293 Ad\u00f3sz\u00e1m: 28839118-1-20; HU28839118<\/p>","protected":false},"author":1,"featured_media":0,"parent":0,"menu_order":0,"comment_status":"closed","ping_status":"closed","template":"","meta":{"site-sidebar-layout":"no-sidebar","site-content-layout":"page-builder","ast-site-content-layout":"default","site-content-style":"default","site-sidebar-style":"default","ast-global-header-display":"","ast-banner-title-visibility":"","ast-main-header-display":"","ast-hfb-above-header-display":"","ast-hfb-below-header-display":"","ast-hfb-mobile-header-display":"","site-post-title":"disabled","ast-breadcrumbs-content":"","ast-featured-img":"disabled","footer-sml-layout":"","ast-disable-related-posts":"","theme-transparent-header-meta":"default","adv-header-id-meta":"","stick-header-meta":"","header-above-stick-meta":"","header-main-stick-meta":"","header-below-stick-meta":"","astra-migrate-meta-layouts":"default","ast-page-background-enabled":"default","ast-page-background-meta":{"desktop":{"background-color":"","background-image":"","background-repeat":"repeat","background-position":"center center","background-size":"auto","background-attachment":"scroll","background-type":"","background-media":"","overlay-type":"","overlay-color":"","overlay-opacity":"","overlay-gradient":""},"tablet":{"background-color":"","background-image":"","background-repeat":"repeat","background-position":"center center","background-size":"auto","background-attachment":"scroll","background-type":"","background-media":"","overlay-type":"","overlay-color":"","overlay-opacity":"","overlay-gradient":""},"mobile":{"background-color":"","background-image":"","background-repeat":"repeat","background-position":"center center","background-size":"auto","background-attachment":"scroll","background-type":"","background-media":"","overlay-type":"","overlay-color":"","overlay-opacity":"","overlay-gradient":""}},"ast-content-background-meta":{"desktop":{"background-color":"var(--ast-global-color-5)","background-image":"","background-repeat":"repeat","background-position":"center center","background-size":"auto","background-attachment":"scroll","background-type":"","background-media":"","overlay-type":"","overlay-color":"","overlay-opacity":"","overlay-gradient":""},"tablet":{"background-color":"var(--ast-global-color-5)","background-image":"","background-repeat":"repeat","background-position":"center center","background-size":"auto","background-attachment":"scroll","background-type":"","background-media":"","overlay-type":"","overlay-color":"","overlay-opacity":"","overlay-gradient":""},"mobile":{"background-color":"var(--ast-global-color-5)","background-image":"","background-repeat":"repeat","background-position":"center center","background-size":"auto","background-attachment":"scroll","background-type":"","background-media":"","overlay-type":"","overlay-color":"","overlay-opacity":"","overlay-gradient":""}},"footnotes":""},"class_list":["post-3762","page","type-page","status-publish","hentry"],"yoast_head":"<!-- This site is optimized with the Yoast SEO plugin v27.4 - https:\/\/yoast.com\/product\/yoast-seo-wordpress\/ -->\n<title>Kapcsolat - Art Business Club M\u0171kereskedelmi Kft.<\/title>\n<meta name=\"description\" content=\"Kapcsolat - Ha b\u00e1rmilyen k\u00e9rd\u00e9se van, tov\u00e1bbi inform\u00e1ci\u00f3ra van sz\u00fcks\u00e9ge, keressen minket b\u00e1tran! E-mail c\u00edm: artbusinessclubkft@gmail.com\" \/>\n<meta name=\"robots\" content=\"index, follow, max-snippet:-1, max-image-preview:large, max-video-preview:-1\" \/>\n<link rel=\"canonical\" href=\"https:\/\/artbusinessclub.eu\/en\/kapcsolat\/\" \/>\n<meta property=\"og:locale\" content=\"en_US\" \/>\n<meta property=\"og:type\" content=\"article\" \/>\n<meta property=\"og:title\" content=\"Kapcsolat - Art Business Club M\u0171kereskedelmi Kft.\" \/>\n<meta property=\"og:description\" content=\"Kapcsolat - Ha b\u00e1rmilyen k\u00e9rd\u00e9se van, tov\u00e1bbi inform\u00e1ci\u00f3ra van sz\u00fcks\u00e9ge, keressen minket b\u00e1tran! E-mail c\u00edm: artbusinessclubkft@gmail.com\" \/>\n<meta property=\"og:url\" content=\"https:\/\/artbusinessclub.eu\/en\/kapcsolat\/\" \/>\n<meta property=\"og:site_name\" content=\"Art Business Club M\u0171kereskedelmi Kft.\" \/>\n<meta property=\"article:modified_time\" content=\"2022-10-03T07:30:20+00:00\" \/>\n<meta name=\"twitter:card\" content=\"summary_large_image\" \/>\n<meta name=\"twitter:label1\" content=\"Est. reading time\" \/>\n\t<meta name=\"twitter:data1\" content=\"1 minute\" \/>\n<script type=\"application\/ld+json\" class=\"yoast-schema-graph\">{\"@context\":\"https:\\\/\\\/schema.org\",\"@graph\":[{\"@type\":\"WebPage\",\"@id\":\"https:\\\/\\\/artbusinessclub.eu\\\/kapcsolat\\\/\",\"url\":\"https:\\\/\\\/artbusinessclub.eu\\\/kapcsolat\\\/\",\"name\":\"Kapcsolat - Art Business Club M\u0171kereskedelmi Kft.\",\"isPartOf\":{\"@id\":\"https:\\\/\\\/artbusinessclub.eu\\\/en\\\/#website\"},\"datePublished\":\"2021-02-03T19:41:00+00:00\",\"dateModified\":\"2022-10-03T07:30:20+00:00\",\"description\":\"Kapcsolat - Ha b\u00e1rmilyen k\u00e9rd\u00e9se van, tov\u00e1bbi inform\u00e1ci\u00f3ra van sz\u00fcks\u00e9ge, keressen minket b\u00e1tran! E-mail c\u00edm: artbusinessclubkft@gmail.com\",\"breadcrumb\":{\"@id\":\"https:\\\/\\\/artbusinessclub.eu\\\/kapcsolat\\\/#breadcrumb\"},\"inLanguage\":\"en-US\",\"potentialAction\":[{\"@type\":\"ReadAction\",\"target\":[\"https:\\\/\\\/artbusinessclub.eu\\\/kapcsolat\\\/\"]}]},{\"@type\":\"BreadcrumbList\",\"@id\":\"https:\\\/\\\/artbusinessclub.eu\\\/kapcsolat\\\/#breadcrumb\",\"itemListElement\":[{\"@type\":\"ListItem\",\"position\":1,\"name\":\"Kezd\u0151lap\",\"item\":\"https:\\\/\\\/artbusinessclub.eu\\\/\"},{\"@type\":\"ListItem\",\"position\":2,\"name\":\"Kapcsolat\"}]},{\"@type\":\"WebSite\",\"@id\":\"https:\\\/\\\/artbusinessclub.eu\\\/en\\\/#website\",\"url\":\"https:\\\/\\\/artbusinessclub.eu\\\/en\\\/\",\"name\":\"Art Business Club M\u0171kereskedelmi Kft.\",\"description\":\"Fektesse p\u00e9nz\u00e9t festm\u00e9nyekbe!\",\"publisher\":{\"@id\":\"https:\\\/\\\/artbusinessclub.eu\\\/en\\\/#organization\"},\"potentialAction\":[{\"@type\":\"SearchAction\",\"target\":{\"@type\":\"EntryPoint\",\"urlTemplate\":\"https:\\\/\\\/artbusinessclub.eu\\\/en\\\/?s={search_term_string}\"},\"query-input\":{\"@type\":\"PropertyValueSpecification\",\"valueRequired\":true,\"valueName\":\"search_term_string\"}}],\"inLanguage\":\"en-US\"},{\"@type\":\"Organization\",\"@id\":\"https:\\\/\\\/artbusinessclub.eu\\\/en\\\/#organization\",\"name\":\"ART BUSINESS CLUB M\u0171kereskedelmi Kft.\",\"url\":\"https:\\\/\\\/artbusinessclub.eu\\\/en\\\/\",\"logo\":{\"@type\":\"ImageObject\",\"inLanguage\":\"en-US\",\"@id\":\"https:\\\/\\\/artbusinessclub.eu\\\/en\\\/#\\\/schema\\\/logo\\\/image\\\/\",\"url\":\"https:\\\/\\\/artbusinessclub.eu\\\/wp-content\\\/uploads\\\/2021\\\/04\\\/artbusiness01.png\",\"contentUrl\":\"https:\\\/\\\/artbusinessclub.eu\\\/wp-content\\\/uploads\\\/2021\\\/04\\\/artbusiness01.png\",\"width\":1456,\"height\":323,\"caption\":\"ART BUSINESS CLUB M\u0171kereskedelmi Kft.\"},\"image\":{\"@id\":\"https:\\\/\\\/artbusinessclub.eu\\\/en\\\/#\\\/schema\\\/logo\\\/image\\\/\"}}]}<\/script>\n<!-- \/ Yoast SEO plugin. -->","yoast_head_json":{"title":"Kapcsolat - Art Business Club M\u0171kereskedelmi Kft.","description":"Kapcsolat - Ha b\u00e1rmilyen k\u00e9rd\u00e9se van, tov\u00e1bbi inform\u00e1ci\u00f3ra van sz\u00fcks\u00e9ge, keressen minket b\u00e1tran! E-mail c\u00edm: artbusinessclubkft@gmail.com","robots":{"index":"index","follow":"follow","max-snippet":"max-snippet:-1","max-image-preview":"max-image-preview:large","max-video-preview":"max-video-preview:-1"},"canonical":"https:\/\/artbusinessclub.eu\/en\/kapcsolat\/","og_locale":"en_US","og_type":"article","og_title":"Kapcsolat - Art Business Club M\u0171kereskedelmi Kft.","og_description":"Kapcsolat - Ha b\u00e1rmilyen k\u00e9rd\u00e9se van, tov\u00e1bbi inform\u00e1ci\u00f3ra van sz\u00fcks\u00e9ge, keressen minket b\u00e1tran! E-mail c\u00edm: artbusinessclubkft@gmail.com","og_url":"https:\/\/artbusinessclub.eu\/en\/kapcsolat\/","og_site_name":"Art Business Club M\u0171kereskedelmi Kft.","article_modified_time":"2022-10-03T07:30:20+00:00","twitter_card":"summary_large_image","twitter_misc":{"Est. reading time":"1 minute"},"schema":{"@context":"https:\/\/schema.org","@graph":[{"@type":"WebPage","@id":"https:\/\/artbusinessclub.eu\/kapcsolat\/","url":"https:\/\/artbusinessclub.eu\/kapcsolat\/","name":"Kapcsolat - Art Business Club M\u0171kereskedelmi Kft.","isPartOf":{"@id":"https:\/\/artbusinessclub.eu\/en\/#website"},"datePublished":"2021-02-03T19:41:00+00:00","dateModified":"2022-10-03T07:30:20+00:00","description":"Kapcsolat - Ha b\u00e1rmilyen k\u00e9rd\u00e9se van, tov\u00e1bbi inform\u00e1ci\u00f3ra van sz\u00fcks\u00e9ge, keressen minket b\u00e1tran! E-mail c\u00edm: artbusinessclubkft@gmail.com","breadcrumb":{"@id":"https:\/\/artbusinessclub.eu\/kapcsolat\/#breadcrumb"},"inLanguage":"en-US","potentialAction":[{"@type":"ReadAction","target":["https:\/\/artbusinessclub.eu\/kapcsolat\/"]}]},{"@type":"BreadcrumbList","@id":"https:\/\/artbusinessclub.eu\/kapcsolat\/#breadcrumb","itemListElement":[{"@type":"ListItem","position":1,"name":"Kezd\u0151lap","item":"https:\/\/artbusinessclub.eu\/"},{"@type":"ListItem","position":2,"name":"Kapcsolat"}]},{"@type":"WebSite","@id":"https:\/\/artbusinessclub.eu\/en\/#website","url":"https:\/\/artbusinessclub.eu\/en\/","name":"Art Business Club Art Trading Ltd.","description":"Invest your money in paintings!","publisher":{"@id":"https:\/\/artbusinessclub.eu\/en\/#organization"},"potentialAction":[{"@type":"SearchAction","target":{"@type":"EntryPoint","urlTemplate":"https:\/\/artbusinessclub.eu\/en\/?s={search_term_string}"},"query-input":{"@type":"PropertyValueSpecification","valueRequired":true,"valueName":"search_term_string"}}],"inLanguage":"en-US"},{"@type":"Organization","@id":"https:\/\/artbusinessclub.eu\/en\/#organization","name":"ART BUSINESS CLUB Art Trading Ltd.","url":"https:\/\/artbusinessclub.eu\/en\/","logo":{"@type":"ImageObject","inLanguage":"en-US","@id":"https:\/\/artbusinessclub.eu\/en\/#\/schema\/logo\/image\/","url":"https:\/\/artbusinessclub.eu\/wp-content\/uploads\/2021\/04\/artbusiness01.png","contentUrl":"https:\/\/artbusinessclub.eu\/wp-content\/uploads\/2021\/04\/artbusiness01.png","width":1456,"height":323,"caption":"ART BUSINESS CLUB M\u0171kereskedelmi Kft."},"image":{"@id":"https:\/\/artbusinessclub.eu\/en\/#\/schema\/logo\/image\/"}}]}},"_links":{"self":[{"href":"https:\/\/artbusinessclub.eu\/en\/wp-json\/wp\/v2\/pages\/3762","targetHints":{"allow":["GET"]}}],"collection":[{"href":"https:\/\/artbusinessclub.eu\/en\/wp-json\/wp\/v2\/pages"}],"about":[{"href":"https:\/\/artbusinessclub.eu\/en\/wp-json\/wp\/v2\/types\/page"}],"author":[{"embeddable":true,"href":"https:\/\/artbusinessclub.eu\/en\/wp-json\/wp\/v2\/users\/1"}],"replies":[{"embeddable":true,"href":"https:\/\/artbusinessclub.eu\/en\/wp-json\/wp\/v2\/comments?post=3762"}],"version-history":[{"count":89,"href":"https:\/\/artbusinessclub.eu\/en\/wp-json\/wp\/v2\/pages\/3762\/revisions"}],"predecessor-version":[{"id":20464,"href":"https:\/\/artbusinessclub.eu\/en\/wp-json\/wp\/v2\/pages\/3762\/revisions\/20464"}],"wp:attachment":[{"href":"https:\/\/artbusinessclub.eu\/en\/wp-json\/wp\/v2\/media?parent=3762"}],"curies":[{"name":"wp","href":"https:\/\/api.w.org\/{rel}","templated":true}]}}