{"id":7079,"date":"2021-05-09T16:37:58","date_gmt":"2021-05-09T16:37:58","guid":{"rendered":"https:\/\/artbusinessclub.eu\/?page_id=7079"},"modified":"2021-05-31T07:31:33","modified_gmt":"2021-05-31T07:31:33","slug":"vasarlasi-tudnivalok","status":"publish","type":"page","link":"https:\/\/artbusinessclub.eu\/en\/vasarlasi-tudnivalok\/","title":{"rendered":"Shopping information (EN)"},"content":{"rendered":"<p><\/p>\n\n\n\n<p><\/p>\n\n\n\n<h2 class=\"wp-block-heading\" style=\"font-size:26px\"><strong>Originality of artworks<\/strong><\/h2>\n\n\n\n<p class=\"translation-block\">Through this webshop, our company carries out agency activities - commission sales. As a broker, we do not guarantee the originality of the artworks!<\/p>\n\n\n\n<h2 class=\"wp-block-heading\" style=\"font-size:26px\"><strong>Receiving in person (in Hungary)<\/strong><\/h2>\n\n\n\n<p>Our company recommends <strong>personal collection<\/strong> to its customers in all cases. In our warehouse (Nagykanizsa) you can receive and inspect the work you want to buy before the purchase, and you can also view the stock of thousands of pieces. You can even bring your own expert!<\/p>\n\n\n\n<h2 class=\"wp-block-heading\" style=\"font-size:26px\"><strong>Shipping<\/strong><\/h2>\n\n\n\n<p>The purchase price of the products <strong>does not include<\/strong> shipping costs.<\/p>\n\n\n\n<p>All products are sent to the Customer with <strong>value insurance.<\/strong> Please inspect the package carefully before receiving it and do not take it if it is damaged.  Report it to the delivery man and let us know!<\/p>\n\n\n\n<h3 class=\"wp-block-heading\" style=\"font-size:21px\"><strong>Delivery in Hungary<\/strong><\/h3>\n\n\n\n<p class=\"translation-block\">In Hungary, we take over the delivery (and packaging) costs at the expense of our commission. This only applies to a successful purchase, in the case of returned products we are not able to take over these extra costs!<\/p>\n\n\n\n<h3 class=\"wp-block-heading\" style=\"font-size:21px\"><strong>Delivery abroad<\/strong><\/h3>\n\n\n\n<p>In case of delivery abroad, please contact us via e-mail, where we will inform you about the possible delivery methods and fees (depending on the product(s) and the country). Please transfer the price of the product(s), the delivery and handling costs to our bank account in advance. The package will be sent after the amount is received.<\/p>\n\n\n\n<h2 class=\"wp-block-heading\" style=\"font-size:26px\"><strong>Payment<\/strong><\/h2>\n\n\n\n<p>After placing the order, we will send you a confirmation e-mail containing the name of the product(s), the Customer's details and our bank account number, to which we ask you to transfer the purchase price in advance. The package will be sent after the amount is received. We will also send you a confirmation of receipt of the amount, enclosing the invoice.<\/p>\n\n\n\n<h2 class=\"wp-block-heading\" style=\"font-size:26px\"><strong>Product return<\/strong><\/h2>\n\n\n\n<p>If the Buyer wants to return the product(s) (s)he has to pay all costs to return it back to us. After the product arrived we are documenting the opening and if there are any damages, (s)he is obligated to pay a restoration fee which will be deducted from the purchase price.<\/p>\n\n\n\n<p>We can only refund the purchase price of the product(s) after its returned!<\/p>\n\n\n\n<p class=\"has-text-align-right has-medium-font-size\">Art Business Club Art Trading Ltd. <\/p>","protected":false},"excerpt":{"rendered":"<p>M\u0171alkot\u00e1sok eredetis\u00e9ge C\u00e9g\u00fcnk a jelen webshopon kereszt\u00fcl \u00fcgyn\u00f6ki tev\u00e9kenys\u00e9get &#8211; bizom\u00e1nyi \u00e9rt\u00e9kes\u00edt\u00e9st folytat. K\u00f6zvet\u00edt\u0151k\u00e9nt a m\u0171alkot\u00e1sok eredetis\u00e9g\u00e9re garanci\u00e1t nem v\u00e1llal! \u00c1tv\u00e9tel szem\u00e9lyesen C\u00e9g\u00fcnk minden esetben a szem\u00e9lyes \u00e1tv\u00e9telt javasolja v\u00e1s\u00e1rl\u00f3inak. Rakt\u00e1runkban (Nagykanizs\u00e1n) a v\u00e1s\u00e1rl\u00e1st megel\u0151z\u0151en k\u00e9zbe veheti, \u00e1tvizsg\u00e1lhatja a megv\u00e1s\u00e1rolni k\u00edv\u00e1nt alkot\u00e1st, tov\u00e1bb\u00e1 megtekintheti a t\u00f6bb ezer darabos rakt\u00e1rk\u00e9szletet is. Ak\u00e1r saj\u00e1t szak\u00e9rt\u0151t is hozhat [&hellip;]<\/p>\n","protected":false},"author":1,"featured_media":0,"parent":0,"menu_order":0,"comment_status":"closed","ping_status":"closed","template":"","meta":{"site-sidebar-layout":"default","site-content-layout":"default","ast-site-content-layout":"default","site-content-style":"default","site-sidebar-style":"default","ast-global-header-display":"","ast-banner-title-visibility":"","ast-main-header-display":"","ast-hfb-above-header-display":"","ast-hfb-below-header-display":"","ast-hfb-mobile-header-display":"","site-post-title":"","ast-breadcrumbs-content":"","ast-featured-img":"","footer-sml-layout":"","ast-disable-related-posts":"","theme-transparent-header-meta":"default","adv-header-id-meta":"","stick-header-meta":"","header-above-stick-meta":"","header-main-stick-meta":"","header-below-stick-meta":"","astra-migrate-meta-layouts":"default","ast-page-background-enabled":"default","ast-page-background-meta":{"desktop":{"background-color":"","background-image":"","background-repeat":"repeat","background-position":"center center","background-size":"auto","background-attachment":"scroll","background-type":"","background-media":"","overlay-type":"","overlay-color":"","overlay-opacity":"","overlay-gradient":""},"tablet":{"background-color":"","background-image":"","background-repeat":"repeat","background-position":"center center","background-size":"auto","background-attachment":"scroll","background-type":"","background-media":"","overlay-type":"","overlay-color":"","overlay-opacity":"","overlay-gradient":""},"mobile":{"background-color":"","background-image":"","background-repeat":"repeat","background-position":"center center","background-size":"auto","background-attachment":"scroll","background-type":"","background-media":"","overlay-type":"","overlay-color":"","overlay-opacity":"","overlay-gradient":""}},"ast-content-background-meta":{"desktop":{"background-color":"var(--ast-global-color-5)","background-image":"","background-repeat":"repeat","background-position":"center center","background-size":"auto","background-attachment":"scroll","background-type":"","background-media":"","overlay-type":"","overlay-color":"","overlay-opacity":"","overlay-gradient":""},"tablet":{"background-color":"var(--ast-global-color-5)","background-image":"","background-repeat":"repeat","background-position":"center center","background-size":"auto","background-attachment":"scroll","background-type":"","background-media":"","overlay-type":"","overlay-color":"","overlay-opacity":"","overlay-gradient":""},"mobile":{"background-color":"var(--ast-global-color-5)","background-image":"","background-repeat":"repeat","background-position":"center center","background-size":"auto","background-attachment":"scroll","background-type":"","background-media":"","overlay-type":"","overlay-color":"","overlay-opacity":"","overlay-gradient":""}},"footnotes":""},"class_list":["post-7079","page","type-page","status-publish","hentry"],"yoast_head":"<!-- This site is optimized with the Yoast SEO plugin v27.4 - https:\/\/yoast.com\/product\/yoast-seo-wordpress\/ -->\n<title>Fontos v\u00e1s\u00e1rl\u00e1si tudnival\u00f3k - Art Business Club M\u0171kereskedelmi Kft.<\/title>\n<meta name=\"description\" content=\"M\u0171alkot\u00e1sok eredetis\u00e9ge C\u00e9g\u00fcnk a jelen webshopon kereszt\u00fcl \u00fcgyn\u00f6ki tev\u00e9kenys\u00e9get - bizom\u00e1nyi \u00e9rt\u00e9kes\u00edt\u00e9st folytat. K\u00f6zvet\u00edt\u0151k\u00e9nt a m\u0171alkot\u00e1sok\" \/>\n<meta name=\"robots\" content=\"index, follow, max-snippet:-1, max-image-preview:large, max-video-preview:-1\" \/>\n<link rel=\"canonical\" href=\"https:\/\/artbusinessclub.eu\/en\/vasarlasi-tudnivalok\/\" \/>\n<meta property=\"og:locale\" content=\"en_US\" \/>\n<meta property=\"og:type\" content=\"article\" \/>\n<meta property=\"og:title\" content=\"Fontos v\u00e1s\u00e1rl\u00e1si tudnival\u00f3k - Art Business Club M\u0171kereskedelmi Kft.\" \/>\n<meta property=\"og:description\" content=\"M\u0171alkot\u00e1sok eredetis\u00e9ge C\u00e9g\u00fcnk a jelen webshopon kereszt\u00fcl \u00fcgyn\u00f6ki tev\u00e9kenys\u00e9get - bizom\u00e1nyi \u00e9rt\u00e9kes\u00edt\u00e9st folytat. K\u00f6zvet\u00edt\u0151k\u00e9nt a m\u0171alkot\u00e1sok\" \/>\n<meta property=\"og:url\" content=\"https:\/\/artbusinessclub.eu\/en\/vasarlasi-tudnivalok\/\" \/>\n<meta property=\"og:site_name\" content=\"Art Business Club M\u0171kereskedelmi Kft.\" \/>\n<meta property=\"article:modified_time\" content=\"2021-05-31T07:31:33+00:00\" \/>\n<meta name=\"twitter:card\" content=\"summary_large_image\" \/>\n<meta name=\"twitter:label1\" content=\"Est. reading time\" \/>\n\t<meta name=\"twitter:data1\" content=\"2 minutes\" \/>\n<script type=\"application\/ld+json\" class=\"yoast-schema-graph\">{\"@context\":\"https:\\\/\\\/schema.org\",\"@graph\":[{\"@type\":\"WebPage\",\"@id\":\"https:\\\/\\\/artbusinessclub.eu\\\/vasarlasi-tudnivalok\\\/\",\"url\":\"https:\\\/\\\/artbusinessclub.eu\\\/vasarlasi-tudnivalok\\\/\",\"name\":\"Fontos v\u00e1s\u00e1rl\u00e1si tudnival\u00f3k - Art Business Club M\u0171kereskedelmi Kft.\",\"isPartOf\":{\"@id\":\"https:\\\/\\\/artbusinessclub.eu\\\/en\\\/#website\"},\"datePublished\":\"2021-05-09T16:37:58+00:00\",\"dateModified\":\"2021-05-31T07:31:33+00:00\",\"description\":\"M\u0171alkot\u00e1sok eredetis\u00e9ge C\u00e9g\u00fcnk a jelen webshopon kereszt\u00fcl \u00fcgyn\u00f6ki tev\u00e9kenys\u00e9get - bizom\u00e1nyi \u00e9rt\u00e9kes\u00edt\u00e9st folytat. K\u00f6zvet\u00edt\u0151k\u00e9nt a m\u0171alkot\u00e1sok\",\"breadcrumb\":{\"@id\":\"https:\\\/\\\/artbusinessclub.eu\\\/vasarlasi-tudnivalok\\\/#breadcrumb\"},\"inLanguage\":\"en-US\",\"potentialAction\":[{\"@type\":\"ReadAction\",\"target\":[\"https:\\\/\\\/artbusinessclub.eu\\\/vasarlasi-tudnivalok\\\/\"]}]},{\"@type\":\"BreadcrumbList\",\"@id\":\"https:\\\/\\\/artbusinessclub.eu\\\/vasarlasi-tudnivalok\\\/#breadcrumb\",\"itemListElement\":[{\"@type\":\"ListItem\",\"position\":1,\"name\":\"Kezd\u0151lap\",\"item\":\"https:\\\/\\\/artbusinessclub.eu\\\/\"},{\"@type\":\"ListItem\",\"position\":2,\"name\":\"Fontos v\u00e1s\u00e1rl\u00e1si tudnival\u00f3k\"}]},{\"@type\":\"WebSite\",\"@id\":\"https:\\\/\\\/artbusinessclub.eu\\\/en\\\/#website\",\"url\":\"https:\\\/\\\/artbusinessclub.eu\\\/en\\\/\",\"name\":\"Art Business Club M\u0171kereskedelmi Kft.\",\"description\":\"Fektesse p\u00e9nz\u00e9t festm\u00e9nyekbe!\",\"publisher\":{\"@id\":\"https:\\\/\\\/artbusinessclub.eu\\\/en\\\/#organization\"},\"potentialAction\":[{\"@type\":\"SearchAction\",\"target\":{\"@type\":\"EntryPoint\",\"urlTemplate\":\"https:\\\/\\\/artbusinessclub.eu\\\/en\\\/?s={search_term_string}\"},\"query-input\":{\"@type\":\"PropertyValueSpecification\",\"valueRequired\":true,\"valueName\":\"search_term_string\"}}],\"inLanguage\":\"en-US\"},{\"@type\":\"Organization\",\"@id\":\"https:\\\/\\\/artbusinessclub.eu\\\/en\\\/#organization\",\"name\":\"ART BUSINESS CLUB M\u0171kereskedelmi Kft.\",\"url\":\"https:\\\/\\\/artbusinessclub.eu\\\/en\\\/\",\"logo\":{\"@type\":\"ImageObject\",\"inLanguage\":\"en-US\",\"@id\":\"https:\\\/\\\/artbusinessclub.eu\\\/en\\\/#\\\/schema\\\/logo\\\/image\\\/\",\"url\":\"https:\\\/\\\/artbusinessclub.eu\\\/wp-content\\\/uploads\\\/2021\\\/04\\\/artbusiness01.png\",\"contentUrl\":\"https:\\\/\\\/artbusinessclub.eu\\\/wp-content\\\/uploads\\\/2021\\\/04\\\/artbusiness01.png\",\"width\":1456,\"height\":323,\"caption\":\"ART BUSINESS CLUB M\u0171kereskedelmi Kft.\"},\"image\":{\"@id\":\"https:\\\/\\\/artbusinessclub.eu\\\/en\\\/#\\\/schema\\\/logo\\\/image\\\/\"}}]}<\/script>\n<!-- \/ Yoast SEO plugin. -->","yoast_head_json":{"title":"Fontos v\u00e1s\u00e1rl\u00e1si tudnival\u00f3k - Art Business Club M\u0171kereskedelmi Kft.","description":"M\u0171alkot\u00e1sok eredetis\u00e9ge C\u00e9g\u00fcnk a jelen webshopon kereszt\u00fcl \u00fcgyn\u00f6ki tev\u00e9kenys\u00e9get - bizom\u00e1nyi \u00e9rt\u00e9kes\u00edt\u00e9st folytat. K\u00f6zvet\u00edt\u0151k\u00e9nt a m\u0171alkot\u00e1sok","robots":{"index":"index","follow":"follow","max-snippet":"max-snippet:-1","max-image-preview":"max-image-preview:large","max-video-preview":"max-video-preview:-1"},"canonical":"https:\/\/artbusinessclub.eu\/en\/vasarlasi-tudnivalok\/","og_locale":"en_US","og_type":"article","og_title":"Fontos v\u00e1s\u00e1rl\u00e1si tudnival\u00f3k - Art Business Club M\u0171kereskedelmi Kft.","og_description":"M\u0171alkot\u00e1sok eredetis\u00e9ge C\u00e9g\u00fcnk a jelen webshopon kereszt\u00fcl \u00fcgyn\u00f6ki tev\u00e9kenys\u00e9get - bizom\u00e1nyi \u00e9rt\u00e9kes\u00edt\u00e9st folytat. K\u00f6zvet\u00edt\u0151k\u00e9nt a m\u0171alkot\u00e1sok","og_url":"https:\/\/artbusinessclub.eu\/en\/vasarlasi-tudnivalok\/","og_site_name":"Art Business Club M\u0171kereskedelmi Kft.","article_modified_time":"2021-05-31T07:31:33+00:00","twitter_card":"summary_large_image","twitter_misc":{"Est. reading time":"2 minutes"},"schema":{"@context":"https:\/\/schema.org","@graph":[{"@type":"WebPage","@id":"https:\/\/artbusinessclub.eu\/vasarlasi-tudnivalok\/","url":"https:\/\/artbusinessclub.eu\/vasarlasi-tudnivalok\/","name":"Fontos v\u00e1s\u00e1rl\u00e1si tudnival\u00f3k - Art Business Club M\u0171kereskedelmi Kft.","isPartOf":{"@id":"https:\/\/artbusinessclub.eu\/en\/#website"},"datePublished":"2021-05-09T16:37:58+00:00","dateModified":"2021-05-31T07:31:33+00:00","description":"M\u0171alkot\u00e1sok eredetis\u00e9ge C\u00e9g\u00fcnk a jelen webshopon kereszt\u00fcl \u00fcgyn\u00f6ki tev\u00e9kenys\u00e9get - bizom\u00e1nyi \u00e9rt\u00e9kes\u00edt\u00e9st folytat. K\u00f6zvet\u00edt\u0151k\u00e9nt a m\u0171alkot\u00e1sok","breadcrumb":{"@id":"https:\/\/artbusinessclub.eu\/vasarlasi-tudnivalok\/#breadcrumb"},"inLanguage":"en-US","potentialAction":[{"@type":"ReadAction","target":["https:\/\/artbusinessclub.eu\/vasarlasi-tudnivalok\/"]}]},{"@type":"BreadcrumbList","@id":"https:\/\/artbusinessclub.eu\/vasarlasi-tudnivalok\/#breadcrumb","itemListElement":[{"@type":"ListItem","position":1,"name":"Kezd\u0151lap","item":"https:\/\/artbusinessclub.eu\/"},{"@type":"ListItem","position":2,"name":"Fontos v\u00e1s\u00e1rl\u00e1si tudnival\u00f3k"}]},{"@type":"WebSite","@id":"https:\/\/artbusinessclub.eu\/en\/#website","url":"https:\/\/artbusinessclub.eu\/en\/","name":"Art Business Club Art Trading Ltd.","description":"Invest your money in paintings!","publisher":{"@id":"https:\/\/artbusinessclub.eu\/en\/#organization"},"potentialAction":[{"@type":"SearchAction","target":{"@type":"EntryPoint","urlTemplate":"https:\/\/artbusinessclub.eu\/en\/?s={search_term_string}"},"query-input":{"@type":"PropertyValueSpecification","valueRequired":true,"valueName":"search_term_string"}}],"inLanguage":"en-US"},{"@type":"Organization","@id":"https:\/\/artbusinessclub.eu\/en\/#organization","name":"ART BUSINESS CLUB Art Trading Ltd.","url":"https:\/\/artbusinessclub.eu\/en\/","logo":{"@type":"ImageObject","inLanguage":"en-US","@id":"https:\/\/artbusinessclub.eu\/en\/#\/schema\/logo\/image\/","url":"https:\/\/artbusinessclub.eu\/wp-content\/uploads\/2021\/04\/artbusiness01.png","contentUrl":"https:\/\/artbusinessclub.eu\/wp-content\/uploads\/2021\/04\/artbusiness01.png","width":1456,"height":323,"caption":"ART BUSINESS CLUB M\u0171kereskedelmi Kft."},"image":{"@id":"https:\/\/artbusinessclub.eu\/en\/#\/schema\/logo\/image\/"}}]}},"_links":{"self":[{"href":"https:\/\/artbusinessclub.eu\/en\/wp-json\/wp\/v2\/pages\/7079","targetHints":{"allow":["GET"]}}],"collection":[{"href":"https:\/\/artbusinessclub.eu\/en\/wp-json\/wp\/v2\/pages"}],"about":[{"href":"https:\/\/artbusinessclub.eu\/en\/wp-json\/wp\/v2\/types\/page"}],"author":[{"embeddable":true,"href":"https:\/\/artbusinessclub.eu\/en\/wp-json\/wp\/v2\/users\/1"}],"replies":[{"embeddable":true,"href":"https:\/\/artbusinessclub.eu\/en\/wp-json\/wp\/v2\/comments?post=7079"}],"version-history":[{"count":15,"href":"https:\/\/artbusinessclub.eu\/en\/wp-json\/wp\/v2\/pages\/7079\/revisions"}],"predecessor-version":[{"id":7406,"href":"https:\/\/artbusinessclub.eu\/en\/wp-json\/wp\/v2\/pages\/7079\/revisions\/7406"}],"wp:attachment":[{"href":"https:\/\/artbusinessclub.eu\/en\/wp-json\/wp\/v2\/media?parent=7079"}],"curies":[{"name":"wp","href":"https:\/\/api.w.org\/{rel}","templated":true}]}}