{"id":11161,"date":"2021-07-27T19:05:47","date_gmt":"2021-07-27T19:05:47","guid":{"rendered":"https:\/\/artbusinessclub.eu\/?post_type=product&#038;p=11161"},"modified":"2025-01-01T19:39:00","modified_gmt":"2025-01-01T19:39:00","slug":"horkay-istvan-1945-szureti-mulatsag","status":"publish","type":"product","link":"https:\/\/artbusinessclub.eu\/en\/product\/horkay-istvan-1945-szureti-mulatsag\/","title":{"rendered":"Istv\u00e1n Horkay (1945- ) Harvest fun"},"content":{"rendered":"<p><strong>1661<\/strong><\/p>\n<p><strong>Horkay Istv\u00e1n (1945- )<\/strong><\/p>\n<p><strong>Sz\u00fcreti mulats\u00e1g<\/strong><\/p>\n<p>Tal\u00e1n litogr\u00e1fia, karton<\/p>\n<p>Becs\u00fclt kor: 1980-90-es \u00e9vek tal\u00e1n<\/p>\n<p>Signed at the bottom right: <em>Horkay Istv\u00e1n\u00a0\u00a0 <\/em>At the bottom left: <em>Sz\u00fcreti mulats\u00e1g<br \/>\n<\/em><\/p>\n<p>M\u00e9rete: 40 x 57,5 cm<\/p>","protected":false},"excerpt":{"rendered":"<p>Gy\u00f6ny\u00f6r\u0171en elk\u00e9sz\u00edtett grafikai alkot\u00e1s, tal\u00e1n sz\u00ednezett litogr\u00e1fia (v\u00f6r\u00f6ses sz\u00ednvil\u00e1gban) <strong>Horkay Istv\u00e1n (1945- )<\/strong> h\u00edres magyar grafikusm\u0171v\u00e9szt\u0151l, amely csak egy j\u00f3 keretez\u00e9sre \u00e9s gy\u0171jt\u0151re v\u00e1r.<\/p>\n<div class=\"woocommerce-product-details__short-description\">\n<div>\u2014\u2014\u2014\u2014\u2014\u2014\u2014\u2014\u2014\u2014\u2014\u2014\u2014\u2014\u2014\u2014\u2014\u2014\u2014\u2014\u2014\u2014\u2014\u2014\u2014\u2014\u2014\u2014\u2014\u2014\u2014\u2014\u2014\u2014\u2014\u2014\u2014\u2014\u2014<\/div>\n<div class=\"woocommerce-product-details__short-description\">\n<div class=\"woocommerce-product-details__short-description\">\n<div class=\"woocommerce-product-details__short-description\">\n<div class=\"woocommerce-product-details__short-description\">\n<div class=\"woocommerce-product-details__short-description\">\n<div class=\"woocommerce-product-details__short-description\">\n<div class=\"woocommerce-product-details__short-description\">\n<div class=\"woocommerce-product-details__short-description\">\n<p>MAKE AN OFFER! Send us your offer to\u00a0<strong><em>offer@artbusinessclub.eu<\/em>\u00a0<\/strong>e-mail address!<\/p>\n<\/div>\n<\/div>\n<\/div>\n<\/div>\n<\/div>\n<\/div>\n<\/div>\n<\/div>\n<\/div>","protected":false},"featured_media":54633,"template":"","meta":{"site-sidebar-layout":"default","site-content-layout":"default","ast-site-content-layout":"default","site-content-style":"default","site-sidebar-style":"default","ast-global-header-display":"","ast-banner-title-visibility":"","ast-main-header-display":"","ast-hfb-above-header-display":"","ast-hfb-below-header-display":"","ast-hfb-mobile-header-display":"","site-post-title":"","ast-breadcrumbs-content":"","ast-featured-img":"","footer-sml-layout":"","ast-disable-related-posts":"","theme-transparent-header-meta":"default","adv-header-id-meta":"","stick-header-meta":"","header-above-stick-meta":"","header-main-stick-meta":"","header-below-stick-meta":"","astra-migrate-meta-layouts":"set","ast-page-background-enabled":"default","ast-page-background-meta":{"desktop":{"background-color":"","background-image":"","background-repeat":"repeat","background-position":"center center","background-size":"auto","background-attachment":"scroll","background-type":"","background-media":"","overlay-type":"","overlay-color":"","overlay-opacity":"","overlay-gradient":""},"tablet":{"background-color":"","background-image":"","background-repeat":"repeat","background-position":"center center","background-size":"auto","background-attachment":"scroll","background-type":"","background-media":"","overlay-type":"","overlay-color":"","overlay-opacity":"","overlay-gradient":""},"mobile":{"background-color":"","background-image":"","background-repeat":"repeat","background-position":"center center","background-size":"auto","background-attachment":"scroll","background-type":"","background-media":"","overlay-type":"","overlay-color":"","overlay-opacity":"","overlay-gradient":""}},"ast-content-background-meta":{"desktop":{"background-color":"var(--ast-global-color-5)","background-image":"","background-repeat":"repeat","background-position":"center center","background-size":"auto","background-attachment":"scroll","background-type":"","background-media":"","overlay-type":"","overlay-color":"","overlay-opacity":"","overlay-gradient":""},"tablet":{"background-color":"var(--ast-global-color-5)","background-image":"","background-repeat":"repeat","background-position":"center center","background-size":"auto","background-attachment":"scroll","background-type":"","background-media":"","overlay-type":"","overlay-color":"","overlay-opacity":"","overlay-gradient":""},"mobile":{"background-color":"var(--ast-global-color-5)","background-image":"","background-repeat":"repeat","background-position":"center center","background-size":"auto","background-attachment":"scroll","background-type":"","background-media":"","overlay-type":"","overlay-color":"","overlay-opacity":"","overlay-gradient":""}}},"product_brand":[],"product_cat":[69],"product_tag":[],"class_list":{"0":"post-11161","1":"product","2":"type-product","3":"status-publish","4":"has-post-thumbnail","6":"product_cat-grafikak","7":"desktop-align-left","8":"tablet-align-left","9":"mobile-align-left","10":"ast-product-gallery-layout-horizontal-slider","11":"ast-product-tabs-layout-horizontal","13":"first","14":"instock","15":"sold-individually","16":"taxable","17":"shipping-taxable","18":"purchasable","19":"product-type-simple"},"yoast_head":"<!-- This site is optimized with the Yoast SEO plugin v27.4 - https:\/\/yoast.com\/product\/yoast-seo-wordpress\/ -->\n<title>Horkay Istv\u00e1n (1945- ) Sz\u00fcreti mulats\u00e1g - Art Business Club M\u0171kereskedelmi Kft.<\/title>\n<meta name=\"description\" content=\"Gy\u00f6ny\u00f6r\u0171en elk\u00e9sz\u00edtett grafikai alkot\u00e1s, tal\u00e1n sz\u00ednezett litogr\u00e1fia (v\u00f6r\u00f6ses sz\u00ednvil\u00e1gban) Horkay Istv\u00e1n (1945- ) h\u00edres magyar grafikusm\u0171v\u00e9szt\u0151l, amely csak egy j\u00f3 keretez\u00e9sre \u00e9s gy\u0171jt\u0151re v\u00e1r.  \u2014\u2014\u2014\u2014\u2014\u2014\u2014\u2014\u2014\u2014\u2014\u2014\u2014\u2014\u2014\u2014\u2014\u2014\u2014\u2014\u2014\u2014\u2014\u2014\u2014\u2014\u2014\u2014\u2014\u2014\u2014\u2014\u2014\u2014\u2014\u2014\u2014\u2014\u2014          V\u00c1RJUK AJ\u00c1NLAT\u00c1T! K\u00fcldje el aj\u00e1nlat\u00e1t az\u00a0ajanlat@artbusinessclub.eu\u00a0e-mail c\u00edmre!\" \/>\n<meta name=\"robots\" content=\"index, follow, max-snippet:-1, max-image-preview:large, max-video-preview:-1\" \/>\n<link rel=\"canonical\" href=\"https:\/\/artbusinessclub.eu\/en\/product\/horkay-istvan-1945-szureti-mulatsag\/\" \/>\n<meta property=\"og:locale\" content=\"en_US\" \/>\n<meta property=\"og:type\" content=\"article\" \/>\n<meta property=\"og:title\" content=\"Horkay Istv\u00e1n (1945- ) Sz\u00fcreti mulats\u00e1g - Art Business Club M\u0171kereskedelmi Kft.\" \/>\n<meta property=\"og:description\" content=\"Gy\u00f6ny\u00f6r\u0171en elk\u00e9sz\u00edtett grafikai alkot\u00e1s, tal\u00e1n sz\u00ednezett litogr\u00e1fia (v\u00f6r\u00f6ses sz\u00ednvil\u00e1gban) Horkay Istv\u00e1n (1945- ) h\u00edres magyar grafikusm\u0171v\u00e9szt\u0151l, amely csak egy j\u00f3 keretez\u00e9sre \u00e9s gy\u0171jt\u0151re v\u00e1r.  \u2014\u2014\u2014\u2014\u2014\u2014\u2014\u2014\u2014\u2014\u2014\u2014\u2014\u2014\u2014\u2014\u2014\u2014\u2014\u2014\u2014\u2014\u2014\u2014\u2014\u2014\u2014\u2014\u2014\u2014\u2014\u2014\u2014\u2014\u2014\u2014\u2014\u2014\u2014          V\u00c1RJUK AJ\u00c1NLAT\u00c1T! K\u00fcldje el aj\u00e1nlat\u00e1t az\u00a0ajanlat@artbusinessclub.eu\u00a0e-mail c\u00edmre!\" \/>\n<meta property=\"og:url\" content=\"https:\/\/artbusinessclub.eu\/en\/product\/horkay-istvan-1945-szureti-mulatsag\/\" \/>\n<meta property=\"og:site_name\" content=\"Art Business Club M\u0171kereskedelmi Kft.\" \/>\n<meta property=\"article:modified_time\" content=\"2025-01-01T19:39:00+00:00\" \/>\n<meta property=\"og:image\" content=\"https:\/\/artbusinessclub.eu\/wp-content\/uploads\/2021\/07\/1661-front2.jpg\" \/>\n\t<meta property=\"og:image:width\" content=\"2400\" \/>\n\t<meta property=\"og:image:height\" content=\"2400\" \/>\n\t<meta property=\"og:image:type\" content=\"image\/jpeg\" \/>\n<meta name=\"twitter:card\" content=\"summary_large_image\" \/>\n<meta name=\"twitter:label1\" content=\"Est. reading time\" \/>\n\t<meta name=\"twitter:data1\" content=\"1 minute\" \/>\n<script type=\"application\/ld+json\" class=\"yoast-schema-graph\">{\"@context\":\"https:\\\/\\\/schema.org\",\"@graph\":[{\"@type\":\"WebPage\",\"@id\":\"https:\\\/\\\/artbusinessclub.eu\\\/termek\\\/horkay-istvan-1945-szureti-mulatsag\\\/\",\"url\":\"https:\\\/\\\/artbusinessclub.eu\\\/termek\\\/horkay-istvan-1945-szureti-mulatsag\\\/\",\"name\":\"Horkay Istv\u00e1n (1945- ) Sz\u00fcreti mulats\u00e1g - Art Business Club M\u0171kereskedelmi Kft.\",\"isPartOf\":{\"@id\":\"https:\\\/\\\/artbusinessclub.eu\\\/en\\\/#website\"},\"primaryImageOfPage\":{\"@id\":\"https:\\\/\\\/artbusinessclub.eu\\\/termek\\\/horkay-istvan-1945-szureti-mulatsag\\\/#primaryimage\"},\"image\":{\"@id\":\"https:\\\/\\\/artbusinessclub.eu\\\/termek\\\/horkay-istvan-1945-szureti-mulatsag\\\/#primaryimage\"},\"thumbnailUrl\":\"https:\\\/\\\/artbusinessclub.eu\\\/wp-content\\\/uploads\\\/2021\\\/07\\\/1661-front2.jpg\",\"datePublished\":\"2021-07-27T19:05:47+00:00\",\"dateModified\":\"2025-01-01T19:39:00+00:00\",\"description\":\"Gy\u00f6ny\u00f6r\u0171en elk\u00e9sz\u00edtett grafikai alkot\u00e1s, tal\u00e1n sz\u00ednezett litogr\u00e1fia (v\u00f6r\u00f6ses sz\u00ednvil\u00e1gban) Horkay Istv\u00e1n (1945- ) h\u00edres magyar grafikusm\u0171v\u00e9szt\u0151l, amely csak egy j\u00f3 keretez\u00e9sre \u00e9s gy\u0171jt\u0151re v\u00e1r. \u2014\u2014\u2014\u2014\u2014\u2014\u2014\u2014\u2014\u2014\u2014\u2014\u2014\u2014\u2014\u2014\u2014\u2014\u2014\u2014\u2014\u2014\u2014\u2014\u2014\u2014\u2014\u2014\u2014\u2014\u2014\u2014\u2014\u2014\u2014\u2014\u2014\u2014\u2014 V\u00c1RJUK AJ\u00c1NLAT\u00c1T! K\u00fcldje el aj\u00e1nlat\u00e1t az\u00a0ajanlat@artbusinessclub.eu\u00a0e-mail c\u00edmre!\",\"breadcrumb\":{\"@id\":\"https:\\\/\\\/artbusinessclub.eu\\\/termek\\\/horkay-istvan-1945-szureti-mulatsag\\\/#breadcrumb\"},\"inLanguage\":\"en-US\",\"potentialAction\":[{\"@type\":\"ReadAction\",\"target\":[\"https:\\\/\\\/artbusinessclub.eu\\\/termek\\\/horkay-istvan-1945-szureti-mulatsag\\\/\"]}]},{\"@type\":\"ImageObject\",\"inLanguage\":\"en-US\",\"@id\":\"https:\\\/\\\/artbusinessclub.eu\\\/termek\\\/horkay-istvan-1945-szureti-mulatsag\\\/#primaryimage\",\"url\":\"https:\\\/\\\/artbusinessclub.eu\\\/wp-content\\\/uploads\\\/2021\\\/07\\\/1661-front2.jpg\",\"contentUrl\":\"https:\\\/\\\/artbusinessclub.eu\\\/wp-content\\\/uploads\\\/2021\\\/07\\\/1661-front2.jpg\",\"width\":2400,\"height\":2400},{\"@type\":\"BreadcrumbList\",\"@id\":\"https:\\\/\\\/artbusinessclub.eu\\\/termek\\\/horkay-istvan-1945-szureti-mulatsag\\\/#breadcrumb\",\"itemListElement\":[{\"@type\":\"ListItem\",\"position\":1,\"name\":\"Kezd\u0151lap\",\"item\":\"https:\\\/\\\/artbusinessclub.eu\\\/\"},{\"@type\":\"ListItem\",\"position\":2,\"name\":\"Webshop\",\"item\":\"https:\\\/\\\/artbusinessclub.eu\\\/webshop\\\/\"},{\"@type\":\"ListItem\",\"position\":3,\"name\":\"Horkay Istv\u00e1n (1945- ) Sz\u00fcreti mulats\u00e1g\"}]},{\"@type\":\"WebSite\",\"@id\":\"https:\\\/\\\/artbusinessclub.eu\\\/en\\\/#website\",\"url\":\"https:\\\/\\\/artbusinessclub.eu\\\/en\\\/\",\"name\":\"Art Business Club M\u0171kereskedelmi Kft.\",\"description\":\"Fektesse p\u00e9nz\u00e9t festm\u00e9nyekbe!\",\"publisher\":{\"@id\":\"https:\\\/\\\/artbusinessclub.eu\\\/en\\\/#organization\"},\"potentialAction\":[{\"@type\":\"SearchAction\",\"target\":{\"@type\":\"EntryPoint\",\"urlTemplate\":\"https:\\\/\\\/artbusinessclub.eu\\\/en\\\/?s={search_term_string}\"},\"query-input\":{\"@type\":\"PropertyValueSpecification\",\"valueRequired\":true,\"valueName\":\"search_term_string\"}}],\"inLanguage\":\"en-US\"},{\"@type\":\"Organization\",\"@id\":\"https:\\\/\\\/artbusinessclub.eu\\\/en\\\/#organization\",\"name\":\"ART BUSINESS CLUB M\u0171kereskedelmi Kft.\",\"url\":\"https:\\\/\\\/artbusinessclub.eu\\\/en\\\/\",\"logo\":{\"@type\":\"ImageObject\",\"inLanguage\":\"en-US\",\"@id\":\"https:\\\/\\\/artbusinessclub.eu\\\/en\\\/#\\\/schema\\\/logo\\\/image\\\/\",\"url\":\"https:\\\/\\\/artbusinessclub.eu\\\/wp-content\\\/uploads\\\/2021\\\/04\\\/artbusiness01.png\",\"contentUrl\":\"https:\\\/\\\/artbusinessclub.eu\\\/wp-content\\\/uploads\\\/2021\\\/04\\\/artbusiness01.png\",\"width\":1456,\"height\":323,\"caption\":\"ART BUSINESS CLUB M\u0171kereskedelmi Kft.\"},\"image\":{\"@id\":\"https:\\\/\\\/artbusinessclub.eu\\\/en\\\/#\\\/schema\\\/logo\\\/image\\\/\"}}]}<\/script>\n<!-- \/ Yoast SEO plugin. -->","yoast_head_json":{"title":"Horkay Istv\u00e1n (1945- ) Sz\u00fcreti mulats\u00e1g - Art Business Club M\u0171kereskedelmi Kft.","description":"Gy\u00f6ny\u00f6r\u0171en elk\u00e9sz\u00edtett grafikai alkot\u00e1s, tal\u00e1n sz\u00ednezett litogr\u00e1fia (v\u00f6r\u00f6ses sz\u00ednvil\u00e1gban) Horkay Istv\u00e1n (1945- ) h\u00edres magyar grafikusm\u0171v\u00e9szt\u0151l, amely csak egy j\u00f3 keretez\u00e9sre \u00e9s gy\u0171jt\u0151re v\u00e1r.  \u2014\u2014\u2014\u2014\u2014\u2014\u2014\u2014\u2014\u2014\u2014\u2014\u2014\u2014\u2014\u2014\u2014\u2014\u2014\u2014\u2014\u2014\u2014\u2014\u2014\u2014\u2014\u2014\u2014\u2014\u2014\u2014\u2014\u2014\u2014\u2014\u2014\u2014\u2014          V\u00c1RJUK AJ\u00c1NLAT\u00c1T! K\u00fcldje el aj\u00e1nlat\u00e1t az\u00a0ajanlat@artbusinessclub.eu\u00a0e-mail c\u00edmre!","robots":{"index":"index","follow":"follow","max-snippet":"max-snippet:-1","max-image-preview":"max-image-preview:large","max-video-preview":"max-video-preview:-1"},"canonical":"https:\/\/artbusinessclub.eu\/en\/product\/horkay-istvan-1945-szureti-mulatsag\/","og_locale":"en_US","og_type":"article","og_title":"Horkay Istv\u00e1n (1945- ) Sz\u00fcreti mulats\u00e1g - Art Business Club M\u0171kereskedelmi Kft.","og_description":"Gy\u00f6ny\u00f6r\u0171en elk\u00e9sz\u00edtett grafikai alkot\u00e1s, tal\u00e1n sz\u00ednezett litogr\u00e1fia (v\u00f6r\u00f6ses sz\u00ednvil\u00e1gban) Horkay Istv\u00e1n (1945- ) h\u00edres magyar grafikusm\u0171v\u00e9szt\u0151l, amely csak egy j\u00f3 keretez\u00e9sre \u00e9s gy\u0171jt\u0151re v\u00e1r.  \u2014\u2014\u2014\u2014\u2014\u2014\u2014\u2014\u2014\u2014\u2014\u2014\u2014\u2014\u2014\u2014\u2014\u2014\u2014\u2014\u2014\u2014\u2014\u2014\u2014\u2014\u2014\u2014\u2014\u2014\u2014\u2014\u2014\u2014\u2014\u2014\u2014\u2014\u2014          V\u00c1RJUK AJ\u00c1NLAT\u00c1T! K\u00fcldje el aj\u00e1nlat\u00e1t az\u00a0ajanlat@artbusinessclub.eu\u00a0e-mail c\u00edmre!","og_url":"https:\/\/artbusinessclub.eu\/en\/product\/horkay-istvan-1945-szureti-mulatsag\/","og_site_name":"Art Business Club M\u0171kereskedelmi Kft.","article_modified_time":"2025-01-01T19:39:00+00:00","og_image":[{"width":2400,"height":2400,"url":"https:\/\/artbusinessclub.eu\/wp-content\/uploads\/2021\/07\/1661-front2.jpg","type":"image\/jpeg"}],"twitter_card":"summary_large_image","twitter_misc":{"Est. reading time":"1 minute"},"schema":{"@context":"https:\/\/schema.org","@graph":[{"@type":"WebPage","@id":"https:\/\/artbusinessclub.eu\/termek\/horkay-istvan-1945-szureti-mulatsag\/","url":"https:\/\/artbusinessclub.eu\/termek\/horkay-istvan-1945-szureti-mulatsag\/","name":"Horkay Istv\u00e1n (1945- ) Sz\u00fcreti mulats\u00e1g - Art Business Club M\u0171kereskedelmi Kft.","isPartOf":{"@id":"https:\/\/artbusinessclub.eu\/en\/#website"},"primaryImageOfPage":{"@id":"https:\/\/artbusinessclub.eu\/termek\/horkay-istvan-1945-szureti-mulatsag\/#primaryimage"},"image":{"@id":"https:\/\/artbusinessclub.eu\/termek\/horkay-istvan-1945-szureti-mulatsag\/#primaryimage"},"thumbnailUrl":"https:\/\/artbusinessclub.eu\/wp-content\/uploads\/2021\/07\/1661-front2.jpg","datePublished":"2021-07-27T19:05:47+00:00","dateModified":"2025-01-01T19:39:00+00:00","description":"Gy\u00f6ny\u00f6r\u0171en elk\u00e9sz\u00edtett grafikai alkot\u00e1s, tal\u00e1n sz\u00ednezett litogr\u00e1fia (v\u00f6r\u00f6ses sz\u00ednvil\u00e1gban) Horkay Istv\u00e1n (1945- ) h\u00edres magyar grafikusm\u0171v\u00e9szt\u0151l, amely csak egy j\u00f3 keretez\u00e9sre \u00e9s gy\u0171jt\u0151re v\u00e1r. \u2014\u2014\u2014\u2014\u2014\u2014\u2014\u2014\u2014\u2014\u2014\u2014\u2014\u2014\u2014\u2014\u2014\u2014\u2014\u2014\u2014\u2014\u2014\u2014\u2014\u2014\u2014\u2014\u2014\u2014\u2014\u2014\u2014\u2014\u2014\u2014\u2014\u2014\u2014 V\u00c1RJUK AJ\u00c1NLAT\u00c1T! K\u00fcldje el aj\u00e1nlat\u00e1t az\u00a0ajanlat@artbusinessclub.eu\u00a0e-mail c\u00edmre!","breadcrumb":{"@id":"https:\/\/artbusinessclub.eu\/termek\/horkay-istvan-1945-szureti-mulatsag\/#breadcrumb"},"inLanguage":"en-US","potentialAction":[{"@type":"ReadAction","target":["https:\/\/artbusinessclub.eu\/termek\/horkay-istvan-1945-szureti-mulatsag\/"]}]},{"@type":"ImageObject","inLanguage":"en-US","@id":"https:\/\/artbusinessclub.eu\/termek\/horkay-istvan-1945-szureti-mulatsag\/#primaryimage","url":"https:\/\/artbusinessclub.eu\/wp-content\/uploads\/2021\/07\/1661-front2.jpg","contentUrl":"https:\/\/artbusinessclub.eu\/wp-content\/uploads\/2021\/07\/1661-front2.jpg","width":2400,"height":2400},{"@type":"BreadcrumbList","@id":"https:\/\/artbusinessclub.eu\/termek\/horkay-istvan-1945-szureti-mulatsag\/#breadcrumb","itemListElement":[{"@type":"ListItem","position":1,"name":"Kezd\u0151lap","item":"https:\/\/artbusinessclub.eu\/"},{"@type":"ListItem","position":2,"name":"Webshop","item":"https:\/\/artbusinessclub.eu\/webshop\/"},{"@type":"ListItem","position":3,"name":"Horkay Istv\u00e1n (1945- ) Sz\u00fcreti mulats\u00e1g"}]},{"@type":"WebSite","@id":"https:\/\/artbusinessclub.eu\/en\/#website","url":"https:\/\/artbusinessclub.eu\/en\/","name":"Art Business Club Art Trading Ltd.","description":"Invest your money in paintings!","publisher":{"@id":"https:\/\/artbusinessclub.eu\/en\/#organization"},"potentialAction":[{"@type":"SearchAction","target":{"@type":"EntryPoint","urlTemplate":"https:\/\/artbusinessclub.eu\/en\/?s={search_term_string}"},"query-input":{"@type":"PropertyValueSpecification","valueRequired":true,"valueName":"search_term_string"}}],"inLanguage":"en-US"},{"@type":"Organization","@id":"https:\/\/artbusinessclub.eu\/en\/#organization","name":"ART BUSINESS CLUB Art Trading Ltd.","url":"https:\/\/artbusinessclub.eu\/en\/","logo":{"@type":"ImageObject","inLanguage":"en-US","@id":"https:\/\/artbusinessclub.eu\/en\/#\/schema\/logo\/image\/","url":"https:\/\/artbusinessclub.eu\/wp-content\/uploads\/2021\/04\/artbusiness01.png","contentUrl":"https:\/\/artbusinessclub.eu\/wp-content\/uploads\/2021\/04\/artbusiness01.png","width":1456,"height":323,"caption":"ART BUSINESS CLUB M\u0171kereskedelmi Kft."},"image":{"@id":"https:\/\/artbusinessclub.eu\/en\/#\/schema\/logo\/image\/"}}]}},"_links":{"self":[{"href":"https:\/\/artbusinessclub.eu\/en\/wp-json\/wp\/v2\/product\/11161","targetHints":{"allow":["GET"]}}],"collection":[{"href":"https:\/\/artbusinessclub.eu\/en\/wp-json\/wp\/v2\/product"}],"about":[{"href":"https:\/\/artbusinessclub.eu\/en\/wp-json\/wp\/v2\/types\/product"}],"wp:featuredmedia":[{"embeddable":true,"href":"https:\/\/artbusinessclub.eu\/en\/wp-json\/wp\/v2\/media\/54633"}],"wp:attachment":[{"href":"https:\/\/artbusinessclub.eu\/en\/wp-json\/wp\/v2\/media?parent=11161"}],"wp:term":[{"taxonomy":"product_brand","embeddable":true,"href":"https:\/\/artbusinessclub.eu\/en\/wp-json\/wp\/v2\/product_brand?post=11161"},{"taxonomy":"product_cat","embeddable":true,"href":"https:\/\/artbusinessclub.eu\/en\/wp-json\/wp\/v2\/product_cat?post=11161"},{"taxonomy":"product_tag","embeddable":true,"href":"https:\/\/artbusinessclub.eu\/en\/wp-json\/wp\/v2\/product_tag?post=11161"}],"curies":[{"name":"wp","href":"https:\/\/api.w.org\/{rel}","templated":true}]}}