{"id":12972,"date":"2021-10-01T07:37:21","date_gmt":"2021-10-01T07:37:21","guid":{"rendered":"https:\/\/artbusinessclub.eu\/?post_type=product&#038;p=12972"},"modified":"2023-02-07T08:00:11","modified_gmt":"2023-02-07T08:00:11","slug":"asztali-kompozicio-sarga-rozsaval-ii","status":"publish","type":"product","link":"https:\/\/artbusinessclub.eu\/en\/product\/asztali-kompozicio-sarga-rozsaval-ii\/","title":{"rendered":"Table composition with yellow rose II. - Artist awaiting identification"},"content":{"rendered":"<p><strong>1424<\/strong><\/p>\n<p class=\"f1 pt0\"><strong class=\"font_merriweather\"><strong>Asztali kompoz\u00edci\u00f3 s\u00e1rga r\u00f3zs\u00e1val II.<\/strong><\/strong><\/p>\n<p>Oil on canvas<\/p>\n<p>Becs\u00fclt kor: 1800-as \u00e9vek v\u00e9ge &#8211; 1900-as \u00e9vek eleje<\/p>\n<p>Not signed<\/p>\n<p>M\u00e9rete: 50 x 61 cm<\/p>","protected":false},"excerpt":{"rendered":"<p>R\u00e9gi, kvalit\u00e1sosan megfestett csend\u00e9let \u00e1br\u00e1zol\u00e1s, olaj-v\u00e1szon alkot\u00e1s, amely csak egy sz\u00e9p, vastag, antik keretez\u00e9sre v\u00e1r \u00e9s persze egy m\u0171\u00e9rt\u0151 befektet\u0151re! <strong>Gy\u0171jt\u0151i darab!<\/strong><\/p>\n<div class=\"woocommerce-product-details__short-description\">\n<div class=\"woocommerce-product-details__short-description\">\u2014\u2014\u2014\u2014\u2014\u2014\u2014\u2014\u2014\u2014\u2014\u2014\u2014\u2014\u2014\u2014\u2014\u2014\u2014\u2014\u2014\u2014\u2014\u2014\u2014\u2014\u2014\u2014\u2014\u2014\u2014\u2014\u2014\u2014\u2014\u2014\u2014\u2014\u2014\u2014<\/div>\n<div class=\"woocommerce-product-details__short-description\">\n<p>MAKE AN OFFER! Send us your offer to <strong><em>offer@artbusinessclub.eu<\/em> <\/strong>e-mail address!<\/p>\n<\/div>\n<\/div>\n<p>&nbsp;<\/p>","protected":false},"featured_media":27592,"template":"","meta":{"site-sidebar-layout":"default","site-content-layout":"default","ast-site-content-layout":"default","site-content-style":"default","site-sidebar-style":"default","ast-global-header-display":"","ast-banner-title-visibility":"","ast-main-header-display":"","ast-hfb-above-header-display":"","ast-hfb-below-header-display":"","ast-hfb-mobile-header-display":"","site-post-title":"","ast-breadcrumbs-content":"","ast-featured-img":"","footer-sml-layout":"","ast-disable-related-posts":"","theme-transparent-header-meta":"default","adv-header-id-meta":"","stick-header-meta":"","header-above-stick-meta":"","header-main-stick-meta":"","header-below-stick-meta":"","astra-migrate-meta-layouts":"default","ast-page-background-enabled":"default","ast-page-background-meta":{"desktop":{"background-color":"","background-image":"","background-repeat":"repeat","background-position":"center center","background-size":"auto","background-attachment":"scroll","background-type":"","background-media":"","overlay-type":"","overlay-color":"","overlay-opacity":"","overlay-gradient":""},"tablet":{"background-color":"","background-image":"","background-repeat":"repeat","background-position":"center center","background-size":"auto","background-attachment":"scroll","background-type":"","background-media":"","overlay-type":"","overlay-color":"","overlay-opacity":"","overlay-gradient":""},"mobile":{"background-color":"","background-image":"","background-repeat":"repeat","background-position":"center center","background-size":"auto","background-attachment":"scroll","background-type":"","background-media":"","overlay-type":"","overlay-color":"","overlay-opacity":"","overlay-gradient":""}},"ast-content-background-meta":{"desktop":{"background-color":"var(--ast-global-color-5)","background-image":"","background-repeat":"repeat","background-position":"center center","background-size":"auto","background-attachment":"scroll","background-type":"","background-media":"","overlay-type":"","overlay-color":"","overlay-opacity":"","overlay-gradient":""},"tablet":{"background-color":"var(--ast-global-color-5)","background-image":"","background-repeat":"repeat","background-position":"center center","background-size":"auto","background-attachment":"scroll","background-type":"","background-media":"","overlay-type":"","overlay-color":"","overlay-opacity":"","overlay-gradient":""},"mobile":{"background-color":"var(--ast-global-color-5)","background-image":"","background-repeat":"repeat","background-position":"center center","background-size":"auto","background-attachment":"scroll","background-type":"","background-media":"","overlay-type":"","overlay-color":"","overlay-opacity":"","overlay-gradient":""}}},"product_brand":[],"product_cat":[65],"product_tag":[],"class_list":{"0":"post-12972","1":"product","2":"type-product","3":"status-publish","4":"has-post-thumbnail","6":"product_cat-festmenyek","7":"pa_meret-kozepes-festmenyek-35-70-cm-tag","8":"desktop-align-left","9":"tablet-align-left","10":"mobile-align-left","11":"ast-product-gallery-layout-horizontal-slider","12":"ast-product-tabs-layout-horizontal","14":"first","15":"instock","16":"sold-individually","17":"taxable","18":"shipping-taxable","19":"purchasable","20":"product-type-simple"},"yoast_head":"<!-- This site is optimized with the Yoast SEO plugin v27.4 - https:\/\/yoast.com\/product\/yoast-seo-wordpress\/ -->\n<title>Asztali kompoz\u00edci\u00f3 s\u00e1rga r\u00f3zs\u00e1val II. - Beazonos\u00edt\u00e1sra v\u00e1r\u00f3 m\u0171v\u00e9sz - Art Business Club M\u0171kereskedelmi Kft.<\/title>\n<meta name=\"description\" content=\"R\u00e9gi, kvalit\u00e1sosan megfestett csend\u00e9let \u00e1br\u00e1zol\u00e1s, olaj-v\u00e1szon alkot\u00e1s, amely csak egy sz\u00e9p, vastag, antik keretez\u00e9sre v\u00e1r \u00e9s persze egy m\u0171\u00e9rt\u0151 befektet\u0151re! Gy\u0171jt\u0151i darab!  \u2014\u2014\u2014\u2014\u2014\u2014\u2014\u2014\u2014\u2014\u2014\u2014\u2014\u2014\u2014\u2014\u2014\u2014\u2014\u2014\u2014\u2014\u2014\u2014\u2014\u2014\u2014\u2014\u2014\u2014\u2014\u2014\u2014\u2014\u2014\u2014\u2014\u2014\u2014\u2014   V\u00c1RJUK AJ\u00c1NLAT\u00c1T! K\u00fcldje el aj\u00e1nlat\u00e1t az ajanlat@artbusinessclub.eu e-mail c\u00edmre!    &nbsp;\" \/>\n<meta name=\"robots\" content=\"index, follow, max-snippet:-1, max-image-preview:large, max-video-preview:-1\" \/>\n<link rel=\"canonical\" href=\"https:\/\/artbusinessclub.eu\/en\/product\/asztali-kompozicio-sarga-rozsaval-ii\/\" \/>\n<meta property=\"og:locale\" content=\"en_US\" \/>\n<meta property=\"og:type\" content=\"article\" \/>\n<meta property=\"og:title\" content=\"Asztali kompoz\u00edci\u00f3 s\u00e1rga r\u00f3zs\u00e1val II. - Beazonos\u00edt\u00e1sra v\u00e1r\u00f3 m\u0171v\u00e9sz - Art Business Club M\u0171kereskedelmi Kft.\" \/>\n<meta property=\"og:description\" content=\"R\u00e9gi, kvalit\u00e1sosan megfestett csend\u00e9let \u00e1br\u00e1zol\u00e1s, olaj-v\u00e1szon alkot\u00e1s, amely csak egy sz\u00e9p, vastag, antik keretez\u00e9sre v\u00e1r \u00e9s persze egy m\u0171\u00e9rt\u0151 befektet\u0151re! Gy\u0171jt\u0151i darab!  \u2014\u2014\u2014\u2014\u2014\u2014\u2014\u2014\u2014\u2014\u2014\u2014\u2014\u2014\u2014\u2014\u2014\u2014\u2014\u2014\u2014\u2014\u2014\u2014\u2014\u2014\u2014\u2014\u2014\u2014\u2014\u2014\u2014\u2014\u2014\u2014\u2014\u2014\u2014\u2014   V\u00c1RJUK AJ\u00c1NLAT\u00c1T! K\u00fcldje el aj\u00e1nlat\u00e1t az ajanlat@artbusinessclub.eu e-mail c\u00edmre!    &nbsp;\" \/>\n<meta property=\"og:url\" content=\"https:\/\/artbusinessclub.eu\/en\/product\/asztali-kompozicio-sarga-rozsaval-ii\/\" \/>\n<meta property=\"og:site_name\" content=\"Art Business Club M\u0171kereskedelmi Kft.\" \/>\n<meta property=\"article:modified_time\" content=\"2023-02-07T08:00:11+00:00\" \/>\n<meta property=\"og:image\" content=\"https:\/\/artbusinessclub.eu\/wp-content\/uploads\/2021\/10\/1424-front2.jpg\" \/>\n\t<meta property=\"og:image:width\" content=\"2400\" \/>\n\t<meta property=\"og:image:height\" content=\"2400\" \/>\n\t<meta property=\"og:image:type\" content=\"image\/jpeg\" \/>\n<meta name=\"twitter:card\" content=\"summary_large_image\" \/>\n<meta name=\"twitter:label1\" content=\"Est. reading time\" \/>\n\t<meta name=\"twitter:data1\" content=\"1 minute\" \/>\n<script type=\"application\/ld+json\" class=\"yoast-schema-graph\">{\"@context\":\"https:\\\/\\\/schema.org\",\"@graph\":[{\"@type\":\"WebPage\",\"@id\":\"https:\\\/\\\/artbusinessclub.eu\\\/termek\\\/asztali-kompozicio-sarga-rozsaval-ii\\\/\",\"url\":\"https:\\\/\\\/artbusinessclub.eu\\\/termek\\\/asztali-kompozicio-sarga-rozsaval-ii\\\/\",\"name\":\"Asztali kompoz\u00edci\u00f3 s\u00e1rga r\u00f3zs\u00e1val II. - Beazonos\u00edt\u00e1sra v\u00e1r\u00f3 m\u0171v\u00e9sz - Art Business Club M\u0171kereskedelmi Kft.\",\"isPartOf\":{\"@id\":\"https:\\\/\\\/artbusinessclub.eu\\\/en\\\/#website\"},\"primaryImageOfPage\":{\"@id\":\"https:\\\/\\\/artbusinessclub.eu\\\/termek\\\/asztali-kompozicio-sarga-rozsaval-ii\\\/#primaryimage\"},\"image\":{\"@id\":\"https:\\\/\\\/artbusinessclub.eu\\\/termek\\\/asztali-kompozicio-sarga-rozsaval-ii\\\/#primaryimage\"},\"thumbnailUrl\":\"https:\\\/\\\/artbusinessclub.eu\\\/wp-content\\\/uploads\\\/2021\\\/10\\\/1424-front2.jpg\",\"datePublished\":\"2021-10-01T07:37:21+00:00\",\"dateModified\":\"2023-02-07T08:00:11+00:00\",\"description\":\"R\u00e9gi, kvalit\u00e1sosan megfestett csend\u00e9let \u00e1br\u00e1zol\u00e1s, olaj-v\u00e1szon alkot\u00e1s, amely csak egy sz\u00e9p, vastag, antik keretez\u00e9sre v\u00e1r \u00e9s persze egy m\u0171\u00e9rt\u0151 befektet\u0151re! Gy\u0171jt\u0151i darab! \u2014\u2014\u2014\u2014\u2014\u2014\u2014\u2014\u2014\u2014\u2014\u2014\u2014\u2014\u2014\u2014\u2014\u2014\u2014\u2014\u2014\u2014\u2014\u2014\u2014\u2014\u2014\u2014\u2014\u2014\u2014\u2014\u2014\u2014\u2014\u2014\u2014\u2014\u2014\u2014 V\u00c1RJUK AJ\u00c1NLAT\u00c1T! K\u00fcldje el aj\u00e1nlat\u00e1t az ajanlat@artbusinessclub.eu e-mail c\u00edmre! &nbsp;\",\"breadcrumb\":{\"@id\":\"https:\\\/\\\/artbusinessclub.eu\\\/termek\\\/asztali-kompozicio-sarga-rozsaval-ii\\\/#breadcrumb\"},\"inLanguage\":\"en-US\",\"potentialAction\":[{\"@type\":\"ReadAction\",\"target\":[\"https:\\\/\\\/artbusinessclub.eu\\\/termek\\\/asztali-kompozicio-sarga-rozsaval-ii\\\/\"]}]},{\"@type\":\"ImageObject\",\"inLanguage\":\"en-US\",\"@id\":\"https:\\\/\\\/artbusinessclub.eu\\\/termek\\\/asztali-kompozicio-sarga-rozsaval-ii\\\/#primaryimage\",\"url\":\"https:\\\/\\\/artbusinessclub.eu\\\/wp-content\\\/uploads\\\/2021\\\/10\\\/1424-front2.jpg\",\"contentUrl\":\"https:\\\/\\\/artbusinessclub.eu\\\/wp-content\\\/uploads\\\/2021\\\/10\\\/1424-front2.jpg\",\"width\":2400,\"height\":2400},{\"@type\":\"BreadcrumbList\",\"@id\":\"https:\\\/\\\/artbusinessclub.eu\\\/termek\\\/asztali-kompozicio-sarga-rozsaval-ii\\\/#breadcrumb\",\"itemListElement\":[{\"@type\":\"ListItem\",\"position\":1,\"name\":\"Kezd\u0151lap\",\"item\":\"https:\\\/\\\/artbusinessclub.eu\\\/\"},{\"@type\":\"ListItem\",\"position\":2,\"name\":\"Webshop\",\"item\":\"https:\\\/\\\/artbusinessclub.eu\\\/webshop\\\/\"},{\"@type\":\"ListItem\",\"position\":3,\"name\":\"Asztali kompoz\u00edci\u00f3 s\u00e1rga r\u00f3zs\u00e1val II. &#8211; Beazonos\u00edt\u00e1sra v\u00e1r\u00f3 m\u0171v\u00e9sz\"}]},{\"@type\":\"WebSite\",\"@id\":\"https:\\\/\\\/artbusinessclub.eu\\\/en\\\/#website\",\"url\":\"https:\\\/\\\/artbusinessclub.eu\\\/en\\\/\",\"name\":\"Art Business Club M\u0171kereskedelmi Kft.\",\"description\":\"Fektesse p\u00e9nz\u00e9t festm\u00e9nyekbe!\",\"publisher\":{\"@id\":\"https:\\\/\\\/artbusinessclub.eu\\\/en\\\/#organization\"},\"potentialAction\":[{\"@type\":\"SearchAction\",\"target\":{\"@type\":\"EntryPoint\",\"urlTemplate\":\"https:\\\/\\\/artbusinessclub.eu\\\/en\\\/?s={search_term_string}\"},\"query-input\":{\"@type\":\"PropertyValueSpecification\",\"valueRequired\":true,\"valueName\":\"search_term_string\"}}],\"inLanguage\":\"en-US\"},{\"@type\":\"Organization\",\"@id\":\"https:\\\/\\\/artbusinessclub.eu\\\/en\\\/#organization\",\"name\":\"ART BUSINESS CLUB M\u0171kereskedelmi Kft.\",\"url\":\"https:\\\/\\\/artbusinessclub.eu\\\/en\\\/\",\"logo\":{\"@type\":\"ImageObject\",\"inLanguage\":\"en-US\",\"@id\":\"https:\\\/\\\/artbusinessclub.eu\\\/en\\\/#\\\/schema\\\/logo\\\/image\\\/\",\"url\":\"https:\\\/\\\/artbusinessclub.eu\\\/wp-content\\\/uploads\\\/2021\\\/04\\\/artbusiness01.png\",\"contentUrl\":\"https:\\\/\\\/artbusinessclub.eu\\\/wp-content\\\/uploads\\\/2021\\\/04\\\/artbusiness01.png\",\"width\":1456,\"height\":323,\"caption\":\"ART BUSINESS CLUB M\u0171kereskedelmi Kft.\"},\"image\":{\"@id\":\"https:\\\/\\\/artbusinessclub.eu\\\/en\\\/#\\\/schema\\\/logo\\\/image\\\/\"}}]}<\/script>\n<!-- \/ Yoast SEO plugin. -->","yoast_head_json":{"title":"Asztali kompoz\u00edci\u00f3 s\u00e1rga r\u00f3zs\u00e1val II. - Beazonos\u00edt\u00e1sra v\u00e1r\u00f3 m\u0171v\u00e9sz - Art Business Club M\u0171kereskedelmi Kft.","description":"R\u00e9gi, kvalit\u00e1sosan megfestett csend\u00e9let \u00e1br\u00e1zol\u00e1s, olaj-v\u00e1szon alkot\u00e1s, amely csak egy sz\u00e9p, vastag, antik keretez\u00e9sre v\u00e1r \u00e9s persze egy m\u0171\u00e9rt\u0151 befektet\u0151re! Gy\u0171jt\u0151i darab!  \u2014\u2014\u2014\u2014\u2014\u2014\u2014\u2014\u2014\u2014\u2014\u2014\u2014\u2014\u2014\u2014\u2014\u2014\u2014\u2014\u2014\u2014\u2014\u2014\u2014\u2014\u2014\u2014\u2014\u2014\u2014\u2014\u2014\u2014\u2014\u2014\u2014\u2014\u2014\u2014   V\u00c1RJUK AJ\u00c1NLAT\u00c1T! K\u00fcldje el aj\u00e1nlat\u00e1t az ajanlat@artbusinessclub.eu e-mail c\u00edmre!    &nbsp;","robots":{"index":"index","follow":"follow","max-snippet":"max-snippet:-1","max-image-preview":"max-image-preview:large","max-video-preview":"max-video-preview:-1"},"canonical":"https:\/\/artbusinessclub.eu\/en\/product\/asztali-kompozicio-sarga-rozsaval-ii\/","og_locale":"en_US","og_type":"article","og_title":"Asztali kompoz\u00edci\u00f3 s\u00e1rga r\u00f3zs\u00e1val II. - Beazonos\u00edt\u00e1sra v\u00e1r\u00f3 m\u0171v\u00e9sz - Art Business Club M\u0171kereskedelmi Kft.","og_description":"R\u00e9gi, kvalit\u00e1sosan megfestett csend\u00e9let \u00e1br\u00e1zol\u00e1s, olaj-v\u00e1szon alkot\u00e1s, amely csak egy sz\u00e9p, vastag, antik keretez\u00e9sre v\u00e1r \u00e9s persze egy m\u0171\u00e9rt\u0151 befektet\u0151re! Gy\u0171jt\u0151i darab!  \u2014\u2014\u2014\u2014\u2014\u2014\u2014\u2014\u2014\u2014\u2014\u2014\u2014\u2014\u2014\u2014\u2014\u2014\u2014\u2014\u2014\u2014\u2014\u2014\u2014\u2014\u2014\u2014\u2014\u2014\u2014\u2014\u2014\u2014\u2014\u2014\u2014\u2014\u2014\u2014   V\u00c1RJUK AJ\u00c1NLAT\u00c1T! K\u00fcldje el aj\u00e1nlat\u00e1t az ajanlat@artbusinessclub.eu e-mail c\u00edmre!    &nbsp;","og_url":"https:\/\/artbusinessclub.eu\/en\/product\/asztali-kompozicio-sarga-rozsaval-ii\/","og_site_name":"Art Business Club M\u0171kereskedelmi Kft.","article_modified_time":"2023-02-07T08:00:11+00:00","og_image":[{"width":2400,"height":2400,"url":"https:\/\/artbusinessclub.eu\/wp-content\/uploads\/2021\/10\/1424-front2.jpg","type":"image\/jpeg"}],"twitter_card":"summary_large_image","twitter_misc":{"Est. reading time":"1 minute"},"schema":{"@context":"https:\/\/schema.org","@graph":[{"@type":"WebPage","@id":"https:\/\/artbusinessclub.eu\/termek\/asztali-kompozicio-sarga-rozsaval-ii\/","url":"https:\/\/artbusinessclub.eu\/termek\/asztali-kompozicio-sarga-rozsaval-ii\/","name":"Asztali kompoz\u00edci\u00f3 s\u00e1rga r\u00f3zs\u00e1val II. - Beazonos\u00edt\u00e1sra v\u00e1r\u00f3 m\u0171v\u00e9sz - Art Business Club M\u0171kereskedelmi Kft.","isPartOf":{"@id":"https:\/\/artbusinessclub.eu\/en\/#website"},"primaryImageOfPage":{"@id":"https:\/\/artbusinessclub.eu\/termek\/asztali-kompozicio-sarga-rozsaval-ii\/#primaryimage"},"image":{"@id":"https:\/\/artbusinessclub.eu\/termek\/asztali-kompozicio-sarga-rozsaval-ii\/#primaryimage"},"thumbnailUrl":"https:\/\/artbusinessclub.eu\/wp-content\/uploads\/2021\/10\/1424-front2.jpg","datePublished":"2021-10-01T07:37:21+00:00","dateModified":"2023-02-07T08:00:11+00:00","description":"R\u00e9gi, kvalit\u00e1sosan megfestett csend\u00e9let \u00e1br\u00e1zol\u00e1s, olaj-v\u00e1szon alkot\u00e1s, amely csak egy sz\u00e9p, vastag, antik keretez\u00e9sre v\u00e1r \u00e9s persze egy m\u0171\u00e9rt\u0151 befektet\u0151re! Gy\u0171jt\u0151i darab! \u2014\u2014\u2014\u2014\u2014\u2014\u2014\u2014\u2014\u2014\u2014\u2014\u2014\u2014\u2014\u2014\u2014\u2014\u2014\u2014\u2014\u2014\u2014\u2014\u2014\u2014\u2014\u2014\u2014\u2014\u2014\u2014\u2014\u2014\u2014\u2014\u2014\u2014\u2014\u2014 V\u00c1RJUK AJ\u00c1NLAT\u00c1T! K\u00fcldje el aj\u00e1nlat\u00e1t az ajanlat@artbusinessclub.eu e-mail c\u00edmre! &nbsp;","breadcrumb":{"@id":"https:\/\/artbusinessclub.eu\/termek\/asztali-kompozicio-sarga-rozsaval-ii\/#breadcrumb"},"inLanguage":"en-US","potentialAction":[{"@type":"ReadAction","target":["https:\/\/artbusinessclub.eu\/termek\/asztali-kompozicio-sarga-rozsaval-ii\/"]}]},{"@type":"ImageObject","inLanguage":"en-US","@id":"https:\/\/artbusinessclub.eu\/termek\/asztali-kompozicio-sarga-rozsaval-ii\/#primaryimage","url":"https:\/\/artbusinessclub.eu\/wp-content\/uploads\/2021\/10\/1424-front2.jpg","contentUrl":"https:\/\/artbusinessclub.eu\/wp-content\/uploads\/2021\/10\/1424-front2.jpg","width":2400,"height":2400},{"@type":"BreadcrumbList","@id":"https:\/\/artbusinessclub.eu\/termek\/asztali-kompozicio-sarga-rozsaval-ii\/#breadcrumb","itemListElement":[{"@type":"ListItem","position":1,"name":"Kezd\u0151lap","item":"https:\/\/artbusinessclub.eu\/"},{"@type":"ListItem","position":2,"name":"Webshop","item":"https:\/\/artbusinessclub.eu\/webshop\/"},{"@type":"ListItem","position":3,"name":"Asztali kompoz\u00edci\u00f3 s\u00e1rga r\u00f3zs\u00e1val II. &#8211; Beazonos\u00edt\u00e1sra v\u00e1r\u00f3 m\u0171v\u00e9sz"}]},{"@type":"WebSite","@id":"https:\/\/artbusinessclub.eu\/en\/#website","url":"https:\/\/artbusinessclub.eu\/en\/","name":"Art Business Club Art Trading Ltd.","description":"Invest your money in paintings!","publisher":{"@id":"https:\/\/artbusinessclub.eu\/en\/#organization"},"potentialAction":[{"@type":"SearchAction","target":{"@type":"EntryPoint","urlTemplate":"https:\/\/artbusinessclub.eu\/en\/?s={search_term_string}"},"query-input":{"@type":"PropertyValueSpecification","valueRequired":true,"valueName":"search_term_string"}}],"inLanguage":"en-US"},{"@type":"Organization","@id":"https:\/\/artbusinessclub.eu\/en\/#organization","name":"ART BUSINESS CLUB Art Trading Ltd.","url":"https:\/\/artbusinessclub.eu\/en\/","logo":{"@type":"ImageObject","inLanguage":"en-US","@id":"https:\/\/artbusinessclub.eu\/en\/#\/schema\/logo\/image\/","url":"https:\/\/artbusinessclub.eu\/wp-content\/uploads\/2021\/04\/artbusiness01.png","contentUrl":"https:\/\/artbusinessclub.eu\/wp-content\/uploads\/2021\/04\/artbusiness01.png","width":1456,"height":323,"caption":"ART BUSINESS CLUB M\u0171kereskedelmi Kft."},"image":{"@id":"https:\/\/artbusinessclub.eu\/en\/#\/schema\/logo\/image\/"}}]}},"_links":{"self":[{"href":"https:\/\/artbusinessclub.eu\/en\/wp-json\/wp\/v2\/product\/12972","targetHints":{"allow":["GET"]}}],"collection":[{"href":"https:\/\/artbusinessclub.eu\/en\/wp-json\/wp\/v2\/product"}],"about":[{"href":"https:\/\/artbusinessclub.eu\/en\/wp-json\/wp\/v2\/types\/product"}],"wp:featuredmedia":[{"embeddable":true,"href":"https:\/\/artbusinessclub.eu\/en\/wp-json\/wp\/v2\/media\/27592"}],"wp:attachment":[{"href":"https:\/\/artbusinessclub.eu\/en\/wp-json\/wp\/v2\/media?parent=12972"}],"wp:term":[{"taxonomy":"product_brand","embeddable":true,"href":"https:\/\/artbusinessclub.eu\/en\/wp-json\/wp\/v2\/product_brand?post=12972"},{"taxonomy":"product_cat","embeddable":true,"href":"https:\/\/artbusinessclub.eu\/en\/wp-json\/wp\/v2\/product_cat?post=12972"},{"taxonomy":"product_tag","embeddable":true,"href":"https:\/\/artbusinessclub.eu\/en\/wp-json\/wp\/v2\/product_tag?post=12972"}],"curies":[{"name":"wp","href":"https:\/\/api.w.org\/{rel}","templated":true}]}}