{"id":42070,"date":"2023-11-28T22:36:26","date_gmt":"2023-11-28T22:36:26","guid":{"rendered":"https:\/\/artbusinessclub.eu\/?post_type=product&#038;p=42070"},"modified":"2023-11-28T22:57:50","modified_gmt":"2023-11-28T22:57:50","slug":"csurgoi-mate-lajos-1931-2001-teluto-1976","status":"publish","type":"product","link":"https:\/\/artbusinessclub.eu\/en\/product\/csurgoi-mate-lajos-1931-2001-teluto-1976\/","title":{"rendered":"M\u00e1t\u00e9 Lajos Csurg\u00f3i (1931-2001) Winter, 1976"},"content":{"rendered":"<p><strong>3423<\/strong><\/p>\n<p><b>Csurg\u00f3i M\u00e1t\u00e9 Lajos (1931-2001)<\/b><\/p>\n<p><strong>T\u00e9lut\u00f3<\/strong><\/p>\n<p>Sz\u00ednezett r\u00e9zkarc, karton<\/p>\n<p>Kor: 1976<\/p>\n<p>Jelezve jobbra lent: Csurg\u00f3i M\u00e1t\u00e9 L. 76<\/p>\n<p>Balra lent: T\u00e9lut\u00f3 34\/100<\/p>\n<p>M\u00e9rete: 40 x 50 cm<\/p>","protected":false},"excerpt":{"rendered":"<div class=\"woocommerce-product-details__short-description\">\n<div>\n<div>\n<p>Sz\u00e9pen elk\u00e9sz\u00edtett t\u00e9li t\u00e1jk\u00e9p, k\u00e9kes sz\u00edn\u0171 r\u00e9zkarc<b>\u00a0Csurg\u00f3i M\u00e1t\u00e9 Lajos (1931-2001) <\/b>h\u00edres magyar fest\u0151, grafikust\u00f3l, amely egy hozz\u00e1ill\u0151, paszpartus keretez\u00e9st ig\u00e9nyel. <strong>Gy\u0171jt\u0151i darab!<\/strong><\/p>\n<\/div>\n<p><span style=\"font-size: 16px;\">\u2014\u2014\u2014\u2014\u2014\u2014\u2014\u2014\u2014\u2014\u2014\u2014\u2014\u2014\u2014\u2014\u2014\u2014\u2014\u2014\u2014\u2014\u2014\u2014\u2014\u2014\u2014\u2014\u2014\u2014\u2014\u2014\u2014\u2014\u2014\u2014\u2014\u2014\u2014<\/span><\/p>\n<\/div>\n<div class=\"woocommerce-product-details__short-description\">\n<div class=\"woocommerce-product-details__short-description\">\n<div class=\"woocommerce-product-details__short-description\">\n<p>MAKE AN OFFER! Send us your offer to\u00a0<strong><em>offer@artbusinessclub.eu<\/em>\u00a0<\/strong>e-mail address!<\/p>\n<\/div>\n<\/div>\n<\/div>\n<\/div>","protected":false},"featured_media":42073,"template":"","meta":{"site-sidebar-layout":"default","site-content-layout":"default","ast-site-content-layout":"default","site-content-style":"default","site-sidebar-style":"default","ast-global-header-display":"","ast-banner-title-visibility":"","ast-main-header-display":"","ast-hfb-above-header-display":"","ast-hfb-below-header-display":"","ast-hfb-mobile-header-display":"","site-post-title":"","ast-breadcrumbs-content":"","ast-featured-img":"","footer-sml-layout":"","ast-disable-related-posts":"","theme-transparent-header-meta":"default","adv-header-id-meta":"","stick-header-meta":"","header-above-stick-meta":"","header-main-stick-meta":"","header-below-stick-meta":"","astra-migrate-meta-layouts":"default","ast-page-background-enabled":"default","ast-page-background-meta":{"desktop":{"background-color":"","background-image":"","background-repeat":"repeat","background-position":"center center","background-size":"auto","background-attachment":"scroll","background-type":"","background-media":"","overlay-type":"","overlay-color":"","overlay-opacity":"","overlay-gradient":""},"tablet":{"background-color":"","background-image":"","background-repeat":"repeat","background-position":"center center","background-size":"auto","background-attachment":"scroll","background-type":"","background-media":"","overlay-type":"","overlay-color":"","overlay-opacity":"","overlay-gradient":""},"mobile":{"background-color":"","background-image":"","background-repeat":"repeat","background-position":"center center","background-size":"auto","background-attachment":"scroll","background-type":"","background-media":"","overlay-type":"","overlay-color":"","overlay-opacity":"","overlay-gradient":""}},"ast-content-background-meta":{"desktop":{"background-color":"var(--ast-global-color-5)","background-image":"","background-repeat":"repeat","background-position":"center center","background-size":"auto","background-attachment":"scroll","background-type":"","background-media":"","overlay-type":"","overlay-color":"","overlay-opacity":"","overlay-gradient":""},"tablet":{"background-color":"var(--ast-global-color-5)","background-image":"","background-repeat":"repeat","background-position":"center center","background-size":"auto","background-attachment":"scroll","background-type":"","background-media":"","overlay-type":"","overlay-color":"","overlay-opacity":"","overlay-gradient":""},"mobile":{"background-color":"var(--ast-global-color-5)","background-image":"","background-repeat":"repeat","background-position":"center center","background-size":"auto","background-attachment":"scroll","background-type":"","background-media":"","overlay-type":"","overlay-color":"","overlay-opacity":"","overlay-gradient":""}}},"product_brand":[],"product_cat":[69],"product_tag":[],"class_list":{"0":"post-42070","1":"product","2":"type-product","3":"status-publish","4":"has-post-thumbnail","6":"product_cat-grafikak","7":"desktop-align-left","8":"tablet-align-left","9":"mobile-align-left","10":"ast-product-gallery-layout-horizontal-slider","11":"ast-product-tabs-layout-horizontal","13":"first","14":"instock","15":"sold-individually","16":"taxable","17":"shipping-taxable","18":"purchasable","19":"product-type-simple"},"yoast_head":"<!-- This site is optimized with the Yoast SEO plugin v27.5 - https:\/\/yoast.com\/product\/yoast-seo-wordpress\/ -->\n<title>Csurg\u00f3i M\u00e1t\u00e9 Lajos (1931-2001) T\u00e9lut\u00f3, 1976 - Art Business Club M\u0171kereskedelmi Kft.<\/title>\n<meta name=\"description\" content=\"Sz\u00e9pen elk\u00e9sz\u00edtett t\u00e9li t\u00e1jk\u00e9p, k\u00e9kes sz\u00edn\u0171 r\u00e9zkarc\u00a0Csurg\u00f3i M\u00e1t\u00e9 Lajos (1931-2001) h\u00edres magyar fest\u0151, grafikust\u00f3l, amely egy hozz\u00e1ill\u0151, paszpartus keretez\u00e9st ig\u00e9nyel. Gy\u0171jt\u0151i darab!   \u2014\u2014\u2014\u2014\u2014\u2014\u2014\u2014\u2014\u2014\u2014\u2014\u2014\u2014\u2014\u2014\u2014\u2014\u2014\u2014\u2014\u2014\u2014\u2014\u2014\u2014\u2014\u2014\u2014\u2014\u2014\u2014\u2014\u2014\u2014\u2014\u2014\u2014\u2014       V\u00c1RJUK AJ\u00c1NLAT\u00c1T! K\u00fcldje el aj\u00e1nlat\u00e1t az\u00a0ajanlat@artbusinessclub.eu\u00a0e-mail c\u00edmre!\" \/>\n<meta name=\"robots\" content=\"index, follow, max-snippet:-1, max-image-preview:large, max-video-preview:-1\" \/>\n<link rel=\"canonical\" href=\"https:\/\/artbusinessclub.eu\/en\/product\/csurgoi-mate-lajos-1931-2001-teluto-1976\/\" \/>\n<meta property=\"og:locale\" content=\"en_US\" \/>\n<meta property=\"og:type\" content=\"article\" \/>\n<meta property=\"og:title\" content=\"Csurg\u00f3i M\u00e1t\u00e9 Lajos (1931-2001) T\u00e9lut\u00f3, 1976 - Art Business Club M\u0171kereskedelmi Kft.\" \/>\n<meta property=\"og:description\" content=\"Sz\u00e9pen elk\u00e9sz\u00edtett t\u00e9li t\u00e1jk\u00e9p, k\u00e9kes sz\u00edn\u0171 r\u00e9zkarc\u00a0Csurg\u00f3i M\u00e1t\u00e9 Lajos (1931-2001) h\u00edres magyar fest\u0151, grafikust\u00f3l, amely egy hozz\u00e1ill\u0151, paszpartus keretez\u00e9st ig\u00e9nyel. Gy\u0171jt\u0151i darab!   \u2014\u2014\u2014\u2014\u2014\u2014\u2014\u2014\u2014\u2014\u2014\u2014\u2014\u2014\u2014\u2014\u2014\u2014\u2014\u2014\u2014\u2014\u2014\u2014\u2014\u2014\u2014\u2014\u2014\u2014\u2014\u2014\u2014\u2014\u2014\u2014\u2014\u2014\u2014       V\u00c1RJUK AJ\u00c1NLAT\u00c1T! K\u00fcldje el aj\u00e1nlat\u00e1t az\u00a0ajanlat@artbusinessclub.eu\u00a0e-mail c\u00edmre!\" \/>\n<meta property=\"og:url\" content=\"https:\/\/artbusinessclub.eu\/en\/product\/csurgoi-mate-lajos-1931-2001-teluto-1976\/\" \/>\n<meta property=\"og:site_name\" content=\"Art Business Club M\u0171kereskedelmi Kft.\" \/>\n<meta property=\"article:modified_time\" content=\"2023-11-28T22:57:50+00:00\" \/>\n<meta property=\"og:image\" content=\"https:\/\/artbusinessclub.eu\/wp-content\/uploads\/2023\/11\/3423-front2.jpg\" \/>\n\t<meta property=\"og:image:width\" content=\"2400\" \/>\n\t<meta property=\"og:image:height\" content=\"2400\" \/>\n\t<meta property=\"og:image:type\" content=\"image\/jpeg\" \/>\n<meta name=\"twitter:card\" content=\"summary_large_image\" \/>\n<script type=\"application\/ld+json\" class=\"yoast-schema-graph\">{\"@context\":\"https:\\\/\\\/schema.org\",\"@graph\":[{\"@type\":\"WebPage\",\"@id\":\"https:\\\/\\\/artbusinessclub.eu\\\/termek\\\/csurgoi-mate-lajos-1931-2001-teluto-1976\\\/\",\"url\":\"https:\\\/\\\/artbusinessclub.eu\\\/termek\\\/csurgoi-mate-lajos-1931-2001-teluto-1976\\\/\",\"name\":\"Csurg\u00f3i M\u00e1t\u00e9 Lajos (1931-2001) T\u00e9lut\u00f3, 1976 - Art Business Club M\u0171kereskedelmi Kft.\",\"isPartOf\":{\"@id\":\"https:\\\/\\\/artbusinessclub.eu\\\/en\\\/#website\"},\"primaryImageOfPage\":{\"@id\":\"https:\\\/\\\/artbusinessclub.eu\\\/termek\\\/csurgoi-mate-lajos-1931-2001-teluto-1976\\\/#primaryimage\"},\"image\":{\"@id\":\"https:\\\/\\\/artbusinessclub.eu\\\/termek\\\/csurgoi-mate-lajos-1931-2001-teluto-1976\\\/#primaryimage\"},\"thumbnailUrl\":\"https:\\\/\\\/artbusinessclub.eu\\\/wp-content\\\/uploads\\\/2023\\\/11\\\/3423-front2.jpg\",\"datePublished\":\"2023-11-28T22:36:26+00:00\",\"dateModified\":\"2023-11-28T22:57:50+00:00\",\"description\":\"Sz\u00e9pen elk\u00e9sz\u00edtett t\u00e9li t\u00e1jk\u00e9p, k\u00e9kes sz\u00edn\u0171 r\u00e9zkarc\u00a0Csurg\u00f3i M\u00e1t\u00e9 Lajos (1931-2001) h\u00edres magyar fest\u0151, grafikust\u00f3l, amely egy hozz\u00e1ill\u0151, paszpartus keretez\u00e9st ig\u00e9nyel. Gy\u0171jt\u0151i darab! \u2014\u2014\u2014\u2014\u2014\u2014\u2014\u2014\u2014\u2014\u2014\u2014\u2014\u2014\u2014\u2014\u2014\u2014\u2014\u2014\u2014\u2014\u2014\u2014\u2014\u2014\u2014\u2014\u2014\u2014\u2014\u2014\u2014\u2014\u2014\u2014\u2014\u2014\u2014 V\u00c1RJUK AJ\u00c1NLAT\u00c1T! K\u00fcldje el aj\u00e1nlat\u00e1t az\u00a0ajanlat@artbusinessclub.eu\u00a0e-mail c\u00edmre!\",\"breadcrumb\":{\"@id\":\"https:\\\/\\\/artbusinessclub.eu\\\/termek\\\/csurgoi-mate-lajos-1931-2001-teluto-1976\\\/#breadcrumb\"},\"inLanguage\":\"en-US\",\"potentialAction\":[{\"@type\":\"ReadAction\",\"target\":[\"https:\\\/\\\/artbusinessclub.eu\\\/termek\\\/csurgoi-mate-lajos-1931-2001-teluto-1976\\\/\"]}]},{\"@type\":\"ImageObject\",\"inLanguage\":\"en-US\",\"@id\":\"https:\\\/\\\/artbusinessclub.eu\\\/termek\\\/csurgoi-mate-lajos-1931-2001-teluto-1976\\\/#primaryimage\",\"url\":\"https:\\\/\\\/artbusinessclub.eu\\\/wp-content\\\/uploads\\\/2023\\\/11\\\/3423-front2.jpg\",\"contentUrl\":\"https:\\\/\\\/artbusinessclub.eu\\\/wp-content\\\/uploads\\\/2023\\\/11\\\/3423-front2.jpg\",\"width\":2400,\"height\":2400},{\"@type\":\"BreadcrumbList\",\"@id\":\"https:\\\/\\\/artbusinessclub.eu\\\/termek\\\/csurgoi-mate-lajos-1931-2001-teluto-1976\\\/#breadcrumb\",\"itemListElement\":[{\"@type\":\"ListItem\",\"position\":1,\"name\":\"Kezd\u0151lap\",\"item\":\"https:\\\/\\\/artbusinessclub.eu\\\/\"},{\"@type\":\"ListItem\",\"position\":2,\"name\":\"Webshop\",\"item\":\"https:\\\/\\\/artbusinessclub.eu\\\/webshop\\\/\"},{\"@type\":\"ListItem\",\"position\":3,\"name\":\"Csurg\u00f3i M\u00e1t\u00e9 Lajos (1931-2001) T\u00e9lut\u00f3, 1976\"}]},{\"@type\":\"WebSite\",\"@id\":\"https:\\\/\\\/artbusinessclub.eu\\\/en\\\/#website\",\"url\":\"https:\\\/\\\/artbusinessclub.eu\\\/en\\\/\",\"name\":\"Art Business Club M\u0171kereskedelmi Kft.\",\"description\":\"Fektesse p\u00e9nz\u00e9t festm\u00e9nyekbe!\",\"publisher\":{\"@id\":\"https:\\\/\\\/artbusinessclub.eu\\\/en\\\/#organization\"},\"potentialAction\":[{\"@type\":\"SearchAction\",\"target\":{\"@type\":\"EntryPoint\",\"urlTemplate\":\"https:\\\/\\\/artbusinessclub.eu\\\/en\\\/?s={search_term_string}\"},\"query-input\":{\"@type\":\"PropertyValueSpecification\",\"valueRequired\":true,\"valueName\":\"search_term_string\"}}],\"inLanguage\":\"en-US\"},{\"@type\":\"Organization\",\"@id\":\"https:\\\/\\\/artbusinessclub.eu\\\/en\\\/#organization\",\"name\":\"ART BUSINESS CLUB M\u0171kereskedelmi Kft.\",\"url\":\"https:\\\/\\\/artbusinessclub.eu\\\/en\\\/\",\"logo\":{\"@type\":\"ImageObject\",\"inLanguage\":\"en-US\",\"@id\":\"https:\\\/\\\/artbusinessclub.eu\\\/en\\\/#\\\/schema\\\/logo\\\/image\\\/\",\"url\":\"https:\\\/\\\/artbusinessclub.eu\\\/wp-content\\\/uploads\\\/2021\\\/04\\\/artbusiness01.png\",\"contentUrl\":\"https:\\\/\\\/artbusinessclub.eu\\\/wp-content\\\/uploads\\\/2021\\\/04\\\/artbusiness01.png\",\"width\":1456,\"height\":323,\"caption\":\"ART BUSINESS CLUB M\u0171kereskedelmi Kft.\"},\"image\":{\"@id\":\"https:\\\/\\\/artbusinessclub.eu\\\/en\\\/#\\\/schema\\\/logo\\\/image\\\/\"}}]}<\/script>\n<!-- \/ Yoast SEO plugin. -->","yoast_head_json":{"title":"Csurg\u00f3i M\u00e1t\u00e9 Lajos (1931-2001) T\u00e9lut\u00f3, 1976 - Art Business Club M\u0171kereskedelmi Kft.","description":"Sz\u00e9pen elk\u00e9sz\u00edtett t\u00e9li t\u00e1jk\u00e9p, k\u00e9kes sz\u00edn\u0171 r\u00e9zkarc\u00a0Csurg\u00f3i M\u00e1t\u00e9 Lajos (1931-2001) h\u00edres magyar fest\u0151, grafikust\u00f3l, amely egy hozz\u00e1ill\u0151, paszpartus keretez\u00e9st ig\u00e9nyel. Gy\u0171jt\u0151i darab!   \u2014\u2014\u2014\u2014\u2014\u2014\u2014\u2014\u2014\u2014\u2014\u2014\u2014\u2014\u2014\u2014\u2014\u2014\u2014\u2014\u2014\u2014\u2014\u2014\u2014\u2014\u2014\u2014\u2014\u2014\u2014\u2014\u2014\u2014\u2014\u2014\u2014\u2014\u2014       V\u00c1RJUK AJ\u00c1NLAT\u00c1T! K\u00fcldje el aj\u00e1nlat\u00e1t az\u00a0ajanlat@artbusinessclub.eu\u00a0e-mail c\u00edmre!","robots":{"index":"index","follow":"follow","max-snippet":"max-snippet:-1","max-image-preview":"max-image-preview:large","max-video-preview":"max-video-preview:-1"},"canonical":"https:\/\/artbusinessclub.eu\/en\/product\/csurgoi-mate-lajos-1931-2001-teluto-1976\/","og_locale":"en_US","og_type":"article","og_title":"Csurg\u00f3i M\u00e1t\u00e9 Lajos (1931-2001) T\u00e9lut\u00f3, 1976 - Art Business Club M\u0171kereskedelmi Kft.","og_description":"Sz\u00e9pen elk\u00e9sz\u00edtett t\u00e9li t\u00e1jk\u00e9p, k\u00e9kes sz\u00edn\u0171 r\u00e9zkarc\u00a0Csurg\u00f3i M\u00e1t\u00e9 Lajos (1931-2001) h\u00edres magyar fest\u0151, grafikust\u00f3l, amely egy hozz\u00e1ill\u0151, paszpartus keretez\u00e9st ig\u00e9nyel. Gy\u0171jt\u0151i darab!   \u2014\u2014\u2014\u2014\u2014\u2014\u2014\u2014\u2014\u2014\u2014\u2014\u2014\u2014\u2014\u2014\u2014\u2014\u2014\u2014\u2014\u2014\u2014\u2014\u2014\u2014\u2014\u2014\u2014\u2014\u2014\u2014\u2014\u2014\u2014\u2014\u2014\u2014\u2014       V\u00c1RJUK AJ\u00c1NLAT\u00c1T! K\u00fcldje el aj\u00e1nlat\u00e1t az\u00a0ajanlat@artbusinessclub.eu\u00a0e-mail c\u00edmre!","og_url":"https:\/\/artbusinessclub.eu\/en\/product\/csurgoi-mate-lajos-1931-2001-teluto-1976\/","og_site_name":"Art Business Club M\u0171kereskedelmi Kft.","article_modified_time":"2023-11-28T22:57:50+00:00","og_image":[{"width":2400,"height":2400,"url":"https:\/\/artbusinessclub.eu\/wp-content\/uploads\/2023\/11\/3423-front2.jpg","type":"image\/jpeg"}],"twitter_card":"summary_large_image","schema":{"@context":"https:\/\/schema.org","@graph":[{"@type":"WebPage","@id":"https:\/\/artbusinessclub.eu\/termek\/csurgoi-mate-lajos-1931-2001-teluto-1976\/","url":"https:\/\/artbusinessclub.eu\/termek\/csurgoi-mate-lajos-1931-2001-teluto-1976\/","name":"Csurg\u00f3i M\u00e1t\u00e9 Lajos (1931-2001) T\u00e9lut\u00f3, 1976 - Art Business Club M\u0171kereskedelmi Kft.","isPartOf":{"@id":"https:\/\/artbusinessclub.eu\/en\/#website"},"primaryImageOfPage":{"@id":"https:\/\/artbusinessclub.eu\/termek\/csurgoi-mate-lajos-1931-2001-teluto-1976\/#primaryimage"},"image":{"@id":"https:\/\/artbusinessclub.eu\/termek\/csurgoi-mate-lajos-1931-2001-teluto-1976\/#primaryimage"},"thumbnailUrl":"https:\/\/artbusinessclub.eu\/wp-content\/uploads\/2023\/11\/3423-front2.jpg","datePublished":"2023-11-28T22:36:26+00:00","dateModified":"2023-11-28T22:57:50+00:00","description":"Sz\u00e9pen elk\u00e9sz\u00edtett t\u00e9li t\u00e1jk\u00e9p, k\u00e9kes sz\u00edn\u0171 r\u00e9zkarc\u00a0Csurg\u00f3i M\u00e1t\u00e9 Lajos (1931-2001) h\u00edres magyar fest\u0151, grafikust\u00f3l, amely egy hozz\u00e1ill\u0151, paszpartus keretez\u00e9st ig\u00e9nyel. Gy\u0171jt\u0151i darab! \u2014\u2014\u2014\u2014\u2014\u2014\u2014\u2014\u2014\u2014\u2014\u2014\u2014\u2014\u2014\u2014\u2014\u2014\u2014\u2014\u2014\u2014\u2014\u2014\u2014\u2014\u2014\u2014\u2014\u2014\u2014\u2014\u2014\u2014\u2014\u2014\u2014\u2014\u2014 V\u00c1RJUK AJ\u00c1NLAT\u00c1T! K\u00fcldje el aj\u00e1nlat\u00e1t az\u00a0ajanlat@artbusinessclub.eu\u00a0e-mail c\u00edmre!","breadcrumb":{"@id":"https:\/\/artbusinessclub.eu\/termek\/csurgoi-mate-lajos-1931-2001-teluto-1976\/#breadcrumb"},"inLanguage":"en-US","potentialAction":[{"@type":"ReadAction","target":["https:\/\/artbusinessclub.eu\/termek\/csurgoi-mate-lajos-1931-2001-teluto-1976\/"]}]},{"@type":"ImageObject","inLanguage":"en-US","@id":"https:\/\/artbusinessclub.eu\/termek\/csurgoi-mate-lajos-1931-2001-teluto-1976\/#primaryimage","url":"https:\/\/artbusinessclub.eu\/wp-content\/uploads\/2023\/11\/3423-front2.jpg","contentUrl":"https:\/\/artbusinessclub.eu\/wp-content\/uploads\/2023\/11\/3423-front2.jpg","width":2400,"height":2400},{"@type":"BreadcrumbList","@id":"https:\/\/artbusinessclub.eu\/termek\/csurgoi-mate-lajos-1931-2001-teluto-1976\/#breadcrumb","itemListElement":[{"@type":"ListItem","position":1,"name":"Kezd\u0151lap","item":"https:\/\/artbusinessclub.eu\/"},{"@type":"ListItem","position":2,"name":"Webshop","item":"https:\/\/artbusinessclub.eu\/webshop\/"},{"@type":"ListItem","position":3,"name":"Csurg\u00f3i M\u00e1t\u00e9 Lajos (1931-2001) T\u00e9lut\u00f3, 1976"}]},{"@type":"WebSite","@id":"https:\/\/artbusinessclub.eu\/en\/#website","url":"https:\/\/artbusinessclub.eu\/en\/","name":"Art Business Club Art Trading Ltd.","description":"Invest your money in paintings!","publisher":{"@id":"https:\/\/artbusinessclub.eu\/en\/#organization"},"potentialAction":[{"@type":"SearchAction","target":{"@type":"EntryPoint","urlTemplate":"https:\/\/artbusinessclub.eu\/en\/?s={search_term_string}"},"query-input":{"@type":"PropertyValueSpecification","valueRequired":true,"valueName":"search_term_string"}}],"inLanguage":"en-US"},{"@type":"Organization","@id":"https:\/\/artbusinessclub.eu\/en\/#organization","name":"ART BUSINESS CLUB Art Trading Ltd.","url":"https:\/\/artbusinessclub.eu\/en\/","logo":{"@type":"ImageObject","inLanguage":"en-US","@id":"https:\/\/artbusinessclub.eu\/en\/#\/schema\/logo\/image\/","url":"https:\/\/artbusinessclub.eu\/wp-content\/uploads\/2021\/04\/artbusiness01.png","contentUrl":"https:\/\/artbusinessclub.eu\/wp-content\/uploads\/2021\/04\/artbusiness01.png","width":1456,"height":323,"caption":"ART BUSINESS CLUB M\u0171kereskedelmi Kft."},"image":{"@id":"https:\/\/artbusinessclub.eu\/en\/#\/schema\/logo\/image\/"}}]}},"_links":{"self":[{"href":"https:\/\/artbusinessclub.eu\/en\/wp-json\/wp\/v2\/product\/42070","targetHints":{"allow":["GET"]}}],"collection":[{"href":"https:\/\/artbusinessclub.eu\/en\/wp-json\/wp\/v2\/product"}],"about":[{"href":"https:\/\/artbusinessclub.eu\/en\/wp-json\/wp\/v2\/types\/product"}],"wp:featuredmedia":[{"embeddable":true,"href":"https:\/\/artbusinessclub.eu\/en\/wp-json\/wp\/v2\/media\/42073"}],"wp:attachment":[{"href":"https:\/\/artbusinessclub.eu\/en\/wp-json\/wp\/v2\/media?parent=42070"}],"wp:term":[{"taxonomy":"product_brand","embeddable":true,"href":"https:\/\/artbusinessclub.eu\/en\/wp-json\/wp\/v2\/product_brand?post=42070"},{"taxonomy":"product_cat","embeddable":true,"href":"https:\/\/artbusinessclub.eu\/en\/wp-json\/wp\/v2\/product_cat?post=42070"},{"taxonomy":"product_tag","embeddable":true,"href":"https:\/\/artbusinessclub.eu\/en\/wp-json\/wp\/v2\/product_tag?post=42070"}],"curies":[{"name":"wp","href":"https:\/\/api.w.org\/{rel}","templated":true}]}}