{"id":65039,"date":"2026-02-12T14:12:21","date_gmt":"2026-02-12T14:12:21","guid":{"rendered":"https:\/\/artbusinessclub.eu\/?post_type=product&#038;p=65039"},"modified":"2026-02-12T14:14:46","modified_gmt":"2026-02-12T14:14:46","slug":"szekely-endre-1917-2014-eskuvo","status":"publish","type":"product","link":"https:\/\/artbusinessclub.eu\/en\/product\/szekely-endre-1917-2014-eskuvo\/","title":{"rendered":"Endre Sz\u00e9kely (1917-2014) Wedding"},"content":{"rendered":"<p><b>2828<\/b><\/p>\n<p><strong>Sz\u00e9kely Endre (1917-2014)<\/strong><\/p>\n<p><strong>Esk\u00fcv\u0151<\/strong><\/p>\n<p><span style=\"font-size: 16px;\">Oil on wood fiber<\/span><\/p>\n<p>From the 1980-90s<\/p>\n<p><span style=\"font-size: 16px;\">Not signed<\/span><\/p>\n<p><span style=\"font-size: 16px;\">M\u00e9rete: 50 x 40 cm<\/span><\/p>","protected":false},"excerpt":{"rendered":"<div class=\"woocommerce-product-details__short-description\">\n<div>\n<p>Pazar sz\u00ednvil\u00e1g\u00fa mediterr\u00e1n utcai jelenetet \u00e1br\u00e1zol\u00f3 alkot\u00e1s <strong style=\"font-size: 16px;\">Sz\u00e9kely Endre (1917-2014)<\/strong><span style=\"font-size: 16px;\"> magyar fest\u0151m\u0171v\u00e9szt\u0151l, mely csak egy hozz\u00e1ill\u0151 keretez\u00e9st ig\u00e9nyel \u00e9s falra is akaszthat\u00f3. A m\u0171v\u00e9szre jellemz\u0151, hogy csak nagyon kev\u00e9s alkot\u00e1s\u00e1t l\u00e1tta el jelz\u00e9ssel.<\/span><\/p>\n<div><strong>Sz\u00e9kely Endre (1917-2014)\u00a0<\/strong>magyar fest\u0151m\u0171v\u00e9sz, a sv\u00e1jci B\u00e1zelben \u00e9lt 56-os emigr\u00e1ns m\u0171v\u00e9sz, aki nem mell\u00e9kesen Vaszary utols\u00f3 tan\u00edtv\u00e1nya volt! A m\u0171v\u00e9szr\u0151l b\u0151vebben:\u00a0<a href=\"https:\/\/artbusinessclub.eu\/en\/szekely-endre-1917-2014\/\">https:\/\/artbusinessclub.eu\/szekely-endre-1917-2014\/<\/a><\/div>\n<\/div>\n<div><span style=\"font-size: 16px;\">\u2014\u2014\u2014\u2014\u2014\u2014\u2014\u2014\u2014\u2014\u2014\u2014\u2014\u2014\u2014\u2014\u2014\u2014\u2014\u2014\u2014\u2014\u2014\u2014\u2014\u2014\u2014\u2014\u2014\u2014\u2014\u2014\u2014\u2014\u2014\u2014\u2014\u2014\u2014<\/span><\/div>\n<div class=\"woocommerce-product-details__short-description\">\n<div class=\"woocommerce-product-details__short-description\">\n<div class=\"woocommerce-product-details__short-description\">\n<p>MAKE AN OFFER! Send us your offer to\u00a0<strong><em>offer@artbusinessclub.eu<\/em>\u00a0<\/strong>e-mail address!<\/p>\n<\/div>\n<\/div>\n<\/div>\n<\/div>","protected":false},"featured_media":39627,"template":"","meta":{"site-sidebar-layout":"default","site-content-layout":"default","ast-site-content-layout":"default","site-content-style":"default","site-sidebar-style":"default","ast-global-header-display":"","ast-banner-title-visibility":"","ast-main-header-display":"","ast-hfb-above-header-display":"","ast-hfb-below-header-display":"","ast-hfb-mobile-header-display":"","site-post-title":"","ast-breadcrumbs-content":"","ast-featured-img":"","footer-sml-layout":"","ast-disable-related-posts":"","theme-transparent-header-meta":"default","adv-header-id-meta":"","stick-header-meta":"","header-above-stick-meta":"","header-main-stick-meta":"","header-below-stick-meta":"","astra-migrate-meta-layouts":"set","ast-page-background-enabled":"default","ast-page-background-meta":{"desktop":{"background-color":"","background-image":"","background-repeat":"repeat","background-position":"center center","background-size":"auto","background-attachment":"scroll","background-type":"","background-media":"","overlay-type":"","overlay-color":"","overlay-opacity":"","overlay-gradient":""},"tablet":{"background-color":"","background-image":"","background-repeat":"repeat","background-position":"center center","background-size":"auto","background-attachment":"scroll","background-type":"","background-media":"","overlay-type":"","overlay-color":"","overlay-opacity":"","overlay-gradient":""},"mobile":{"background-color":"","background-image":"","background-repeat":"repeat","background-position":"center center","background-size":"auto","background-attachment":"scroll","background-type":"","background-media":"","overlay-type":"","overlay-color":"","overlay-opacity":"","overlay-gradient":""}},"ast-content-background-meta":{"desktop":{"background-color":"var(--ast-global-color-5)","background-image":"","background-repeat":"repeat","background-position":"center center","background-size":"auto","background-attachment":"scroll","background-type":"","background-media":"","overlay-type":"","overlay-color":"","overlay-opacity":"","overlay-gradient":""},"tablet":{"background-color":"var(--ast-global-color-5)","background-image":"","background-repeat":"repeat","background-position":"center center","background-size":"auto","background-attachment":"scroll","background-type":"","background-media":"","overlay-type":"","overlay-color":"","overlay-opacity":"","overlay-gradient":""},"mobile":{"background-color":"var(--ast-global-color-5)","background-image":"","background-repeat":"repeat","background-position":"center center","background-size":"auto","background-attachment":"scroll","background-type":"","background-media":"","overlay-type":"","overlay-color":"","overlay-opacity":"","overlay-gradient":""}}},"product_brand":[],"product_cat":[65],"product_tag":[],"class_list":{"0":"post-65039","1":"product","2":"type-product","3":"status-publish","4":"has-post-thumbnail","6":"product_cat-festmenyek","7":"pa_meret-kozepes-festmenyek-35-70-cm-tag","8":"desktop-align-left","9":"tablet-align-left","10":"mobile-align-left","11":"ast-product-gallery-layout-horizontal-slider","12":"ast-product-tabs-layout-horizontal","14":"first","15":"instock","16":"sold-individually","17":"taxable","18":"shipping-taxable","19":"purchasable","20":"product-type-simple"},"yoast_head":"<!-- This site is optimized with the Yoast SEO plugin v27.4 - https:\/\/yoast.com\/product\/yoast-seo-wordpress\/ -->\n<title>Sz\u00e9kely Endre (1917-2014) Esk\u00fcv\u0151 - Art Business Club M\u0171kereskedelmi Kft.<\/title>\n<meta name=\"description\" content=\"Pazar sz\u00ednvil\u00e1g\u00fa mediterr\u00e1n utcai jelenetet \u00e1br\u00e1zol\u00f3 alkot\u00e1s Sz\u00e9kely Endre (1917-2014) magyar fest\u0151m\u0171v\u00e9szt\u0151l, mely csak egy hozz\u00e1ill\u0151 keretez\u00e9st ig\u00e9nyel \u00e9s falra is akaszthat\u00f3. A m\u0171v\u00e9szre jellemz\u0151, hogy csak nagyon kev\u00e9s alkot\u00e1s\u00e1t l\u00e1tta el jelz\u00e9ssel. Sz\u00e9kely Endre (1917-2014)\u00a0magyar fest\u0151m\u0171v\u00e9sz, a sv\u00e1jci B\u00e1zelben \u00e9lt 56-os emigr\u00e1ns m\u0171v\u00e9sz, aki nem mell\u00e9kesen Vaszary utols\u00f3 tan\u00edtv\u00e1nya volt! A m\u0171v\u00e9szr\u0151l b\u0151vebben:\u00a0https:\/\/artbusinessclub.eu\/szekely-endre-1917-2014\/  \u2014\u2014\u2014\u2014\u2014\u2014\u2014\u2014\u2014\u2014\u2014\u2014\u2014\u2014\u2014\u2014\u2014\u2014\u2014\u2014\u2014\u2014\u2014\u2014\u2014\u2014\u2014\u2014\u2014\u2014\u2014\u2014\u2014\u2014\u2014\u2014\u2014\u2014\u2014     V\u00c1RJUK AJ\u00c1NLAT\u00c1T! K\u00fcldje el aj\u00e1nlat\u00e1t az\u00a0ajanlat@artbusinessclub.eu\u00a0e-mail c\u00edmre!\" \/>\n<meta name=\"robots\" content=\"index, follow, max-snippet:-1, max-image-preview:large, max-video-preview:-1\" \/>\n<link rel=\"canonical\" href=\"https:\/\/artbusinessclub.eu\/en\/product\/szekely-endre-1917-2014-eskuvo\/\" \/>\n<meta property=\"og:locale\" content=\"en_US\" \/>\n<meta property=\"og:type\" content=\"article\" \/>\n<meta property=\"og:title\" content=\"Sz\u00e9kely Endre (1917-2014) Esk\u00fcv\u0151 - Art Business Club M\u0171kereskedelmi Kft.\" \/>\n<meta property=\"og:description\" content=\"Pazar sz\u00ednvil\u00e1g\u00fa mediterr\u00e1n utcai jelenetet \u00e1br\u00e1zol\u00f3 alkot\u00e1s Sz\u00e9kely Endre (1917-2014) magyar fest\u0151m\u0171v\u00e9szt\u0151l, mely csak egy hozz\u00e1ill\u0151 keretez\u00e9st ig\u00e9nyel \u00e9s falra is akaszthat\u00f3. A m\u0171v\u00e9szre jellemz\u0151, hogy csak nagyon kev\u00e9s alkot\u00e1s\u00e1t l\u00e1tta el jelz\u00e9ssel. Sz\u00e9kely Endre (1917-2014)\u00a0magyar fest\u0151m\u0171v\u00e9sz, a sv\u00e1jci B\u00e1zelben \u00e9lt 56-os emigr\u00e1ns m\u0171v\u00e9sz, aki nem mell\u00e9kesen Vaszary utols\u00f3 tan\u00edtv\u00e1nya volt! A m\u0171v\u00e9szr\u0151l b\u0151vebben:\u00a0https:\/\/artbusinessclub.eu\/szekely-endre-1917-2014\/  \u2014\u2014\u2014\u2014\u2014\u2014\u2014\u2014\u2014\u2014\u2014\u2014\u2014\u2014\u2014\u2014\u2014\u2014\u2014\u2014\u2014\u2014\u2014\u2014\u2014\u2014\u2014\u2014\u2014\u2014\u2014\u2014\u2014\u2014\u2014\u2014\u2014\u2014\u2014     V\u00c1RJUK AJ\u00c1NLAT\u00c1T! K\u00fcldje el aj\u00e1nlat\u00e1t az\u00a0ajanlat@artbusinessclub.eu\u00a0e-mail c\u00edmre!\" \/>\n<meta property=\"og:url\" content=\"https:\/\/artbusinessclub.eu\/en\/product\/szekely-endre-1917-2014-eskuvo\/\" \/>\n<meta property=\"og:site_name\" content=\"Art Business Club M\u0171kereskedelmi Kft.\" \/>\n<meta property=\"article:modified_time\" content=\"2026-02-12T14:14:46+00:00\" \/>\n<meta property=\"og:image\" content=\"https:\/\/artbusinessclub.eu\/wp-content\/uploads\/2023\/10\/2828-front2.jpg\" \/>\n\t<meta property=\"og:image:width\" content=\"2400\" \/>\n\t<meta property=\"og:image:height\" content=\"2400\" \/>\n\t<meta property=\"og:image:type\" content=\"image\/jpeg\" \/>\n<meta name=\"twitter:card\" content=\"summary_large_image\" \/>\n<script type=\"application\/ld+json\" class=\"yoast-schema-graph\">{\"@context\":\"https:\\\/\\\/schema.org\",\"@graph\":[{\"@type\":\"WebPage\",\"@id\":\"https:\\\/\\\/artbusinessclub.eu\\\/termek\\\/szekely-endre-1917-2014-eskuvo\\\/\",\"url\":\"https:\\\/\\\/artbusinessclub.eu\\\/termek\\\/szekely-endre-1917-2014-eskuvo\\\/\",\"name\":\"Sz\u00e9kely Endre (1917-2014) Esk\u00fcv\u0151 - Art Business Club M\u0171kereskedelmi Kft.\",\"isPartOf\":{\"@id\":\"https:\\\/\\\/artbusinessclub.eu\\\/en\\\/#website\"},\"primaryImageOfPage\":{\"@id\":\"https:\\\/\\\/artbusinessclub.eu\\\/termek\\\/szekely-endre-1917-2014-eskuvo\\\/#primaryimage\"},\"image\":{\"@id\":\"https:\\\/\\\/artbusinessclub.eu\\\/termek\\\/szekely-endre-1917-2014-eskuvo\\\/#primaryimage\"},\"thumbnailUrl\":\"https:\\\/\\\/artbusinessclub.eu\\\/wp-content\\\/uploads\\\/2023\\\/10\\\/2828-front2.jpg\",\"datePublished\":\"2026-02-12T14:12:21+00:00\",\"dateModified\":\"2026-02-12T14:14:46+00:00\",\"description\":\"Pazar sz\u00ednvil\u00e1g\u00fa mediterr\u00e1n utcai jelenetet \u00e1br\u00e1zol\u00f3 alkot\u00e1s Sz\u00e9kely Endre (1917-2014) magyar fest\u0151m\u0171v\u00e9szt\u0151l, mely csak egy hozz\u00e1ill\u0151 keretez\u00e9st ig\u00e9nyel \u00e9s falra is akaszthat\u00f3. A m\u0171v\u00e9szre jellemz\u0151, hogy csak nagyon kev\u00e9s alkot\u00e1s\u00e1t l\u00e1tta el jelz\u00e9ssel. Sz\u00e9kely Endre (1917-2014)\u00a0magyar fest\u0151m\u0171v\u00e9sz, a sv\u00e1jci B\u00e1zelben \u00e9lt 56-os emigr\u00e1ns m\u0171v\u00e9sz, aki nem mell\u00e9kesen Vaszary utols\u00f3 tan\u00edtv\u00e1nya volt! A m\u0171v\u00e9szr\u0151l b\u0151vebben:\u00a0https:\\\/\\\/artbusinessclub.eu\\\/szekely-endre-1917-2014\\\/ \u2014\u2014\u2014\u2014\u2014\u2014\u2014\u2014\u2014\u2014\u2014\u2014\u2014\u2014\u2014\u2014\u2014\u2014\u2014\u2014\u2014\u2014\u2014\u2014\u2014\u2014\u2014\u2014\u2014\u2014\u2014\u2014\u2014\u2014\u2014\u2014\u2014\u2014\u2014 V\u00c1RJUK AJ\u00c1NLAT\u00c1T! K\u00fcldje el aj\u00e1nlat\u00e1t az\u00a0ajanlat@artbusinessclub.eu\u00a0e-mail c\u00edmre!\",\"breadcrumb\":{\"@id\":\"https:\\\/\\\/artbusinessclub.eu\\\/termek\\\/szekely-endre-1917-2014-eskuvo\\\/#breadcrumb\"},\"inLanguage\":\"en-US\",\"potentialAction\":[{\"@type\":\"ReadAction\",\"target\":[\"https:\\\/\\\/artbusinessclub.eu\\\/termek\\\/szekely-endre-1917-2014-eskuvo\\\/\"]}]},{\"@type\":\"ImageObject\",\"inLanguage\":\"en-US\",\"@id\":\"https:\\\/\\\/artbusinessclub.eu\\\/termek\\\/szekely-endre-1917-2014-eskuvo\\\/#primaryimage\",\"url\":\"https:\\\/\\\/artbusinessclub.eu\\\/wp-content\\\/uploads\\\/2023\\\/10\\\/2828-front2.jpg\",\"contentUrl\":\"https:\\\/\\\/artbusinessclub.eu\\\/wp-content\\\/uploads\\\/2023\\\/10\\\/2828-front2.jpg\",\"width\":2400,\"height\":2400},{\"@type\":\"BreadcrumbList\",\"@id\":\"https:\\\/\\\/artbusinessclub.eu\\\/termek\\\/szekely-endre-1917-2014-eskuvo\\\/#breadcrumb\",\"itemListElement\":[{\"@type\":\"ListItem\",\"position\":1,\"name\":\"Kezd\u0151lap\",\"item\":\"https:\\\/\\\/artbusinessclub.eu\\\/\"},{\"@type\":\"ListItem\",\"position\":2,\"name\":\"Webshop\",\"item\":\"https:\\\/\\\/artbusinessclub.eu\\\/webshop\\\/\"},{\"@type\":\"ListItem\",\"position\":3,\"name\":\"Sz\u00e9kely Endre (1917-2014) Esk\u00fcv\u0151\"}]},{\"@type\":\"WebSite\",\"@id\":\"https:\\\/\\\/artbusinessclub.eu\\\/en\\\/#website\",\"url\":\"https:\\\/\\\/artbusinessclub.eu\\\/en\\\/\",\"name\":\"Art Business Club M\u0171kereskedelmi Kft.\",\"description\":\"Fektesse p\u00e9nz\u00e9t festm\u00e9nyekbe!\",\"publisher\":{\"@id\":\"https:\\\/\\\/artbusinessclub.eu\\\/en\\\/#organization\"},\"potentialAction\":[{\"@type\":\"SearchAction\",\"target\":{\"@type\":\"EntryPoint\",\"urlTemplate\":\"https:\\\/\\\/artbusinessclub.eu\\\/en\\\/?s={search_term_string}\"},\"query-input\":{\"@type\":\"PropertyValueSpecification\",\"valueRequired\":true,\"valueName\":\"search_term_string\"}}],\"inLanguage\":\"en-US\"},{\"@type\":\"Organization\",\"@id\":\"https:\\\/\\\/artbusinessclub.eu\\\/en\\\/#organization\",\"name\":\"ART BUSINESS CLUB M\u0171kereskedelmi Kft.\",\"url\":\"https:\\\/\\\/artbusinessclub.eu\\\/en\\\/\",\"logo\":{\"@type\":\"ImageObject\",\"inLanguage\":\"en-US\",\"@id\":\"https:\\\/\\\/artbusinessclub.eu\\\/en\\\/#\\\/schema\\\/logo\\\/image\\\/\",\"url\":\"https:\\\/\\\/artbusinessclub.eu\\\/wp-content\\\/uploads\\\/2021\\\/04\\\/artbusiness01.png\",\"contentUrl\":\"https:\\\/\\\/artbusinessclub.eu\\\/wp-content\\\/uploads\\\/2021\\\/04\\\/artbusiness01.png\",\"width\":1456,\"height\":323,\"caption\":\"ART BUSINESS CLUB M\u0171kereskedelmi Kft.\"},\"image\":{\"@id\":\"https:\\\/\\\/artbusinessclub.eu\\\/en\\\/#\\\/schema\\\/logo\\\/image\\\/\"}}]}<\/script>\n<!-- \/ Yoast SEO plugin. -->","yoast_head_json":{"title":"Sz\u00e9kely Endre (1917-2014) Esk\u00fcv\u0151 - Art Business Club M\u0171kereskedelmi Kft.","description":"Pazar sz\u00ednvil\u00e1g\u00fa mediterr\u00e1n utcai jelenetet \u00e1br\u00e1zol\u00f3 alkot\u00e1s Sz\u00e9kely Endre (1917-2014) magyar fest\u0151m\u0171v\u00e9szt\u0151l, mely csak egy hozz\u00e1ill\u0151 keretez\u00e9st ig\u00e9nyel \u00e9s falra is akaszthat\u00f3. A m\u0171v\u00e9szre jellemz\u0151, hogy csak nagyon kev\u00e9s alkot\u00e1s\u00e1t l\u00e1tta el jelz\u00e9ssel. Sz\u00e9kely Endre (1917-2014)\u00a0magyar fest\u0151m\u0171v\u00e9sz, a sv\u00e1jci B\u00e1zelben \u00e9lt 56-os emigr\u00e1ns m\u0171v\u00e9sz, aki nem mell\u00e9kesen Vaszary utols\u00f3 tan\u00edtv\u00e1nya volt! A m\u0171v\u00e9szr\u0151l b\u0151vebben:\u00a0https:\/\/artbusinessclub.eu\/szekely-endre-1917-2014\/  \u2014\u2014\u2014\u2014\u2014\u2014\u2014\u2014\u2014\u2014\u2014\u2014\u2014\u2014\u2014\u2014\u2014\u2014\u2014\u2014\u2014\u2014\u2014\u2014\u2014\u2014\u2014\u2014\u2014\u2014\u2014\u2014\u2014\u2014\u2014\u2014\u2014\u2014\u2014     V\u00c1RJUK AJ\u00c1NLAT\u00c1T! K\u00fcldje el aj\u00e1nlat\u00e1t az\u00a0ajanlat@artbusinessclub.eu\u00a0e-mail c\u00edmre!","robots":{"index":"index","follow":"follow","max-snippet":"max-snippet:-1","max-image-preview":"max-image-preview:large","max-video-preview":"max-video-preview:-1"},"canonical":"https:\/\/artbusinessclub.eu\/en\/product\/szekely-endre-1917-2014-eskuvo\/","og_locale":"en_US","og_type":"article","og_title":"Sz\u00e9kely Endre (1917-2014) Esk\u00fcv\u0151 - Art Business Club M\u0171kereskedelmi Kft.","og_description":"Pazar sz\u00ednvil\u00e1g\u00fa mediterr\u00e1n utcai jelenetet \u00e1br\u00e1zol\u00f3 alkot\u00e1s Sz\u00e9kely Endre (1917-2014) magyar fest\u0151m\u0171v\u00e9szt\u0151l, mely csak egy hozz\u00e1ill\u0151 keretez\u00e9st ig\u00e9nyel \u00e9s falra is akaszthat\u00f3. A m\u0171v\u00e9szre jellemz\u0151, hogy csak nagyon kev\u00e9s alkot\u00e1s\u00e1t l\u00e1tta el jelz\u00e9ssel. Sz\u00e9kely Endre (1917-2014)\u00a0magyar fest\u0151m\u0171v\u00e9sz, a sv\u00e1jci B\u00e1zelben \u00e9lt 56-os emigr\u00e1ns m\u0171v\u00e9sz, aki nem mell\u00e9kesen Vaszary utols\u00f3 tan\u00edtv\u00e1nya volt! A m\u0171v\u00e9szr\u0151l b\u0151vebben:\u00a0https:\/\/artbusinessclub.eu\/szekely-endre-1917-2014\/  \u2014\u2014\u2014\u2014\u2014\u2014\u2014\u2014\u2014\u2014\u2014\u2014\u2014\u2014\u2014\u2014\u2014\u2014\u2014\u2014\u2014\u2014\u2014\u2014\u2014\u2014\u2014\u2014\u2014\u2014\u2014\u2014\u2014\u2014\u2014\u2014\u2014\u2014\u2014     V\u00c1RJUK AJ\u00c1NLAT\u00c1T! K\u00fcldje el aj\u00e1nlat\u00e1t az\u00a0ajanlat@artbusinessclub.eu\u00a0e-mail c\u00edmre!","og_url":"https:\/\/artbusinessclub.eu\/en\/product\/szekely-endre-1917-2014-eskuvo\/","og_site_name":"Art Business Club M\u0171kereskedelmi Kft.","article_modified_time":"2026-02-12T14:14:46+00:00","og_image":[{"width":2400,"height":2400,"url":"https:\/\/artbusinessclub.eu\/wp-content\/uploads\/2023\/10\/2828-front2.jpg","type":"image\/jpeg"}],"twitter_card":"summary_large_image","schema":{"@context":"https:\/\/schema.org","@graph":[{"@type":"WebPage","@id":"https:\/\/artbusinessclub.eu\/termek\/szekely-endre-1917-2014-eskuvo\/","url":"https:\/\/artbusinessclub.eu\/termek\/szekely-endre-1917-2014-eskuvo\/","name":"Sz\u00e9kely Endre (1917-2014) Esk\u00fcv\u0151 - Art Business Club M\u0171kereskedelmi Kft.","isPartOf":{"@id":"https:\/\/artbusinessclub.eu\/en\/#website"},"primaryImageOfPage":{"@id":"https:\/\/artbusinessclub.eu\/termek\/szekely-endre-1917-2014-eskuvo\/#primaryimage"},"image":{"@id":"https:\/\/artbusinessclub.eu\/termek\/szekely-endre-1917-2014-eskuvo\/#primaryimage"},"thumbnailUrl":"https:\/\/artbusinessclub.eu\/wp-content\/uploads\/2023\/10\/2828-front2.jpg","datePublished":"2026-02-12T14:12:21+00:00","dateModified":"2026-02-12T14:14:46+00:00","description":"Pazar sz\u00ednvil\u00e1g\u00fa mediterr\u00e1n utcai jelenetet \u00e1br\u00e1zol\u00f3 alkot\u00e1s Sz\u00e9kely Endre (1917-2014) magyar fest\u0151m\u0171v\u00e9szt\u0151l, mely csak egy hozz\u00e1ill\u0151 keretez\u00e9st ig\u00e9nyel \u00e9s falra is akaszthat\u00f3. A m\u0171v\u00e9szre jellemz\u0151, hogy csak nagyon kev\u00e9s alkot\u00e1s\u00e1t l\u00e1tta el jelz\u00e9ssel. Sz\u00e9kely Endre (1917-2014)\u00a0magyar fest\u0151m\u0171v\u00e9sz, a sv\u00e1jci B\u00e1zelben \u00e9lt 56-os emigr\u00e1ns m\u0171v\u00e9sz, aki nem mell\u00e9kesen Vaszary utols\u00f3 tan\u00edtv\u00e1nya volt! A m\u0171v\u00e9szr\u0151l b\u0151vebben:\u00a0https:\/\/artbusinessclub.eu\/szekely-endre-1917-2014\/ \u2014\u2014\u2014\u2014\u2014\u2014\u2014\u2014\u2014\u2014\u2014\u2014\u2014\u2014\u2014\u2014\u2014\u2014\u2014\u2014\u2014\u2014\u2014\u2014\u2014\u2014\u2014\u2014\u2014\u2014\u2014\u2014\u2014\u2014\u2014\u2014\u2014\u2014\u2014 V\u00c1RJUK AJ\u00c1NLAT\u00c1T! K\u00fcldje el aj\u00e1nlat\u00e1t az\u00a0ajanlat@artbusinessclub.eu\u00a0e-mail c\u00edmre!","breadcrumb":{"@id":"https:\/\/artbusinessclub.eu\/termek\/szekely-endre-1917-2014-eskuvo\/#breadcrumb"},"inLanguage":"en-US","potentialAction":[{"@type":"ReadAction","target":["https:\/\/artbusinessclub.eu\/termek\/szekely-endre-1917-2014-eskuvo\/"]}]},{"@type":"ImageObject","inLanguage":"en-US","@id":"https:\/\/artbusinessclub.eu\/termek\/szekely-endre-1917-2014-eskuvo\/#primaryimage","url":"https:\/\/artbusinessclub.eu\/wp-content\/uploads\/2023\/10\/2828-front2.jpg","contentUrl":"https:\/\/artbusinessclub.eu\/wp-content\/uploads\/2023\/10\/2828-front2.jpg","width":2400,"height":2400},{"@type":"BreadcrumbList","@id":"https:\/\/artbusinessclub.eu\/termek\/szekely-endre-1917-2014-eskuvo\/#breadcrumb","itemListElement":[{"@type":"ListItem","position":1,"name":"Kezd\u0151lap","item":"https:\/\/artbusinessclub.eu\/"},{"@type":"ListItem","position":2,"name":"Webshop","item":"https:\/\/artbusinessclub.eu\/webshop\/"},{"@type":"ListItem","position":3,"name":"Sz\u00e9kely Endre (1917-2014) Esk\u00fcv\u0151"}]},{"@type":"WebSite","@id":"https:\/\/artbusinessclub.eu\/en\/#website","url":"https:\/\/artbusinessclub.eu\/en\/","name":"Art Business Club Art Trading Ltd.","description":"Invest your money in paintings!","publisher":{"@id":"https:\/\/artbusinessclub.eu\/en\/#organization"},"potentialAction":[{"@type":"SearchAction","target":{"@type":"EntryPoint","urlTemplate":"https:\/\/artbusinessclub.eu\/en\/?s={search_term_string}"},"query-input":{"@type":"PropertyValueSpecification","valueRequired":true,"valueName":"search_term_string"}}],"inLanguage":"en-US"},{"@type":"Organization","@id":"https:\/\/artbusinessclub.eu\/en\/#organization","name":"ART BUSINESS CLUB Art Trading Ltd.","url":"https:\/\/artbusinessclub.eu\/en\/","logo":{"@type":"ImageObject","inLanguage":"en-US","@id":"https:\/\/artbusinessclub.eu\/en\/#\/schema\/logo\/image\/","url":"https:\/\/artbusinessclub.eu\/wp-content\/uploads\/2021\/04\/artbusiness01.png","contentUrl":"https:\/\/artbusinessclub.eu\/wp-content\/uploads\/2021\/04\/artbusiness01.png","width":1456,"height":323,"caption":"ART BUSINESS CLUB M\u0171kereskedelmi Kft."},"image":{"@id":"https:\/\/artbusinessclub.eu\/en\/#\/schema\/logo\/image\/"}}]}},"_links":{"self":[{"href":"https:\/\/artbusinessclub.eu\/en\/wp-json\/wp\/v2\/product\/65039","targetHints":{"allow":["GET"]}}],"collection":[{"href":"https:\/\/artbusinessclub.eu\/en\/wp-json\/wp\/v2\/product"}],"about":[{"href":"https:\/\/artbusinessclub.eu\/en\/wp-json\/wp\/v2\/types\/product"}],"wp:featuredmedia":[{"embeddable":true,"href":"https:\/\/artbusinessclub.eu\/en\/wp-json\/wp\/v2\/media\/39627"}],"wp:attachment":[{"href":"https:\/\/artbusinessclub.eu\/en\/wp-json\/wp\/v2\/media?parent=65039"}],"wp:term":[{"taxonomy":"product_brand","embeddable":true,"href":"https:\/\/artbusinessclub.eu\/en\/wp-json\/wp\/v2\/product_brand?post=65039"},{"taxonomy":"product_cat","embeddable":true,"href":"https:\/\/artbusinessclub.eu\/en\/wp-json\/wp\/v2\/product_cat?post=65039"},{"taxonomy":"product_tag","embeddable":true,"href":"https:\/\/artbusinessclub.eu\/en\/wp-json\/wp\/v2\/product_tag?post=65039"}],"curies":[{"name":"wp","href":"https:\/\/api.w.org\/{rel}","templated":true}]}}