{"id":65177,"date":"2026-02-21T16:06:54","date_gmt":"2026-02-21T16:06:54","guid":{"rendered":"https:\/\/artbusinessclub.eu\/?post_type=product&#038;p=65177"},"modified":"2026-02-21T16:27:10","modified_gmt":"2026-02-21T16:27:10","slug":"shtogrin-boris-fedorovich-1937-az-upa-folyo-tavasz-kezdeten-1997","status":"publish","type":"product","link":"https:\/\/artbusinessclub.eu\/en\/product\/shtogrin-boris-fedorovich-1937-az-upa-folyo-tavasz-kezdeten-1997\/","title":{"rendered":"Shtogrin Boris Fedorovich (1937- ) Az Upa foly\u00f3 tavasz kezdet\u00e9n, 1997"},"content":{"rendered":"<p><strong>2923<\/strong><\/p>\n<p><strong>Shtogrin Boris Fedorovich (1937- )<\/strong><\/p>\n<p><b style=\"font-style: inherit;\">Az Upa foly\u00f3 tavasz kezdet\u00e9n<\/b><\/p>\n<p>Watercolor on cardboard<\/p>\n<p>Kor: 1997<\/p>\n<p>Jelezve jobbra lent \u00e9s h\u00e1tul<\/p>\n<p><span style=\"font-size: 16px;\">M\u00e9rete kerettel: 27 x 32,5 cm<\/span><\/p>\n<p>Sz\u00e1rmaz\u00e1s: Oroszorsz\u00e1g<\/p>","protected":false},"excerpt":{"rendered":"<div class=\"woocommerce-product-details__short-description\">\n<div class=\"woocommerce-product-details__short-description\">\n<p>Ig\u00e9nyes akvarell alkot\u00e1s, az Upa foly\u00f3t \u00e1br\u00e1zol\u00f3 l\u00e1tk\u00e9p tavasz kezdet\u00e9n <strong>Shtogrin Boris Fedorovich (1937- ) <\/strong>orosz m\u0171v\u00e9szt\u0151l 1997-b\u0151l paszpartus, \u00fcvegezett keretben (apr\u00f3 fest\u00e9s jav\u00edt\u00e1st ig\u00e9nyel).<\/p>\n<p>\u2014\u2014\u2014\u2014\u2014\u2014\u2014\u2014\u2014\u2014\u2014\u2014\u2014\u2014\u2014\u2014\u2014\u2014\u2014\u2014\u2014\u2014\u2014\u2014\u2014\u2014\u2014\u2014\u2014\u2014\u2014\u2014\u2014\u2014\u2014\u2014\u2014\u2014\u2014<\/p>\n<div class=\"woocommerce-product-details__short-description\">\n<div class=\"woocommerce-product-details__short-description\">\n<p>MAKE AN OFFER! Send us your offer to\u00a0<strong><em>offer@artbusinessclub.eu<\/em>\u00a0<\/strong>e-mail address!<\/p>\n<\/div>\n<\/div>\n<\/div>\n<\/div>","protected":false},"featured_media":65178,"template":"","meta":{"site-sidebar-layout":"default","site-content-layout":"default","ast-site-content-layout":"default","site-content-style":"default","site-sidebar-style":"default","ast-global-header-display":"","ast-banner-title-visibility":"","ast-main-header-display":"","ast-hfb-above-header-display":"","ast-hfb-below-header-display":"","ast-hfb-mobile-header-display":"","site-post-title":"","ast-breadcrumbs-content":"","ast-featured-img":"","footer-sml-layout":"","ast-disable-related-posts":"","theme-transparent-header-meta":"default","adv-header-id-meta":"","stick-header-meta":"","header-above-stick-meta":"","header-main-stick-meta":"","header-below-stick-meta":"","astra-migrate-meta-layouts":"set","ast-page-background-enabled":"default","ast-page-background-meta":{"desktop":{"background-color":"","background-image":"","background-repeat":"repeat","background-position":"center center","background-size":"auto","background-attachment":"scroll","background-type":"","background-media":"","overlay-type":"","overlay-color":"","overlay-opacity":"","overlay-gradient":""},"tablet":{"background-color":"","background-image":"","background-repeat":"repeat","background-position":"center center","background-size":"auto","background-attachment":"scroll","background-type":"","background-media":"","overlay-type":"","overlay-color":"","overlay-opacity":"","overlay-gradient":""},"mobile":{"background-color":"","background-image":"","background-repeat":"repeat","background-position":"center center","background-size":"auto","background-attachment":"scroll","background-type":"","background-media":"","overlay-type":"","overlay-color":"","overlay-opacity":"","overlay-gradient":""}},"ast-content-background-meta":{"desktop":{"background-color":"var(--ast-global-color-5)","background-image":"","background-repeat":"repeat","background-position":"center center","background-size":"auto","background-attachment":"scroll","background-type":"","background-media":"","overlay-type":"","overlay-color":"","overlay-opacity":"","overlay-gradient":""},"tablet":{"background-color":"var(--ast-global-color-5)","background-image":"","background-repeat":"repeat","background-position":"center center","background-size":"auto","background-attachment":"scroll","background-type":"","background-media":"","overlay-type":"","overlay-color":"","overlay-opacity":"","overlay-gradient":""},"mobile":{"background-color":"var(--ast-global-color-5)","background-image":"","background-repeat":"repeat","background-position":"center center","background-size":"auto","background-attachment":"scroll","background-type":"","background-media":"","overlay-type":"","overlay-color":"","overlay-opacity":"","overlay-gradient":""}}},"product_brand":[],"product_cat":[65],"product_tag":[],"class_list":{"0":"post-65177","1":"product","2":"type-product","3":"status-publish","4":"has-post-thumbnail","6":"product_cat-festmenyek","7":"pa_meret-kis-meretu-festmenyek-35-cm-tag","8":"desktop-align-left","9":"tablet-align-left","10":"mobile-align-left","11":"ast-product-gallery-layout-horizontal-slider","12":"ast-product-tabs-layout-horizontal","14":"first","15":"instock","16":"sold-individually","17":"taxable","18":"shipping-taxable","19":"purchasable","20":"product-type-simple"},"yoast_head":"<!-- This site is optimized with the Yoast SEO plugin v27.4 - https:\/\/yoast.com\/product\/yoast-seo-wordpress\/ -->\n<title>Shtogrin Boris Fedorovich (1937- ) Az Upa foly\u00f3 tavasz kezdet\u00e9n, 1997 - Art Business Club M\u0171kereskedelmi Kft.<\/title>\n<meta name=\"description\" content=\"Ig\u00e9nyes akvarell alkot\u00e1s, az Upa foly\u00f3t \u00e1br\u00e1zol\u00f3 l\u00e1tk\u00e9p tavasz kezdet\u00e9n Shtogrin Boris Fedorovich (1937- ) orosz m\u0171v\u00e9szt\u0151l 1997-b\u0151l paszpartus, \u00fcvegezett keretben (apr\u00f3 fest\u00e9s jav\u00edt\u00e1st ig\u00e9nyel).  \u2014\u2014\u2014\u2014\u2014\u2014\u2014\u2014\u2014\u2014\u2014\u2014\u2014\u2014\u2014\u2014\u2014\u2014\u2014\u2014\u2014\u2014\u2014\u2014\u2014\u2014\u2014\u2014\u2014\u2014\u2014\u2014\u2014\u2014\u2014\u2014\u2014\u2014\u2014    V\u00c1RJUK AJ\u00c1NLAT\u00c1T! K\u00fcldje el aj\u00e1nlat\u00e1t az\u00a0ajanlat@artbusinessclub.eu\u00a0e-mail c\u00edmre!\" \/>\n<meta name=\"robots\" content=\"index, follow, max-snippet:-1, max-image-preview:large, max-video-preview:-1\" \/>\n<link rel=\"canonical\" href=\"https:\/\/artbusinessclub.eu\/en\/product\/shtogrin-boris-fedorovich-1937-az-upa-folyo-tavasz-kezdeten-1997\/\" \/>\n<meta property=\"og:locale\" content=\"en_US\" \/>\n<meta property=\"og:type\" content=\"article\" \/>\n<meta property=\"og:title\" content=\"Shtogrin Boris Fedorovich (1937- ) Az Upa foly\u00f3 tavasz kezdet\u00e9n, 1997 - Art Business Club M\u0171kereskedelmi Kft.\" \/>\n<meta property=\"og:description\" content=\"Ig\u00e9nyes akvarell alkot\u00e1s, az Upa foly\u00f3t \u00e1br\u00e1zol\u00f3 l\u00e1tk\u00e9p tavasz kezdet\u00e9n Shtogrin Boris Fedorovich (1937- ) orosz m\u0171v\u00e9szt\u0151l 1997-b\u0151l paszpartus, \u00fcvegezett keretben (apr\u00f3 fest\u00e9s jav\u00edt\u00e1st ig\u00e9nyel).  \u2014\u2014\u2014\u2014\u2014\u2014\u2014\u2014\u2014\u2014\u2014\u2014\u2014\u2014\u2014\u2014\u2014\u2014\u2014\u2014\u2014\u2014\u2014\u2014\u2014\u2014\u2014\u2014\u2014\u2014\u2014\u2014\u2014\u2014\u2014\u2014\u2014\u2014\u2014    V\u00c1RJUK AJ\u00c1NLAT\u00c1T! K\u00fcldje el aj\u00e1nlat\u00e1t az\u00a0ajanlat@artbusinessclub.eu\u00a0e-mail c\u00edmre!\" \/>\n<meta property=\"og:url\" content=\"https:\/\/artbusinessclub.eu\/en\/product\/shtogrin-boris-fedorovich-1937-az-upa-folyo-tavasz-kezdeten-1997\/\" \/>\n<meta property=\"og:site_name\" content=\"Art Business Club M\u0171kereskedelmi Kft.\" \/>\n<meta property=\"article:modified_time\" content=\"2026-02-21T16:27:10+00:00\" \/>\n<meta property=\"og:image\" content=\"https:\/\/artbusinessclub.eu\/wp-content\/uploads\/2026\/02\/2923front2.jpg\" \/>\n\t<meta property=\"og:image:width\" content=\"2400\" \/>\n\t<meta property=\"og:image:height\" content=\"2400\" \/>\n\t<meta property=\"og:image:type\" content=\"image\/jpeg\" \/>\n<meta name=\"twitter:card\" content=\"summary_large_image\" \/>\n<script type=\"application\/ld+json\" class=\"yoast-schema-graph\">{\"@context\":\"https:\\\/\\\/schema.org\",\"@graph\":[{\"@type\":\"WebPage\",\"@id\":\"https:\\\/\\\/artbusinessclub.eu\\\/termek\\\/shtogrin-boris-fedorovich-1937-az-upa-folyo-tavasz-kezdeten-1997\\\/\",\"url\":\"https:\\\/\\\/artbusinessclub.eu\\\/termek\\\/shtogrin-boris-fedorovich-1937-az-upa-folyo-tavasz-kezdeten-1997\\\/\",\"name\":\"Shtogrin Boris Fedorovich (1937- ) Az Upa foly\u00f3 tavasz kezdet\u00e9n, 1997 - Art Business Club M\u0171kereskedelmi Kft.\",\"isPartOf\":{\"@id\":\"https:\\\/\\\/artbusinessclub.eu\\\/en\\\/#website\"},\"primaryImageOfPage\":{\"@id\":\"https:\\\/\\\/artbusinessclub.eu\\\/termek\\\/shtogrin-boris-fedorovich-1937-az-upa-folyo-tavasz-kezdeten-1997\\\/#primaryimage\"},\"image\":{\"@id\":\"https:\\\/\\\/artbusinessclub.eu\\\/termek\\\/shtogrin-boris-fedorovich-1937-az-upa-folyo-tavasz-kezdeten-1997\\\/#primaryimage\"},\"thumbnailUrl\":\"https:\\\/\\\/artbusinessclub.eu\\\/wp-content\\\/uploads\\\/2026\\\/02\\\/2923front2.jpg\",\"datePublished\":\"2026-02-21T16:06:54+00:00\",\"dateModified\":\"2026-02-21T16:27:10+00:00\",\"description\":\"Ig\u00e9nyes akvarell alkot\u00e1s, az Upa foly\u00f3t \u00e1br\u00e1zol\u00f3 l\u00e1tk\u00e9p tavasz kezdet\u00e9n Shtogrin Boris Fedorovich (1937- ) orosz m\u0171v\u00e9szt\u0151l 1997-b\u0151l paszpartus, \u00fcvegezett keretben (apr\u00f3 fest\u00e9s jav\u00edt\u00e1st ig\u00e9nyel). \u2014\u2014\u2014\u2014\u2014\u2014\u2014\u2014\u2014\u2014\u2014\u2014\u2014\u2014\u2014\u2014\u2014\u2014\u2014\u2014\u2014\u2014\u2014\u2014\u2014\u2014\u2014\u2014\u2014\u2014\u2014\u2014\u2014\u2014\u2014\u2014\u2014\u2014\u2014 V\u00c1RJUK AJ\u00c1NLAT\u00c1T! K\u00fcldje el aj\u00e1nlat\u00e1t az\u00a0ajanlat@artbusinessclub.eu\u00a0e-mail c\u00edmre!\",\"breadcrumb\":{\"@id\":\"https:\\\/\\\/artbusinessclub.eu\\\/termek\\\/shtogrin-boris-fedorovich-1937-az-upa-folyo-tavasz-kezdeten-1997\\\/#breadcrumb\"},\"inLanguage\":\"en-US\",\"potentialAction\":[{\"@type\":\"ReadAction\",\"target\":[\"https:\\\/\\\/artbusinessclub.eu\\\/termek\\\/shtogrin-boris-fedorovich-1937-az-upa-folyo-tavasz-kezdeten-1997\\\/\"]}]},{\"@type\":\"ImageObject\",\"inLanguage\":\"en-US\",\"@id\":\"https:\\\/\\\/artbusinessclub.eu\\\/termek\\\/shtogrin-boris-fedorovich-1937-az-upa-folyo-tavasz-kezdeten-1997\\\/#primaryimage\",\"url\":\"https:\\\/\\\/artbusinessclub.eu\\\/wp-content\\\/uploads\\\/2026\\\/02\\\/2923front2.jpg\",\"contentUrl\":\"https:\\\/\\\/artbusinessclub.eu\\\/wp-content\\\/uploads\\\/2026\\\/02\\\/2923front2.jpg\",\"width\":2400,\"height\":2400},{\"@type\":\"BreadcrumbList\",\"@id\":\"https:\\\/\\\/artbusinessclub.eu\\\/termek\\\/shtogrin-boris-fedorovich-1937-az-upa-folyo-tavasz-kezdeten-1997\\\/#breadcrumb\",\"itemListElement\":[{\"@type\":\"ListItem\",\"position\":1,\"name\":\"Kezd\u0151lap\",\"item\":\"https:\\\/\\\/artbusinessclub.eu\\\/\"},{\"@type\":\"ListItem\",\"position\":2,\"name\":\"Webshop\",\"item\":\"https:\\\/\\\/artbusinessclub.eu\\\/webshop\\\/\"},{\"@type\":\"ListItem\",\"position\":3,\"name\":\"Shtogrin Boris Fedorovich (1937- ) Az Upa foly\u00f3 tavasz kezdet\u00e9n, 1997\"}]},{\"@type\":\"WebSite\",\"@id\":\"https:\\\/\\\/artbusinessclub.eu\\\/en\\\/#website\",\"url\":\"https:\\\/\\\/artbusinessclub.eu\\\/en\\\/\",\"name\":\"Art Business Club M\u0171kereskedelmi Kft.\",\"description\":\"Fektesse p\u00e9nz\u00e9t festm\u00e9nyekbe!\",\"publisher\":{\"@id\":\"https:\\\/\\\/artbusinessclub.eu\\\/en\\\/#organization\"},\"potentialAction\":[{\"@type\":\"SearchAction\",\"target\":{\"@type\":\"EntryPoint\",\"urlTemplate\":\"https:\\\/\\\/artbusinessclub.eu\\\/en\\\/?s={search_term_string}\"},\"query-input\":{\"@type\":\"PropertyValueSpecification\",\"valueRequired\":true,\"valueName\":\"search_term_string\"}}],\"inLanguage\":\"en-US\"},{\"@type\":\"Organization\",\"@id\":\"https:\\\/\\\/artbusinessclub.eu\\\/en\\\/#organization\",\"name\":\"ART BUSINESS CLUB M\u0171kereskedelmi Kft.\",\"url\":\"https:\\\/\\\/artbusinessclub.eu\\\/en\\\/\",\"logo\":{\"@type\":\"ImageObject\",\"inLanguage\":\"en-US\",\"@id\":\"https:\\\/\\\/artbusinessclub.eu\\\/en\\\/#\\\/schema\\\/logo\\\/image\\\/\",\"url\":\"https:\\\/\\\/artbusinessclub.eu\\\/wp-content\\\/uploads\\\/2021\\\/04\\\/artbusiness01.png\",\"contentUrl\":\"https:\\\/\\\/artbusinessclub.eu\\\/wp-content\\\/uploads\\\/2021\\\/04\\\/artbusiness01.png\",\"width\":1456,\"height\":323,\"caption\":\"ART BUSINESS CLUB M\u0171kereskedelmi Kft.\"},\"image\":{\"@id\":\"https:\\\/\\\/artbusinessclub.eu\\\/en\\\/#\\\/schema\\\/logo\\\/image\\\/\"}}]}<\/script>\n<!-- \/ Yoast SEO plugin. -->","yoast_head_json":{"title":"Shtogrin Boris Fedorovich (1937- ) Az Upa foly\u00f3 tavasz kezdet\u00e9n, 1997 - Art Business Club M\u0171kereskedelmi Kft.","description":"Ig\u00e9nyes akvarell alkot\u00e1s, az Upa foly\u00f3t \u00e1br\u00e1zol\u00f3 l\u00e1tk\u00e9p tavasz kezdet\u00e9n Shtogrin Boris Fedorovich (1937- ) orosz m\u0171v\u00e9szt\u0151l 1997-b\u0151l paszpartus, \u00fcvegezett keretben (apr\u00f3 fest\u00e9s jav\u00edt\u00e1st ig\u00e9nyel).  \u2014\u2014\u2014\u2014\u2014\u2014\u2014\u2014\u2014\u2014\u2014\u2014\u2014\u2014\u2014\u2014\u2014\u2014\u2014\u2014\u2014\u2014\u2014\u2014\u2014\u2014\u2014\u2014\u2014\u2014\u2014\u2014\u2014\u2014\u2014\u2014\u2014\u2014\u2014    V\u00c1RJUK AJ\u00c1NLAT\u00c1T! K\u00fcldje el aj\u00e1nlat\u00e1t az\u00a0ajanlat@artbusinessclub.eu\u00a0e-mail c\u00edmre!","robots":{"index":"index","follow":"follow","max-snippet":"max-snippet:-1","max-image-preview":"max-image-preview:large","max-video-preview":"max-video-preview:-1"},"canonical":"https:\/\/artbusinessclub.eu\/en\/product\/shtogrin-boris-fedorovich-1937-az-upa-folyo-tavasz-kezdeten-1997\/","og_locale":"en_US","og_type":"article","og_title":"Shtogrin Boris Fedorovich (1937- ) Az Upa foly\u00f3 tavasz kezdet\u00e9n, 1997 - Art Business Club M\u0171kereskedelmi Kft.","og_description":"Ig\u00e9nyes akvarell alkot\u00e1s, az Upa foly\u00f3t \u00e1br\u00e1zol\u00f3 l\u00e1tk\u00e9p tavasz kezdet\u00e9n Shtogrin Boris Fedorovich (1937- ) orosz m\u0171v\u00e9szt\u0151l 1997-b\u0151l paszpartus, \u00fcvegezett keretben (apr\u00f3 fest\u00e9s jav\u00edt\u00e1st ig\u00e9nyel).  \u2014\u2014\u2014\u2014\u2014\u2014\u2014\u2014\u2014\u2014\u2014\u2014\u2014\u2014\u2014\u2014\u2014\u2014\u2014\u2014\u2014\u2014\u2014\u2014\u2014\u2014\u2014\u2014\u2014\u2014\u2014\u2014\u2014\u2014\u2014\u2014\u2014\u2014\u2014    V\u00c1RJUK AJ\u00c1NLAT\u00c1T! K\u00fcldje el aj\u00e1nlat\u00e1t az\u00a0ajanlat@artbusinessclub.eu\u00a0e-mail c\u00edmre!","og_url":"https:\/\/artbusinessclub.eu\/en\/product\/shtogrin-boris-fedorovich-1937-az-upa-folyo-tavasz-kezdeten-1997\/","og_site_name":"Art Business Club M\u0171kereskedelmi Kft.","article_modified_time":"2026-02-21T16:27:10+00:00","og_image":[{"width":2400,"height":2400,"url":"https:\/\/artbusinessclub.eu\/wp-content\/uploads\/2026\/02\/2923front2.jpg","type":"image\/jpeg"}],"twitter_card":"summary_large_image","schema":{"@context":"https:\/\/schema.org","@graph":[{"@type":"WebPage","@id":"https:\/\/artbusinessclub.eu\/termek\/shtogrin-boris-fedorovich-1937-az-upa-folyo-tavasz-kezdeten-1997\/","url":"https:\/\/artbusinessclub.eu\/termek\/shtogrin-boris-fedorovich-1937-az-upa-folyo-tavasz-kezdeten-1997\/","name":"Shtogrin Boris Fedorovich (1937- ) Az Upa foly\u00f3 tavasz kezdet\u00e9n, 1997 - Art Business Club M\u0171kereskedelmi Kft.","isPartOf":{"@id":"https:\/\/artbusinessclub.eu\/en\/#website"},"primaryImageOfPage":{"@id":"https:\/\/artbusinessclub.eu\/termek\/shtogrin-boris-fedorovich-1937-az-upa-folyo-tavasz-kezdeten-1997\/#primaryimage"},"image":{"@id":"https:\/\/artbusinessclub.eu\/termek\/shtogrin-boris-fedorovich-1937-az-upa-folyo-tavasz-kezdeten-1997\/#primaryimage"},"thumbnailUrl":"https:\/\/artbusinessclub.eu\/wp-content\/uploads\/2026\/02\/2923front2.jpg","datePublished":"2026-02-21T16:06:54+00:00","dateModified":"2026-02-21T16:27:10+00:00","description":"Ig\u00e9nyes akvarell alkot\u00e1s, az Upa foly\u00f3t \u00e1br\u00e1zol\u00f3 l\u00e1tk\u00e9p tavasz kezdet\u00e9n Shtogrin Boris Fedorovich (1937- ) orosz m\u0171v\u00e9szt\u0151l 1997-b\u0151l paszpartus, \u00fcvegezett keretben (apr\u00f3 fest\u00e9s jav\u00edt\u00e1st ig\u00e9nyel). \u2014\u2014\u2014\u2014\u2014\u2014\u2014\u2014\u2014\u2014\u2014\u2014\u2014\u2014\u2014\u2014\u2014\u2014\u2014\u2014\u2014\u2014\u2014\u2014\u2014\u2014\u2014\u2014\u2014\u2014\u2014\u2014\u2014\u2014\u2014\u2014\u2014\u2014\u2014 V\u00c1RJUK AJ\u00c1NLAT\u00c1T! K\u00fcldje el aj\u00e1nlat\u00e1t az\u00a0ajanlat@artbusinessclub.eu\u00a0e-mail c\u00edmre!","breadcrumb":{"@id":"https:\/\/artbusinessclub.eu\/termek\/shtogrin-boris-fedorovich-1937-az-upa-folyo-tavasz-kezdeten-1997\/#breadcrumb"},"inLanguage":"en-US","potentialAction":[{"@type":"ReadAction","target":["https:\/\/artbusinessclub.eu\/termek\/shtogrin-boris-fedorovich-1937-az-upa-folyo-tavasz-kezdeten-1997\/"]}]},{"@type":"ImageObject","inLanguage":"en-US","@id":"https:\/\/artbusinessclub.eu\/termek\/shtogrin-boris-fedorovich-1937-az-upa-folyo-tavasz-kezdeten-1997\/#primaryimage","url":"https:\/\/artbusinessclub.eu\/wp-content\/uploads\/2026\/02\/2923front2.jpg","contentUrl":"https:\/\/artbusinessclub.eu\/wp-content\/uploads\/2026\/02\/2923front2.jpg","width":2400,"height":2400},{"@type":"BreadcrumbList","@id":"https:\/\/artbusinessclub.eu\/termek\/shtogrin-boris-fedorovich-1937-az-upa-folyo-tavasz-kezdeten-1997\/#breadcrumb","itemListElement":[{"@type":"ListItem","position":1,"name":"Kezd\u0151lap","item":"https:\/\/artbusinessclub.eu\/"},{"@type":"ListItem","position":2,"name":"Webshop","item":"https:\/\/artbusinessclub.eu\/webshop\/"},{"@type":"ListItem","position":3,"name":"Shtogrin Boris Fedorovich (1937- ) Az Upa foly\u00f3 tavasz kezdet\u00e9n, 1997"}]},{"@type":"WebSite","@id":"https:\/\/artbusinessclub.eu\/en\/#website","url":"https:\/\/artbusinessclub.eu\/en\/","name":"Art Business Club Art Trading Ltd.","description":"Invest your money in paintings!","publisher":{"@id":"https:\/\/artbusinessclub.eu\/en\/#organization"},"potentialAction":[{"@type":"SearchAction","target":{"@type":"EntryPoint","urlTemplate":"https:\/\/artbusinessclub.eu\/en\/?s={search_term_string}"},"query-input":{"@type":"PropertyValueSpecification","valueRequired":true,"valueName":"search_term_string"}}],"inLanguage":"en-US"},{"@type":"Organization","@id":"https:\/\/artbusinessclub.eu\/en\/#organization","name":"ART BUSINESS CLUB Art Trading Ltd.","url":"https:\/\/artbusinessclub.eu\/en\/","logo":{"@type":"ImageObject","inLanguage":"en-US","@id":"https:\/\/artbusinessclub.eu\/en\/#\/schema\/logo\/image\/","url":"https:\/\/artbusinessclub.eu\/wp-content\/uploads\/2021\/04\/artbusiness01.png","contentUrl":"https:\/\/artbusinessclub.eu\/wp-content\/uploads\/2021\/04\/artbusiness01.png","width":1456,"height":323,"caption":"ART BUSINESS CLUB M\u0171kereskedelmi Kft."},"image":{"@id":"https:\/\/artbusinessclub.eu\/en\/#\/schema\/logo\/image\/"}}]}},"_links":{"self":[{"href":"https:\/\/artbusinessclub.eu\/en\/wp-json\/wp\/v2\/product\/65177","targetHints":{"allow":["GET"]}}],"collection":[{"href":"https:\/\/artbusinessclub.eu\/en\/wp-json\/wp\/v2\/product"}],"about":[{"href":"https:\/\/artbusinessclub.eu\/en\/wp-json\/wp\/v2\/types\/product"}],"wp:featuredmedia":[{"embeddable":true,"href":"https:\/\/artbusinessclub.eu\/en\/wp-json\/wp\/v2\/media\/65178"}],"wp:attachment":[{"href":"https:\/\/artbusinessclub.eu\/en\/wp-json\/wp\/v2\/media?parent=65177"}],"wp:term":[{"taxonomy":"product_brand","embeddable":true,"href":"https:\/\/artbusinessclub.eu\/en\/wp-json\/wp\/v2\/product_brand?post=65177"},{"taxonomy":"product_cat","embeddable":true,"href":"https:\/\/artbusinessclub.eu\/en\/wp-json\/wp\/v2\/product_cat?post=65177"},{"taxonomy":"product_tag","embeddable":true,"href":"https:\/\/artbusinessclub.eu\/en\/wp-json\/wp\/v2\/product_tag?post=65177"}],"curies":[{"name":"wp","href":"https:\/\/api.w.org\/{rel}","templated":true}]}}