{"id":66240,"date":"2026-04-08T12:43:05","date_gmt":"2026-04-08T12:43:05","guid":{"rendered":"https:\/\/artbusinessclub.eu\/?post_type=product&#038;p=66240"},"modified":"2026-04-08T12:46:00","modified_gmt":"2026-04-08T12:46:00","slug":"vitorlasok-alkonyatkor-ismeretlen-festo","status":"publish","type":"product","link":"https:\/\/artbusinessclub.eu\/en\/product\/vitorlasok-alkonyatkor-ismeretlen-festo\/","title":{"rendered":"Sailboats at dusk - Unknown painter"},"content":{"rendered":"<p><strong>1188<\/strong><\/p>\n<p class=\"f1 pt0\"><strong class=\"font_merriweather\">Vitorl\u00e1sok alkonyatkor <\/strong><\/p>\n<p><span style=\"font-size: 16px; font-style: normal; font-weight: 400;\">Oil on canvas<br \/>\n<\/span><\/p>\n<p>From the 1980-90s<\/p>\n<p>Not signed<em><br \/>\n<\/em><\/p>\n<p>Size: 70 x 50 cm<\/p>\n<p>Sz\u00e1rmaz\u00e1s: Nyugat-Eur\u00f3pa<\/p>","protected":false},"excerpt":{"rendered":"<p>K\u00fcl\u00f6nleges technik\u00e1val \u00e9s nagyon sz\u00e9p sz\u00ednvil\u00e1ggal megfestett kort\u00e1rs olaj-v\u00e1szon alkot\u00e1s Nyugat-Eur\u00f3p\u00e1b\u00f3l azonnal falra akaszthat\u00f3 \u00e1llapotban, nem ig\u00e9nyel keretez\u00e9st. Sajnos a m\u0171v\u00e9sz kil\u00e9te ismeretlen, de att\u00f3l m\u00e9g profi alkot\u00e1s!<\/p>\n<div class=\"woocommerce-product-details__short-description\">\u2014\u2014\u2014\u2014\u2014\u2014\u2014\u2014\u2014\u2014\u2014\u2014\u2014\u2014\u2014\u2014\u2014\u2014\u2014\u2014\u2014\u2014\u2014\u2014\u2014\u2014\u2014\u2014\u2014\u2014\u2014\u2014\u2014\u2014\u2014\u2014\u2014\u2014\u2014\u2014\u2014<\/div>\n<div class=\"woocommerce-product-details__short-description\">\n<p>MAKE AN OFFER! Send us your offer to <strong><em>offer@artbusinessclub.eu<\/em> <\/strong>e-mail address!<\/p>\n<\/div>\n<p>&nbsp;<\/p>\n<p>&nbsp;<\/p>","protected":false},"featured_media":23214,"template":"","meta":{"site-sidebar-layout":"default","site-content-layout":"default","ast-site-content-layout":"default","site-content-style":"default","site-sidebar-style":"default","ast-global-header-display":"","ast-banner-title-visibility":"","ast-main-header-display":"","ast-hfb-above-header-display":"","ast-hfb-below-header-display":"","ast-hfb-mobile-header-display":"","site-post-title":"","ast-breadcrumbs-content":"","ast-featured-img":"","footer-sml-layout":"","ast-disable-related-posts":"","theme-transparent-header-meta":"default","adv-header-id-meta":"","stick-header-meta":"","header-above-stick-meta":"","header-main-stick-meta":"","header-below-stick-meta":"","astra-migrate-meta-layouts":"set","ast-page-background-enabled":"default","ast-page-background-meta":{"desktop":{"background-color":"","background-image":"","background-repeat":"repeat","background-position":"center center","background-size":"auto","background-attachment":"scroll","background-type":"","background-media":"","overlay-type":"","overlay-color":"","overlay-opacity":"","overlay-gradient":""},"tablet":{"background-color":"","background-image":"","background-repeat":"repeat","background-position":"center center","background-size":"auto","background-attachment":"scroll","background-type":"","background-media":"","overlay-type":"","overlay-color":"","overlay-opacity":"","overlay-gradient":""},"mobile":{"background-color":"","background-image":"","background-repeat":"repeat","background-position":"center center","background-size":"auto","background-attachment":"scroll","background-type":"","background-media":"","overlay-type":"","overlay-color":"","overlay-opacity":"","overlay-gradient":""}},"ast-content-background-meta":{"desktop":{"background-color":"var(--ast-global-color-5)","background-image":"","background-repeat":"repeat","background-position":"center center","background-size":"auto","background-attachment":"scroll","background-type":"","background-media":"","overlay-type":"","overlay-color":"","overlay-opacity":"","overlay-gradient":""},"tablet":{"background-color":"var(--ast-global-color-5)","background-image":"","background-repeat":"repeat","background-position":"center center","background-size":"auto","background-attachment":"scroll","background-type":"","background-media":"","overlay-type":"","overlay-color":"","overlay-opacity":"","overlay-gradient":""},"mobile":{"background-color":"var(--ast-global-color-5)","background-image":"","background-repeat":"repeat","background-position":"center center","background-size":"auto","background-attachment":"scroll","background-type":"","background-media":"","overlay-type":"","overlay-color":"","overlay-opacity":"","overlay-gradient":""}}},"product_brand":[],"product_cat":[65],"product_tag":[],"class_list":{"0":"post-66240","1":"product","2":"type-product","3":"status-publish","4":"has-post-thumbnail","6":"product_cat-festmenyek","7":"pa_meret-nagy-festmenyek-70-cm-tag","8":"pa_tema-hajozas","9":"desktop-align-left","10":"tablet-align-left","11":"mobile-align-left","12":"ast-product-gallery-layout-horizontal-slider","13":"ast-product-tabs-layout-horizontal","15":"first","16":"instock","17":"sold-individually","18":"taxable","19":"shipping-taxable","20":"purchasable","21":"product-type-simple"},"yoast_head":"<!-- This site is optimized with the Yoast SEO plugin v27.4 - https:\/\/yoast.com\/product\/yoast-seo-wordpress\/ -->\n<title>Vitorl\u00e1sok alkonyatkor - Ismeretlen fest\u0151 - Art Business Club M\u0171kereskedelmi Kft.<\/title>\n<meta name=\"description\" content=\"K\u00fcl\u00f6nleges technik\u00e1val \u00e9s nagyon sz\u00e9p sz\u00ednvil\u00e1ggal megfestett kort\u00e1rs olaj-v\u00e1szon alkot\u00e1s Nyugat-Eur\u00f3p\u00e1b\u00f3l azonnal falra akaszthat\u00f3 \u00e1llapotban, nem ig\u00e9nyel keretez\u00e9st. Sajnos a m\u0171v\u00e9sz kil\u00e9te ismeretlen, de att\u00f3l m\u00e9g profi alkot\u00e1s! \u2014\u2014\u2014\u2014\u2014\u2014\u2014\u2014\u2014\u2014\u2014\u2014\u2014\u2014\u2014\u2014\u2014\u2014\u2014\u2014\u2014\u2014\u2014\u2014\u2014\u2014\u2014\u2014\u2014\u2014\u2014\u2014\u2014\u2014\u2014\u2014\u2014\u2014\u2014\u2014\u2014   V\u00c1RJUK AJ\u00c1NLAT\u00c1T! K\u00fcldje el aj\u00e1nlat\u00e1t az ajanlat@artbusinessclub.eu e-mail c\u00edmre!   &nbsp;  &nbsp;\" \/>\n<meta name=\"robots\" content=\"index, follow, max-snippet:-1, max-image-preview:large, max-video-preview:-1\" \/>\n<link rel=\"canonical\" href=\"https:\/\/artbusinessclub.eu\/en\/product\/vitorlasok-alkonyatkor-ismeretlen-festo\/\" \/>\n<meta property=\"og:locale\" content=\"en_US\" \/>\n<meta property=\"og:type\" content=\"article\" \/>\n<meta property=\"og:title\" content=\"Vitorl\u00e1sok alkonyatkor - Ismeretlen fest\u0151 - Art Business Club M\u0171kereskedelmi Kft.\" \/>\n<meta property=\"og:description\" content=\"K\u00fcl\u00f6nleges technik\u00e1val \u00e9s nagyon sz\u00e9p sz\u00ednvil\u00e1ggal megfestett kort\u00e1rs olaj-v\u00e1szon alkot\u00e1s Nyugat-Eur\u00f3p\u00e1b\u00f3l azonnal falra akaszthat\u00f3 \u00e1llapotban, nem ig\u00e9nyel keretez\u00e9st. Sajnos a m\u0171v\u00e9sz kil\u00e9te ismeretlen, de att\u00f3l m\u00e9g profi alkot\u00e1s! \u2014\u2014\u2014\u2014\u2014\u2014\u2014\u2014\u2014\u2014\u2014\u2014\u2014\u2014\u2014\u2014\u2014\u2014\u2014\u2014\u2014\u2014\u2014\u2014\u2014\u2014\u2014\u2014\u2014\u2014\u2014\u2014\u2014\u2014\u2014\u2014\u2014\u2014\u2014\u2014\u2014   V\u00c1RJUK AJ\u00c1NLAT\u00c1T! K\u00fcldje el aj\u00e1nlat\u00e1t az ajanlat@artbusinessclub.eu e-mail c\u00edmre!   &nbsp;  &nbsp;\" \/>\n<meta property=\"og:url\" content=\"https:\/\/artbusinessclub.eu\/en\/product\/vitorlasok-alkonyatkor-ismeretlen-festo\/\" \/>\n<meta property=\"og:site_name\" content=\"Art Business Club M\u0171kereskedelmi Kft.\" \/>\n<meta property=\"article:modified_time\" content=\"2026-04-08T12:46:00+00:00\" \/>\n<meta property=\"og:image\" content=\"https:\/\/artbusinessclub.eu\/wp-content\/uploads\/2021\/06\/1188-front2.jpg\" \/>\n\t<meta property=\"og:image:width\" content=\"2400\" \/>\n\t<meta property=\"og:image:height\" content=\"2400\" \/>\n\t<meta property=\"og:image:type\" content=\"image\/jpeg\" \/>\n<meta name=\"twitter:card\" content=\"summary_large_image\" \/>\n<meta name=\"twitter:label1\" content=\"Est. reading time\" \/>\n\t<meta name=\"twitter:data1\" content=\"1 minute\" \/>\n<script type=\"application\/ld+json\" class=\"yoast-schema-graph\">{\"@context\":\"https:\\\/\\\/schema.org\",\"@graph\":[{\"@type\":\"WebPage\",\"@id\":\"https:\\\/\\\/artbusinessclub.eu\\\/termek\\\/vitorlasok-alkonyatkor-ismeretlen-festo\\\/\",\"url\":\"https:\\\/\\\/artbusinessclub.eu\\\/termek\\\/vitorlasok-alkonyatkor-ismeretlen-festo\\\/\",\"name\":\"Vitorl\u00e1sok alkonyatkor - Ismeretlen fest\u0151 - Art Business Club M\u0171kereskedelmi Kft.\",\"isPartOf\":{\"@id\":\"https:\\\/\\\/artbusinessclub.eu\\\/en\\\/#website\"},\"primaryImageOfPage\":{\"@id\":\"https:\\\/\\\/artbusinessclub.eu\\\/termek\\\/vitorlasok-alkonyatkor-ismeretlen-festo\\\/#primaryimage\"},\"image\":{\"@id\":\"https:\\\/\\\/artbusinessclub.eu\\\/termek\\\/vitorlasok-alkonyatkor-ismeretlen-festo\\\/#primaryimage\"},\"thumbnailUrl\":\"https:\\\/\\\/artbusinessclub.eu\\\/wp-content\\\/uploads\\\/2021\\\/06\\\/1188-front2.jpg\",\"datePublished\":\"2026-04-08T12:43:05+00:00\",\"dateModified\":\"2026-04-08T12:46:00+00:00\",\"description\":\"K\u00fcl\u00f6nleges technik\u00e1val \u00e9s nagyon sz\u00e9p sz\u00ednvil\u00e1ggal megfestett kort\u00e1rs olaj-v\u00e1szon alkot\u00e1s Nyugat-Eur\u00f3p\u00e1b\u00f3l azonnal falra akaszthat\u00f3 \u00e1llapotban, nem ig\u00e9nyel keretez\u00e9st. Sajnos a m\u0171v\u00e9sz kil\u00e9te ismeretlen, de att\u00f3l m\u00e9g profi alkot\u00e1s! \u2014\u2014\u2014\u2014\u2014\u2014\u2014\u2014\u2014\u2014\u2014\u2014\u2014\u2014\u2014\u2014\u2014\u2014\u2014\u2014\u2014\u2014\u2014\u2014\u2014\u2014\u2014\u2014\u2014\u2014\u2014\u2014\u2014\u2014\u2014\u2014\u2014\u2014\u2014\u2014\u2014 V\u00c1RJUK AJ\u00c1NLAT\u00c1T! K\u00fcldje el aj\u00e1nlat\u00e1t az ajanlat@artbusinessclub.eu e-mail c\u00edmre! &nbsp; &nbsp;\",\"breadcrumb\":{\"@id\":\"https:\\\/\\\/artbusinessclub.eu\\\/termek\\\/vitorlasok-alkonyatkor-ismeretlen-festo\\\/#breadcrumb\"},\"inLanguage\":\"en-US\",\"potentialAction\":[{\"@type\":\"ReadAction\",\"target\":[\"https:\\\/\\\/artbusinessclub.eu\\\/termek\\\/vitorlasok-alkonyatkor-ismeretlen-festo\\\/\"]}]},{\"@type\":\"ImageObject\",\"inLanguage\":\"en-US\",\"@id\":\"https:\\\/\\\/artbusinessclub.eu\\\/termek\\\/vitorlasok-alkonyatkor-ismeretlen-festo\\\/#primaryimage\",\"url\":\"https:\\\/\\\/artbusinessclub.eu\\\/wp-content\\\/uploads\\\/2021\\\/06\\\/1188-front2.jpg\",\"contentUrl\":\"https:\\\/\\\/artbusinessclub.eu\\\/wp-content\\\/uploads\\\/2021\\\/06\\\/1188-front2.jpg\",\"width\":2400,\"height\":2400},{\"@type\":\"BreadcrumbList\",\"@id\":\"https:\\\/\\\/artbusinessclub.eu\\\/termek\\\/vitorlasok-alkonyatkor-ismeretlen-festo\\\/#breadcrumb\",\"itemListElement\":[{\"@type\":\"ListItem\",\"position\":1,\"name\":\"Kezd\u0151lap\",\"item\":\"https:\\\/\\\/artbusinessclub.eu\\\/\"},{\"@type\":\"ListItem\",\"position\":2,\"name\":\"Webshop\",\"item\":\"https:\\\/\\\/artbusinessclub.eu\\\/webshop\\\/\"},{\"@type\":\"ListItem\",\"position\":3,\"name\":\"Vitorl\u00e1sok alkonyatkor &#8211; Ismeretlen fest\u0151\"}]},{\"@type\":\"WebSite\",\"@id\":\"https:\\\/\\\/artbusinessclub.eu\\\/en\\\/#website\",\"url\":\"https:\\\/\\\/artbusinessclub.eu\\\/en\\\/\",\"name\":\"Art Business Club M\u0171kereskedelmi Kft.\",\"description\":\"Fektesse p\u00e9nz\u00e9t festm\u00e9nyekbe!\",\"publisher\":{\"@id\":\"https:\\\/\\\/artbusinessclub.eu\\\/en\\\/#organization\"},\"potentialAction\":[{\"@type\":\"SearchAction\",\"target\":{\"@type\":\"EntryPoint\",\"urlTemplate\":\"https:\\\/\\\/artbusinessclub.eu\\\/en\\\/?s={search_term_string}\"},\"query-input\":{\"@type\":\"PropertyValueSpecification\",\"valueRequired\":true,\"valueName\":\"search_term_string\"}}],\"inLanguage\":\"en-US\"},{\"@type\":\"Organization\",\"@id\":\"https:\\\/\\\/artbusinessclub.eu\\\/en\\\/#organization\",\"name\":\"ART BUSINESS CLUB M\u0171kereskedelmi Kft.\",\"url\":\"https:\\\/\\\/artbusinessclub.eu\\\/en\\\/\",\"logo\":{\"@type\":\"ImageObject\",\"inLanguage\":\"en-US\",\"@id\":\"https:\\\/\\\/artbusinessclub.eu\\\/en\\\/#\\\/schema\\\/logo\\\/image\\\/\",\"url\":\"https:\\\/\\\/artbusinessclub.eu\\\/wp-content\\\/uploads\\\/2021\\\/04\\\/artbusiness01.png\",\"contentUrl\":\"https:\\\/\\\/artbusinessclub.eu\\\/wp-content\\\/uploads\\\/2021\\\/04\\\/artbusiness01.png\",\"width\":1456,\"height\":323,\"caption\":\"ART BUSINESS CLUB M\u0171kereskedelmi Kft.\"},\"image\":{\"@id\":\"https:\\\/\\\/artbusinessclub.eu\\\/en\\\/#\\\/schema\\\/logo\\\/image\\\/\"}}]}<\/script>\n<!-- \/ Yoast SEO plugin. -->","yoast_head_json":{"title":"Vitorl\u00e1sok alkonyatkor - Ismeretlen fest\u0151 - Art Business Club M\u0171kereskedelmi Kft.","description":"K\u00fcl\u00f6nleges technik\u00e1val \u00e9s nagyon sz\u00e9p sz\u00ednvil\u00e1ggal megfestett kort\u00e1rs olaj-v\u00e1szon alkot\u00e1s Nyugat-Eur\u00f3p\u00e1b\u00f3l azonnal falra akaszthat\u00f3 \u00e1llapotban, nem ig\u00e9nyel keretez\u00e9st. Sajnos a m\u0171v\u00e9sz kil\u00e9te ismeretlen, de att\u00f3l m\u00e9g profi alkot\u00e1s! \u2014\u2014\u2014\u2014\u2014\u2014\u2014\u2014\u2014\u2014\u2014\u2014\u2014\u2014\u2014\u2014\u2014\u2014\u2014\u2014\u2014\u2014\u2014\u2014\u2014\u2014\u2014\u2014\u2014\u2014\u2014\u2014\u2014\u2014\u2014\u2014\u2014\u2014\u2014\u2014\u2014   V\u00c1RJUK AJ\u00c1NLAT\u00c1T! K\u00fcldje el aj\u00e1nlat\u00e1t az ajanlat@artbusinessclub.eu e-mail c\u00edmre!   &nbsp;  &nbsp;","robots":{"index":"index","follow":"follow","max-snippet":"max-snippet:-1","max-image-preview":"max-image-preview:large","max-video-preview":"max-video-preview:-1"},"canonical":"https:\/\/artbusinessclub.eu\/en\/product\/vitorlasok-alkonyatkor-ismeretlen-festo\/","og_locale":"en_US","og_type":"article","og_title":"Vitorl\u00e1sok alkonyatkor - Ismeretlen fest\u0151 - Art Business Club M\u0171kereskedelmi Kft.","og_description":"K\u00fcl\u00f6nleges technik\u00e1val \u00e9s nagyon sz\u00e9p sz\u00ednvil\u00e1ggal megfestett kort\u00e1rs olaj-v\u00e1szon alkot\u00e1s Nyugat-Eur\u00f3p\u00e1b\u00f3l azonnal falra akaszthat\u00f3 \u00e1llapotban, nem ig\u00e9nyel keretez\u00e9st. Sajnos a m\u0171v\u00e9sz kil\u00e9te ismeretlen, de att\u00f3l m\u00e9g profi alkot\u00e1s! \u2014\u2014\u2014\u2014\u2014\u2014\u2014\u2014\u2014\u2014\u2014\u2014\u2014\u2014\u2014\u2014\u2014\u2014\u2014\u2014\u2014\u2014\u2014\u2014\u2014\u2014\u2014\u2014\u2014\u2014\u2014\u2014\u2014\u2014\u2014\u2014\u2014\u2014\u2014\u2014\u2014   V\u00c1RJUK AJ\u00c1NLAT\u00c1T! K\u00fcldje el aj\u00e1nlat\u00e1t az ajanlat@artbusinessclub.eu e-mail c\u00edmre!   &nbsp;  &nbsp;","og_url":"https:\/\/artbusinessclub.eu\/en\/product\/vitorlasok-alkonyatkor-ismeretlen-festo\/","og_site_name":"Art Business Club M\u0171kereskedelmi Kft.","article_modified_time":"2026-04-08T12:46:00+00:00","og_image":[{"width":2400,"height":2400,"url":"https:\/\/artbusinessclub.eu\/wp-content\/uploads\/2021\/06\/1188-front2.jpg","type":"image\/jpeg"}],"twitter_card":"summary_large_image","twitter_misc":{"Est. reading time":"1 minute"},"schema":{"@context":"https:\/\/schema.org","@graph":[{"@type":"WebPage","@id":"https:\/\/artbusinessclub.eu\/termek\/vitorlasok-alkonyatkor-ismeretlen-festo\/","url":"https:\/\/artbusinessclub.eu\/termek\/vitorlasok-alkonyatkor-ismeretlen-festo\/","name":"Vitorl\u00e1sok alkonyatkor - Ismeretlen fest\u0151 - Art Business Club M\u0171kereskedelmi Kft.","isPartOf":{"@id":"https:\/\/artbusinessclub.eu\/en\/#website"},"primaryImageOfPage":{"@id":"https:\/\/artbusinessclub.eu\/termek\/vitorlasok-alkonyatkor-ismeretlen-festo\/#primaryimage"},"image":{"@id":"https:\/\/artbusinessclub.eu\/termek\/vitorlasok-alkonyatkor-ismeretlen-festo\/#primaryimage"},"thumbnailUrl":"https:\/\/artbusinessclub.eu\/wp-content\/uploads\/2021\/06\/1188-front2.jpg","datePublished":"2026-04-08T12:43:05+00:00","dateModified":"2026-04-08T12:46:00+00:00","description":"K\u00fcl\u00f6nleges technik\u00e1val \u00e9s nagyon sz\u00e9p sz\u00ednvil\u00e1ggal megfestett kort\u00e1rs olaj-v\u00e1szon alkot\u00e1s Nyugat-Eur\u00f3p\u00e1b\u00f3l azonnal falra akaszthat\u00f3 \u00e1llapotban, nem ig\u00e9nyel keretez\u00e9st. Sajnos a m\u0171v\u00e9sz kil\u00e9te ismeretlen, de att\u00f3l m\u00e9g profi alkot\u00e1s! \u2014\u2014\u2014\u2014\u2014\u2014\u2014\u2014\u2014\u2014\u2014\u2014\u2014\u2014\u2014\u2014\u2014\u2014\u2014\u2014\u2014\u2014\u2014\u2014\u2014\u2014\u2014\u2014\u2014\u2014\u2014\u2014\u2014\u2014\u2014\u2014\u2014\u2014\u2014\u2014\u2014 V\u00c1RJUK AJ\u00c1NLAT\u00c1T! K\u00fcldje el aj\u00e1nlat\u00e1t az ajanlat@artbusinessclub.eu e-mail c\u00edmre! &nbsp; &nbsp;","breadcrumb":{"@id":"https:\/\/artbusinessclub.eu\/termek\/vitorlasok-alkonyatkor-ismeretlen-festo\/#breadcrumb"},"inLanguage":"en-US","potentialAction":[{"@type":"ReadAction","target":["https:\/\/artbusinessclub.eu\/termek\/vitorlasok-alkonyatkor-ismeretlen-festo\/"]}]},{"@type":"ImageObject","inLanguage":"en-US","@id":"https:\/\/artbusinessclub.eu\/termek\/vitorlasok-alkonyatkor-ismeretlen-festo\/#primaryimage","url":"https:\/\/artbusinessclub.eu\/wp-content\/uploads\/2021\/06\/1188-front2.jpg","contentUrl":"https:\/\/artbusinessclub.eu\/wp-content\/uploads\/2021\/06\/1188-front2.jpg","width":2400,"height":2400},{"@type":"BreadcrumbList","@id":"https:\/\/artbusinessclub.eu\/termek\/vitorlasok-alkonyatkor-ismeretlen-festo\/#breadcrumb","itemListElement":[{"@type":"ListItem","position":1,"name":"Kezd\u0151lap","item":"https:\/\/artbusinessclub.eu\/"},{"@type":"ListItem","position":2,"name":"Webshop","item":"https:\/\/artbusinessclub.eu\/webshop\/"},{"@type":"ListItem","position":3,"name":"Vitorl\u00e1sok alkonyatkor &#8211; Ismeretlen fest\u0151"}]},{"@type":"WebSite","@id":"https:\/\/artbusinessclub.eu\/en\/#website","url":"https:\/\/artbusinessclub.eu\/en\/","name":"Art Business Club Art Trading Ltd.","description":"Invest your money in paintings!","publisher":{"@id":"https:\/\/artbusinessclub.eu\/en\/#organization"},"potentialAction":[{"@type":"SearchAction","target":{"@type":"EntryPoint","urlTemplate":"https:\/\/artbusinessclub.eu\/en\/?s={search_term_string}"},"query-input":{"@type":"PropertyValueSpecification","valueRequired":true,"valueName":"search_term_string"}}],"inLanguage":"en-US"},{"@type":"Organization","@id":"https:\/\/artbusinessclub.eu\/en\/#organization","name":"ART BUSINESS CLUB Art Trading Ltd.","url":"https:\/\/artbusinessclub.eu\/en\/","logo":{"@type":"ImageObject","inLanguage":"en-US","@id":"https:\/\/artbusinessclub.eu\/en\/#\/schema\/logo\/image\/","url":"https:\/\/artbusinessclub.eu\/wp-content\/uploads\/2021\/04\/artbusiness01.png","contentUrl":"https:\/\/artbusinessclub.eu\/wp-content\/uploads\/2021\/04\/artbusiness01.png","width":1456,"height":323,"caption":"ART BUSINESS CLUB M\u0171kereskedelmi Kft."},"image":{"@id":"https:\/\/artbusinessclub.eu\/en\/#\/schema\/logo\/image\/"}}]}},"_links":{"self":[{"href":"https:\/\/artbusinessclub.eu\/en\/wp-json\/wp\/v2\/product\/66240","targetHints":{"allow":["GET"]}}],"collection":[{"href":"https:\/\/artbusinessclub.eu\/en\/wp-json\/wp\/v2\/product"}],"about":[{"href":"https:\/\/artbusinessclub.eu\/en\/wp-json\/wp\/v2\/types\/product"}],"wp:featuredmedia":[{"embeddable":true,"href":"https:\/\/artbusinessclub.eu\/en\/wp-json\/wp\/v2\/media\/23214"}],"wp:attachment":[{"href":"https:\/\/artbusinessclub.eu\/en\/wp-json\/wp\/v2\/media?parent=66240"}],"wp:term":[{"taxonomy":"product_brand","embeddable":true,"href":"https:\/\/artbusinessclub.eu\/en\/wp-json\/wp\/v2\/product_brand?post=66240"},{"taxonomy":"product_cat","embeddable":true,"href":"https:\/\/artbusinessclub.eu\/en\/wp-json\/wp\/v2\/product_cat?post=66240"},{"taxonomy":"product_tag","embeddable":true,"href":"https:\/\/artbusinessclub.eu\/en\/wp-json\/wp\/v2\/product_tag?post=66240"}],"curies":[{"name":"wp","href":"https:\/\/api.w.org\/{rel}","templated":true}]}}