{"id":66410,"date":"2026-04-15T17:30:44","date_gmt":"2026-04-15T17:30:44","guid":{"rendered":"https:\/\/artbusinessclub.eu\/?post_type=product&#038;p=66410"},"modified":"2026-04-15T17:35:53","modified_gmt":"2026-04-15T17:35:53","slug":"jozefka-antal-1935-viragkertesz-1978","status":"publish","type":"product","link":"https:\/\/artbusinessclub.eu\/en\/product\/jozefka-antal-1935-viragkertesz-1978\/","title":{"rendered":"Jozefka Antal (1935- ) Vir\u00e1gkert\u00e9sz, 1978"},"content":{"rendered":"<p><strong>7900<\/strong><\/p>\n<p><strong>Jozefka Antal (1935- )<\/strong><\/p>\n<p><strong>Vir\u00e1gkert\u00e9sz<\/strong><\/p>\n<p>Vegyes technika, farost<\/p>\n<p>Kor: 1978<\/p>\n<p>Jelezve jobbra lent: Jozefka 78\u00a0 + h\u00e1tul<em><br \/>\n<\/em><\/p>\n<p>M\u00e9rete: 68,5 x 42 cm<\/p>","protected":false},"excerpt":{"rendered":"<div class=\"woocommerce-product-details__short-description\">\n<div class=\"woocommerce-product-details__short-description\">\n<div class=\"woocommerce-product-details__short-description\">K\u00fcl\u00f6nleges, j\u00f3 sz\u00ednvil\u00e1g\u00fa alkot\u00e1s <strong>Jozefka Antal (1935- )\u00a0<\/strong>kort\u00e1rs magyar fest\u0151m\u0171v\u00e9szt\u0151l a r\u00e1 jellemz\u0151 technik\u00e1val \u00e9s st\u00edlusban elk\u00e9sz\u00edtve, amely egy hozz\u00e1ill\u0151 keretez\u00e9st ig\u00e9nyel.<\/div>\n<div>A m\u0171v\u00e9szr\u0151l b\u0151vebben:\u00a0<span data-huuid=\"9551853779745914285\">Fest\u0151m\u0171v\u00e9sz mestere Nagyb\u00e1nyai Nagy Zolt\u00e1n volt.\u00a0<\/span><span data-huuid=\"9551853779745910976\">K\u00e9pei egyre ink\u00e1bb elt\u00e1volodnak a realista \u00e1br\u00e1zol\u00e1sm\u00f3dt\u00f3l, \u00e9s a sz\u00ednek kifejez\u0151erej\u00e9re \u00e9p\u00edtenek.\u00a0<\/span><span data-huuid=\"9551853779745911763\">Tagja a Magyar Alkot\u00f3m\u0171v\u00e9szek Orsz\u00e1gos Egyes\u00fclet\u00e9nek \u00e9s a Magyar Fest\u0151k T\u00e1rsas\u00e1g\u00e1nak.<span class=\"pjBG2e\" data-cid=\"a8cf7baa-9f43-4b3e-8d51-d13addfd2d5f\"><span class=\"UV3uM\">\u00a0<\/span><\/span><\/span>Eln\u00f6ke az \u00dajpesti M\u0171v\u00e9szek T\u00e1rsas\u00e1g\u00e1nak.<\/div>\n<\/div>\n<div class=\"woocommerce-product-details__short-description\">\u2014\u2014\u2014\u2014\u2014\u2014\u2014\u2014\u2014\u2014\u2014\u2014\u2014\u2014\u2014\u2014\u2014\u2014\u2014\u2014\u2014\u2014\u2014\u2014\u2014\u2014\u2014\u2014\u2014\u2014\u2014\u2014\u2014\u2014\u2014\u2014\u2014\u2014\u2014\u2014\u2014<\/div>\n<div class=\"woocommerce-product-details__short-description\">\n<p>MAKE AN OFFER! Send us your offer to <strong><em>offer@artbusinessclub.eu<\/em> <\/strong>e-mail address!<\/p>\n<\/div>\n<\/div>","protected":false},"featured_media":66415,"template":"","meta":{"site-sidebar-layout":"default","site-content-layout":"default","ast-site-content-layout":"default","site-content-style":"default","site-sidebar-style":"default","ast-global-header-display":"","ast-banner-title-visibility":"","ast-main-header-display":"","ast-hfb-above-header-display":"","ast-hfb-below-header-display":"","ast-hfb-mobile-header-display":"","site-post-title":"","ast-breadcrumbs-content":"","ast-featured-img":"","footer-sml-layout":"","ast-disable-related-posts":"","theme-transparent-header-meta":"default","adv-header-id-meta":"","stick-header-meta":"","header-above-stick-meta":"","header-main-stick-meta":"","header-below-stick-meta":"","astra-migrate-meta-layouts":"set","ast-page-background-enabled":"default","ast-page-background-meta":{"desktop":{"background-color":"","background-image":"","background-repeat":"repeat","background-position":"center center","background-size":"auto","background-attachment":"scroll","background-type":"","background-media":"","overlay-type":"","overlay-color":"","overlay-opacity":"","overlay-gradient":""},"tablet":{"background-color":"","background-image":"","background-repeat":"repeat","background-position":"center center","background-size":"auto","background-attachment":"scroll","background-type":"","background-media":"","overlay-type":"","overlay-color":"","overlay-opacity":"","overlay-gradient":""},"mobile":{"background-color":"","background-image":"","background-repeat":"repeat","background-position":"center center","background-size":"auto","background-attachment":"scroll","background-type":"","background-media":"","overlay-type":"","overlay-color":"","overlay-opacity":"","overlay-gradient":""}},"ast-content-background-meta":{"desktop":{"background-color":"var(--ast-global-color-5)","background-image":"","background-repeat":"repeat","background-position":"center center","background-size":"auto","background-attachment":"scroll","background-type":"","background-media":"","overlay-type":"","overlay-color":"","overlay-opacity":"","overlay-gradient":""},"tablet":{"background-color":"var(--ast-global-color-5)","background-image":"","background-repeat":"repeat","background-position":"center center","background-size":"auto","background-attachment":"scroll","background-type":"","background-media":"","overlay-type":"","overlay-color":"","overlay-opacity":"","overlay-gradient":""},"mobile":{"background-color":"var(--ast-global-color-5)","background-image":"","background-repeat":"repeat","background-position":"center center","background-size":"auto","background-attachment":"scroll","background-type":"","background-media":"","overlay-type":"","overlay-color":"","overlay-opacity":"","overlay-gradient":""}}},"product_brand":[],"product_cat":[65],"product_tag":[],"class_list":{"0":"post-66410","1":"product","2":"type-product","3":"status-publish","4":"has-post-thumbnail","6":"product_cat-festmenyek","7":"pa_meret-kozepes-festmenyek-35-70-cm-tag","8":"pa_tema-absztrakt","9":"pa_tema-emberek","10":"desktop-align-left","11":"tablet-align-left","12":"mobile-align-left","13":"ast-product-gallery-layout-horizontal-slider","14":"ast-product-tabs-layout-horizontal","16":"first","17":"instock","18":"sold-individually","19":"taxable","20":"shipping-taxable","21":"purchasable","22":"product-type-simple"},"yoast_head":"<!-- This site is optimized with the Yoast SEO plugin v27.4 - https:\/\/yoast.com\/product\/yoast-seo-wordpress\/ -->\n<title>Jozefka Antal (1935- ) Vir\u00e1gkert\u00e9sz, 1978 - Art Business Club M\u0171kereskedelmi Kft.<\/title>\n<meta name=\"description\" content=\"K\u00fcl\u00f6nleges, j\u00f3 sz\u00ednvil\u00e1g\u00fa alkot\u00e1s Jozefka Antal (1935- )\u00a0kort\u00e1rs magyar fest\u0151m\u0171v\u00e9szt\u0151l a r\u00e1 jellemz\u0151 technik\u00e1val \u00e9s st\u00edlusban elk\u00e9sz\u00edtve, amely egy hozz\u00e1ill\u0151 keretez\u00e9st ig\u00e9nyel. A m\u0171v\u00e9szr\u0151l b\u0151vebben:\u00a0Fest\u0151m\u0171v\u00e9sz mestere Nagyb\u00e1nyai Nagy Zolt\u00e1n volt.\u00a0K\u00e9pei egyre ink\u00e1bb elt\u00e1volodnak a realista \u00e1br\u00e1zol\u00e1sm\u00f3dt\u00f3l, \u00e9s a sz\u00ednek kifejez\u0151erej\u00e9re \u00e9p\u00edtenek.\u00a0Tagja a Magyar Alkot\u00f3m\u0171v\u00e9szek Orsz\u00e1gos Egyes\u00fclet\u00e9nek \u00e9s a Magyar Fest\u0151k T\u00e1rsas\u00e1g\u00e1nak.\u00a0Eln\u00f6ke az \u00dajpesti M\u0171v\u00e9szek T\u00e1rsas\u00e1g\u00e1nak.  \u2014\u2014\u2014\u2014\u2014\u2014\u2014\u2014\u2014\u2014\u2014\u2014\u2014\u2014\u2014\u2014\u2014\u2014\u2014\u2014\u2014\u2014\u2014\u2014\u2014\u2014\u2014\u2014\u2014\u2014\u2014\u2014\u2014\u2014\u2014\u2014\u2014\u2014\u2014\u2014\u2014   V\u00c1RJUK AJ\u00c1NLAT\u00c1T! K\u00fcldje el aj\u00e1nlat\u00e1t az ajanlat@artbusinessclub.eu e-mail c\u00edmre!\" \/>\n<meta name=\"robots\" content=\"index, follow, max-snippet:-1, max-image-preview:large, max-video-preview:-1\" \/>\n<link rel=\"canonical\" href=\"https:\/\/artbusinessclub.eu\/en\/product\/jozefka-antal-1935-viragkertesz-1978\/\" \/>\n<meta property=\"og:locale\" content=\"en_US\" \/>\n<meta property=\"og:type\" content=\"article\" \/>\n<meta property=\"og:title\" content=\"Jozefka Antal (1935- ) Vir\u00e1gkert\u00e9sz, 1978 - Art Business Club M\u0171kereskedelmi Kft.\" \/>\n<meta property=\"og:description\" content=\"K\u00fcl\u00f6nleges, j\u00f3 sz\u00ednvil\u00e1g\u00fa alkot\u00e1s Jozefka Antal (1935- )\u00a0kort\u00e1rs magyar fest\u0151m\u0171v\u00e9szt\u0151l a r\u00e1 jellemz\u0151 technik\u00e1val \u00e9s st\u00edlusban elk\u00e9sz\u00edtve, amely egy hozz\u00e1ill\u0151 keretez\u00e9st ig\u00e9nyel. A m\u0171v\u00e9szr\u0151l b\u0151vebben:\u00a0Fest\u0151m\u0171v\u00e9sz mestere Nagyb\u00e1nyai Nagy Zolt\u00e1n volt.\u00a0K\u00e9pei egyre ink\u00e1bb elt\u00e1volodnak a realista \u00e1br\u00e1zol\u00e1sm\u00f3dt\u00f3l, \u00e9s a sz\u00ednek kifejez\u0151erej\u00e9re \u00e9p\u00edtenek.\u00a0Tagja a Magyar Alkot\u00f3m\u0171v\u00e9szek Orsz\u00e1gos Egyes\u00fclet\u00e9nek \u00e9s a Magyar Fest\u0151k T\u00e1rsas\u00e1g\u00e1nak.\u00a0Eln\u00f6ke az \u00dajpesti M\u0171v\u00e9szek T\u00e1rsas\u00e1g\u00e1nak.  \u2014\u2014\u2014\u2014\u2014\u2014\u2014\u2014\u2014\u2014\u2014\u2014\u2014\u2014\u2014\u2014\u2014\u2014\u2014\u2014\u2014\u2014\u2014\u2014\u2014\u2014\u2014\u2014\u2014\u2014\u2014\u2014\u2014\u2014\u2014\u2014\u2014\u2014\u2014\u2014\u2014   V\u00c1RJUK AJ\u00c1NLAT\u00c1T! K\u00fcldje el aj\u00e1nlat\u00e1t az ajanlat@artbusinessclub.eu e-mail c\u00edmre!\" \/>\n<meta property=\"og:url\" content=\"https:\/\/artbusinessclub.eu\/en\/product\/jozefka-antal-1935-viragkertesz-1978\/\" \/>\n<meta property=\"og:site_name\" content=\"Art Business Club M\u0171kereskedelmi Kft.\" \/>\n<meta property=\"article:modified_time\" content=\"2026-04-15T17:35:53+00:00\" \/>\n<meta property=\"og:image\" content=\"https:\/\/artbusinessclub.eu\/wp-content\/uploads\/2026\/04\/7900-front2.jpg\" \/>\n\t<meta property=\"og:image:width\" content=\"2400\" \/>\n\t<meta property=\"og:image:height\" content=\"2400\" \/>\n\t<meta property=\"og:image:type\" content=\"image\/jpeg\" \/>\n<meta name=\"twitter:card\" content=\"summary_large_image\" \/>\n<script type=\"application\/ld+json\" class=\"yoast-schema-graph\">{\"@context\":\"https:\\\/\\\/schema.org\",\"@graph\":[{\"@type\":\"WebPage\",\"@id\":\"https:\\\/\\\/artbusinessclub.eu\\\/termek\\\/jozefka-antal-1935-viragkertesz-1978\\\/\",\"url\":\"https:\\\/\\\/artbusinessclub.eu\\\/termek\\\/jozefka-antal-1935-viragkertesz-1978\\\/\",\"name\":\"Jozefka Antal (1935- ) Vir\u00e1gkert\u00e9sz, 1978 - Art Business Club M\u0171kereskedelmi Kft.\",\"isPartOf\":{\"@id\":\"https:\\\/\\\/artbusinessclub.eu\\\/en\\\/#website\"},\"primaryImageOfPage\":{\"@id\":\"https:\\\/\\\/artbusinessclub.eu\\\/termek\\\/jozefka-antal-1935-viragkertesz-1978\\\/#primaryimage\"},\"image\":{\"@id\":\"https:\\\/\\\/artbusinessclub.eu\\\/termek\\\/jozefka-antal-1935-viragkertesz-1978\\\/#primaryimage\"},\"thumbnailUrl\":\"https:\\\/\\\/artbusinessclub.eu\\\/wp-content\\\/uploads\\\/2026\\\/04\\\/7900-front2.jpg\",\"datePublished\":\"2026-04-15T17:30:44+00:00\",\"dateModified\":\"2026-04-15T17:35:53+00:00\",\"description\":\"K\u00fcl\u00f6nleges, j\u00f3 sz\u00ednvil\u00e1g\u00fa alkot\u00e1s Jozefka Antal (1935- )\u00a0kort\u00e1rs magyar fest\u0151m\u0171v\u00e9szt\u0151l a r\u00e1 jellemz\u0151 technik\u00e1val \u00e9s st\u00edlusban elk\u00e9sz\u00edtve, amely egy hozz\u00e1ill\u0151 keretez\u00e9st ig\u00e9nyel. A m\u0171v\u00e9szr\u0151l b\u0151vebben:\u00a0Fest\u0151m\u0171v\u00e9sz mestere Nagyb\u00e1nyai Nagy Zolt\u00e1n volt.\u00a0K\u00e9pei egyre ink\u00e1bb elt\u00e1volodnak a realista \u00e1br\u00e1zol\u00e1sm\u00f3dt\u00f3l, \u00e9s a sz\u00ednek kifejez\u0151erej\u00e9re \u00e9p\u00edtenek.\u00a0Tagja a Magyar Alkot\u00f3m\u0171v\u00e9szek Orsz\u00e1gos Egyes\u00fclet\u00e9nek \u00e9s a Magyar Fest\u0151k T\u00e1rsas\u00e1g\u00e1nak.\u00a0Eln\u00f6ke az \u00dajpesti M\u0171v\u00e9szek T\u00e1rsas\u00e1g\u00e1nak. \u2014\u2014\u2014\u2014\u2014\u2014\u2014\u2014\u2014\u2014\u2014\u2014\u2014\u2014\u2014\u2014\u2014\u2014\u2014\u2014\u2014\u2014\u2014\u2014\u2014\u2014\u2014\u2014\u2014\u2014\u2014\u2014\u2014\u2014\u2014\u2014\u2014\u2014\u2014\u2014\u2014 V\u00c1RJUK AJ\u00c1NLAT\u00c1T! K\u00fcldje el aj\u00e1nlat\u00e1t az ajanlat@artbusinessclub.eu e-mail c\u00edmre!\",\"breadcrumb\":{\"@id\":\"https:\\\/\\\/artbusinessclub.eu\\\/termek\\\/jozefka-antal-1935-viragkertesz-1978\\\/#breadcrumb\"},\"inLanguage\":\"en-US\",\"potentialAction\":[{\"@type\":\"ReadAction\",\"target\":[\"https:\\\/\\\/artbusinessclub.eu\\\/termek\\\/jozefka-antal-1935-viragkertesz-1978\\\/\"]}]},{\"@type\":\"ImageObject\",\"inLanguage\":\"en-US\",\"@id\":\"https:\\\/\\\/artbusinessclub.eu\\\/termek\\\/jozefka-antal-1935-viragkertesz-1978\\\/#primaryimage\",\"url\":\"https:\\\/\\\/artbusinessclub.eu\\\/wp-content\\\/uploads\\\/2026\\\/04\\\/7900-front2.jpg\",\"contentUrl\":\"https:\\\/\\\/artbusinessclub.eu\\\/wp-content\\\/uploads\\\/2026\\\/04\\\/7900-front2.jpg\",\"width\":2400,\"height\":2400},{\"@type\":\"BreadcrumbList\",\"@id\":\"https:\\\/\\\/artbusinessclub.eu\\\/termek\\\/jozefka-antal-1935-viragkertesz-1978\\\/#breadcrumb\",\"itemListElement\":[{\"@type\":\"ListItem\",\"position\":1,\"name\":\"Kezd\u0151lap\",\"item\":\"https:\\\/\\\/artbusinessclub.eu\\\/\"},{\"@type\":\"ListItem\",\"position\":2,\"name\":\"Webshop\",\"item\":\"https:\\\/\\\/artbusinessclub.eu\\\/webshop\\\/\"},{\"@type\":\"ListItem\",\"position\":3,\"name\":\"Jozefka Antal (1935- ) Vir\u00e1gkert\u00e9sz, 1978\"}]},{\"@type\":\"WebSite\",\"@id\":\"https:\\\/\\\/artbusinessclub.eu\\\/en\\\/#website\",\"url\":\"https:\\\/\\\/artbusinessclub.eu\\\/en\\\/\",\"name\":\"Art Business Club M\u0171kereskedelmi Kft.\",\"description\":\"Fektesse p\u00e9nz\u00e9t festm\u00e9nyekbe!\",\"publisher\":{\"@id\":\"https:\\\/\\\/artbusinessclub.eu\\\/en\\\/#organization\"},\"potentialAction\":[{\"@type\":\"SearchAction\",\"target\":{\"@type\":\"EntryPoint\",\"urlTemplate\":\"https:\\\/\\\/artbusinessclub.eu\\\/en\\\/?s={search_term_string}\"},\"query-input\":{\"@type\":\"PropertyValueSpecification\",\"valueRequired\":true,\"valueName\":\"search_term_string\"}}],\"inLanguage\":\"en-US\"},{\"@type\":\"Organization\",\"@id\":\"https:\\\/\\\/artbusinessclub.eu\\\/en\\\/#organization\",\"name\":\"ART BUSINESS CLUB M\u0171kereskedelmi Kft.\",\"url\":\"https:\\\/\\\/artbusinessclub.eu\\\/en\\\/\",\"logo\":{\"@type\":\"ImageObject\",\"inLanguage\":\"en-US\",\"@id\":\"https:\\\/\\\/artbusinessclub.eu\\\/en\\\/#\\\/schema\\\/logo\\\/image\\\/\",\"url\":\"https:\\\/\\\/artbusinessclub.eu\\\/wp-content\\\/uploads\\\/2021\\\/04\\\/artbusiness01.png\",\"contentUrl\":\"https:\\\/\\\/artbusinessclub.eu\\\/wp-content\\\/uploads\\\/2021\\\/04\\\/artbusiness01.png\",\"width\":1456,\"height\":323,\"caption\":\"ART BUSINESS CLUB M\u0171kereskedelmi Kft.\"},\"image\":{\"@id\":\"https:\\\/\\\/artbusinessclub.eu\\\/en\\\/#\\\/schema\\\/logo\\\/image\\\/\"}}]}<\/script>\n<!-- \/ Yoast SEO plugin. -->","yoast_head_json":{"title":"Jozefka Antal (1935- ) Vir\u00e1gkert\u00e9sz, 1978 - Art Business Club M\u0171kereskedelmi Kft.","description":"K\u00fcl\u00f6nleges, j\u00f3 sz\u00ednvil\u00e1g\u00fa alkot\u00e1s Jozefka Antal (1935- )\u00a0kort\u00e1rs magyar fest\u0151m\u0171v\u00e9szt\u0151l a r\u00e1 jellemz\u0151 technik\u00e1val \u00e9s st\u00edlusban elk\u00e9sz\u00edtve, amely egy hozz\u00e1ill\u0151 keretez\u00e9st ig\u00e9nyel. A m\u0171v\u00e9szr\u0151l b\u0151vebben:\u00a0Fest\u0151m\u0171v\u00e9sz mestere Nagyb\u00e1nyai Nagy Zolt\u00e1n volt.\u00a0K\u00e9pei egyre ink\u00e1bb elt\u00e1volodnak a realista \u00e1br\u00e1zol\u00e1sm\u00f3dt\u00f3l, \u00e9s a sz\u00ednek kifejez\u0151erej\u00e9re \u00e9p\u00edtenek.\u00a0Tagja a Magyar Alkot\u00f3m\u0171v\u00e9szek Orsz\u00e1gos Egyes\u00fclet\u00e9nek \u00e9s a Magyar Fest\u0151k T\u00e1rsas\u00e1g\u00e1nak.\u00a0Eln\u00f6ke az \u00dajpesti M\u0171v\u00e9szek T\u00e1rsas\u00e1g\u00e1nak.  \u2014\u2014\u2014\u2014\u2014\u2014\u2014\u2014\u2014\u2014\u2014\u2014\u2014\u2014\u2014\u2014\u2014\u2014\u2014\u2014\u2014\u2014\u2014\u2014\u2014\u2014\u2014\u2014\u2014\u2014\u2014\u2014\u2014\u2014\u2014\u2014\u2014\u2014\u2014\u2014\u2014   V\u00c1RJUK AJ\u00c1NLAT\u00c1T! K\u00fcldje el aj\u00e1nlat\u00e1t az ajanlat@artbusinessclub.eu e-mail c\u00edmre!","robots":{"index":"index","follow":"follow","max-snippet":"max-snippet:-1","max-image-preview":"max-image-preview:large","max-video-preview":"max-video-preview:-1"},"canonical":"https:\/\/artbusinessclub.eu\/en\/product\/jozefka-antal-1935-viragkertesz-1978\/","og_locale":"en_US","og_type":"article","og_title":"Jozefka Antal (1935- ) Vir\u00e1gkert\u00e9sz, 1978 - Art Business Club M\u0171kereskedelmi Kft.","og_description":"K\u00fcl\u00f6nleges, j\u00f3 sz\u00ednvil\u00e1g\u00fa alkot\u00e1s Jozefka Antal (1935- )\u00a0kort\u00e1rs magyar fest\u0151m\u0171v\u00e9szt\u0151l a r\u00e1 jellemz\u0151 technik\u00e1val \u00e9s st\u00edlusban elk\u00e9sz\u00edtve, amely egy hozz\u00e1ill\u0151 keretez\u00e9st ig\u00e9nyel. A m\u0171v\u00e9szr\u0151l b\u0151vebben:\u00a0Fest\u0151m\u0171v\u00e9sz mestere Nagyb\u00e1nyai Nagy Zolt\u00e1n volt.\u00a0K\u00e9pei egyre ink\u00e1bb elt\u00e1volodnak a realista \u00e1br\u00e1zol\u00e1sm\u00f3dt\u00f3l, \u00e9s a sz\u00ednek kifejez\u0151erej\u00e9re \u00e9p\u00edtenek.\u00a0Tagja a Magyar Alkot\u00f3m\u0171v\u00e9szek Orsz\u00e1gos Egyes\u00fclet\u00e9nek \u00e9s a Magyar Fest\u0151k T\u00e1rsas\u00e1g\u00e1nak.\u00a0Eln\u00f6ke az \u00dajpesti M\u0171v\u00e9szek T\u00e1rsas\u00e1g\u00e1nak.  \u2014\u2014\u2014\u2014\u2014\u2014\u2014\u2014\u2014\u2014\u2014\u2014\u2014\u2014\u2014\u2014\u2014\u2014\u2014\u2014\u2014\u2014\u2014\u2014\u2014\u2014\u2014\u2014\u2014\u2014\u2014\u2014\u2014\u2014\u2014\u2014\u2014\u2014\u2014\u2014\u2014   V\u00c1RJUK AJ\u00c1NLAT\u00c1T! K\u00fcldje el aj\u00e1nlat\u00e1t az ajanlat@artbusinessclub.eu e-mail c\u00edmre!","og_url":"https:\/\/artbusinessclub.eu\/en\/product\/jozefka-antal-1935-viragkertesz-1978\/","og_site_name":"Art Business Club M\u0171kereskedelmi Kft.","article_modified_time":"2026-04-15T17:35:53+00:00","og_image":[{"width":2400,"height":2400,"url":"https:\/\/artbusinessclub.eu\/wp-content\/uploads\/2026\/04\/7900-front2.jpg","type":"image\/jpeg"}],"twitter_card":"summary_large_image","schema":{"@context":"https:\/\/schema.org","@graph":[{"@type":"WebPage","@id":"https:\/\/artbusinessclub.eu\/termek\/jozefka-antal-1935-viragkertesz-1978\/","url":"https:\/\/artbusinessclub.eu\/termek\/jozefka-antal-1935-viragkertesz-1978\/","name":"Jozefka Antal (1935- ) Vir\u00e1gkert\u00e9sz, 1978 - Art Business Club M\u0171kereskedelmi Kft.","isPartOf":{"@id":"https:\/\/artbusinessclub.eu\/en\/#website"},"primaryImageOfPage":{"@id":"https:\/\/artbusinessclub.eu\/termek\/jozefka-antal-1935-viragkertesz-1978\/#primaryimage"},"image":{"@id":"https:\/\/artbusinessclub.eu\/termek\/jozefka-antal-1935-viragkertesz-1978\/#primaryimage"},"thumbnailUrl":"https:\/\/artbusinessclub.eu\/wp-content\/uploads\/2026\/04\/7900-front2.jpg","datePublished":"2026-04-15T17:30:44+00:00","dateModified":"2026-04-15T17:35:53+00:00","description":"K\u00fcl\u00f6nleges, j\u00f3 sz\u00ednvil\u00e1g\u00fa alkot\u00e1s Jozefka Antal (1935- )\u00a0kort\u00e1rs magyar fest\u0151m\u0171v\u00e9szt\u0151l a r\u00e1 jellemz\u0151 technik\u00e1val \u00e9s st\u00edlusban elk\u00e9sz\u00edtve, amely egy hozz\u00e1ill\u0151 keretez\u00e9st ig\u00e9nyel. A m\u0171v\u00e9szr\u0151l b\u0151vebben:\u00a0Fest\u0151m\u0171v\u00e9sz mestere Nagyb\u00e1nyai Nagy Zolt\u00e1n volt.\u00a0K\u00e9pei egyre ink\u00e1bb elt\u00e1volodnak a realista \u00e1br\u00e1zol\u00e1sm\u00f3dt\u00f3l, \u00e9s a sz\u00ednek kifejez\u0151erej\u00e9re \u00e9p\u00edtenek.\u00a0Tagja a Magyar Alkot\u00f3m\u0171v\u00e9szek Orsz\u00e1gos Egyes\u00fclet\u00e9nek \u00e9s a Magyar Fest\u0151k T\u00e1rsas\u00e1g\u00e1nak.\u00a0Eln\u00f6ke az \u00dajpesti M\u0171v\u00e9szek T\u00e1rsas\u00e1g\u00e1nak. \u2014\u2014\u2014\u2014\u2014\u2014\u2014\u2014\u2014\u2014\u2014\u2014\u2014\u2014\u2014\u2014\u2014\u2014\u2014\u2014\u2014\u2014\u2014\u2014\u2014\u2014\u2014\u2014\u2014\u2014\u2014\u2014\u2014\u2014\u2014\u2014\u2014\u2014\u2014\u2014\u2014 V\u00c1RJUK AJ\u00c1NLAT\u00c1T! K\u00fcldje el aj\u00e1nlat\u00e1t az ajanlat@artbusinessclub.eu e-mail c\u00edmre!","breadcrumb":{"@id":"https:\/\/artbusinessclub.eu\/termek\/jozefka-antal-1935-viragkertesz-1978\/#breadcrumb"},"inLanguage":"en-US","potentialAction":[{"@type":"ReadAction","target":["https:\/\/artbusinessclub.eu\/termek\/jozefka-antal-1935-viragkertesz-1978\/"]}]},{"@type":"ImageObject","inLanguage":"en-US","@id":"https:\/\/artbusinessclub.eu\/termek\/jozefka-antal-1935-viragkertesz-1978\/#primaryimage","url":"https:\/\/artbusinessclub.eu\/wp-content\/uploads\/2026\/04\/7900-front2.jpg","contentUrl":"https:\/\/artbusinessclub.eu\/wp-content\/uploads\/2026\/04\/7900-front2.jpg","width":2400,"height":2400},{"@type":"BreadcrumbList","@id":"https:\/\/artbusinessclub.eu\/termek\/jozefka-antal-1935-viragkertesz-1978\/#breadcrumb","itemListElement":[{"@type":"ListItem","position":1,"name":"Kezd\u0151lap","item":"https:\/\/artbusinessclub.eu\/"},{"@type":"ListItem","position":2,"name":"Webshop","item":"https:\/\/artbusinessclub.eu\/webshop\/"},{"@type":"ListItem","position":3,"name":"Jozefka Antal (1935- ) Vir\u00e1gkert\u00e9sz, 1978"}]},{"@type":"WebSite","@id":"https:\/\/artbusinessclub.eu\/en\/#website","url":"https:\/\/artbusinessclub.eu\/en\/","name":"Art Business Club Art Trading Ltd.","description":"Invest your money in paintings!","publisher":{"@id":"https:\/\/artbusinessclub.eu\/en\/#organization"},"potentialAction":[{"@type":"SearchAction","target":{"@type":"EntryPoint","urlTemplate":"https:\/\/artbusinessclub.eu\/en\/?s={search_term_string}"},"query-input":{"@type":"PropertyValueSpecification","valueRequired":true,"valueName":"search_term_string"}}],"inLanguage":"en-US"},{"@type":"Organization","@id":"https:\/\/artbusinessclub.eu\/en\/#organization","name":"ART BUSINESS CLUB Art Trading Ltd.","url":"https:\/\/artbusinessclub.eu\/en\/","logo":{"@type":"ImageObject","inLanguage":"en-US","@id":"https:\/\/artbusinessclub.eu\/en\/#\/schema\/logo\/image\/","url":"https:\/\/artbusinessclub.eu\/wp-content\/uploads\/2021\/04\/artbusiness01.png","contentUrl":"https:\/\/artbusinessclub.eu\/wp-content\/uploads\/2021\/04\/artbusiness01.png","width":1456,"height":323,"caption":"ART BUSINESS CLUB M\u0171kereskedelmi Kft."},"image":{"@id":"https:\/\/artbusinessclub.eu\/en\/#\/schema\/logo\/image\/"}}]}},"_links":{"self":[{"href":"https:\/\/artbusinessclub.eu\/en\/wp-json\/wp\/v2\/product\/66410","targetHints":{"allow":["GET"]}}],"collection":[{"href":"https:\/\/artbusinessclub.eu\/en\/wp-json\/wp\/v2\/product"}],"about":[{"href":"https:\/\/artbusinessclub.eu\/en\/wp-json\/wp\/v2\/types\/product"}],"wp:featuredmedia":[{"embeddable":true,"href":"https:\/\/artbusinessclub.eu\/en\/wp-json\/wp\/v2\/media\/66415"}],"wp:attachment":[{"href":"https:\/\/artbusinessclub.eu\/en\/wp-json\/wp\/v2\/media?parent=66410"}],"wp:term":[{"taxonomy":"product_brand","embeddable":true,"href":"https:\/\/artbusinessclub.eu\/en\/wp-json\/wp\/v2\/product_brand?post=66410"},{"taxonomy":"product_cat","embeddable":true,"href":"https:\/\/artbusinessclub.eu\/en\/wp-json\/wp\/v2\/product_cat?post=66410"},{"taxonomy":"product_tag","embeddable":true,"href":"https:\/\/artbusinessclub.eu\/en\/wp-json\/wp\/v2\/product_tag?post=66410"}],"curies":[{"name":"wp","href":"https:\/\/api.w.org\/{rel}","templated":true}]}}