{"id":7315,"date":"2021-05-20T07:28:37","date_gmt":"2021-05-20T07:28:37","guid":{"rendered":"https:\/\/artbusinessclub.eu\/?post_type=product&#038;p=7315"},"modified":"2022-09-28T16:31:21","modified_gmt":"2022-09-28T16:31:21","slug":"kaveczky-zoltan-1897-1965-vadrozsak-1954","status":"publish","type":"product","link":"https:\/\/artbusinessclub.eu\/en\/product\/kaveczky-zoltan-1897-1965-vadrozsak-1954\/","title":{"rendered":"Zolt\u00e1n Kaveczky (1897-1965) Wild roses, 1954"},"content":{"rendered":"<p>2235<\/p>\n<p><em><strong>Kaveczky Zolt\u00e1n (1897-1965)<\/strong><\/em><\/p>\n<p><strong>Vadr\u00f3zs\u00e1k<\/strong><\/p>\n<p><span style=\"font-size: 16px; font-style: normal; font-weight: 400;\">Sz\u00ednezett r\u00e9zkarc, karton<\/span><\/p>\n<p>Kor: 1954<em><br \/>\n<\/em><\/p>\n<p>Jelezve jobbra fent: <em>Kaveczky Zolt\u00e1n 1954.<\/em> \/ Lent: <em>Kaveczky Zolt\u00e1n\u00a0\u00a0 <\/em>At the bottom left: <em>Vadr\u00f3zs\u00e1k<br \/>\n<\/em><\/p>\n<p>M\u00e9rete kerettel: 51,5 x 41,5 cm<\/p>","protected":false},"excerpt":{"rendered":"<p>Nagyon sz\u00e9pen elk\u00e9sz\u00edtett r\u00e9gi vir\u00e1gcsend\u00e9let \u00e1br\u00e1zol\u00e1s <strong>Kaveczky Zolt\u00e1n (1897-1965)<\/strong> h\u00edres magyar fest\u0151, grafikust\u00f3l hozz\u00e1ill\u0151, \u00fcvegezett keretben, azonnal falra akaszthat\u00f3 \u00e1llapotban, gy\u0171jt\u0151re v\u00e1rva!<\/p>\n<div class=\"woocommerce-product-details__short-description\">\u2014\u2014\u2014\u2014\u2014\u2014\u2014\u2014\u2014\u2014\u2014\u2014\u2014\u2014\u2014\u2014\u2014\u2014\u2014\u2014\u2014\u2014\u2014\u2014\u2014\u2014\u2014\u2014\u2014\u2014\u2014\u2014\u2014\u2014\u2014\u2014\u2014\u2014\u2014\u2014\u2014\u2014-<\/div>\n<div class=\"woocommerce-product-details__short-description\">\n<p>MAKE AN OFFER! Send us your offer to <strong><em>offer@artbusinessclub.eu<\/em> <\/strong>e-mail address!<\/p>\n<\/div>","protected":false},"featured_media":20019,"template":"","meta":{"site-sidebar-layout":"default","site-content-layout":"default","ast-site-content-layout":"default","site-content-style":"default","site-sidebar-style":"default","ast-global-header-display":"","ast-banner-title-visibility":"","ast-main-header-display":"","ast-hfb-above-header-display":"","ast-hfb-below-header-display":"","ast-hfb-mobile-header-display":"","site-post-title":"","ast-breadcrumbs-content":"","ast-featured-img":"","footer-sml-layout":"","ast-disable-related-posts":"","theme-transparent-header-meta":"default","adv-header-id-meta":"","stick-header-meta":"","header-above-stick-meta":"","header-main-stick-meta":"","header-below-stick-meta":"","astra-migrate-meta-layouts":"default","ast-page-background-enabled":"default","ast-page-background-meta":{"desktop":{"background-color":"","background-image":"","background-repeat":"repeat","background-position":"center center","background-size":"auto","background-attachment":"scroll","background-type":"","background-media":"","overlay-type":"","overlay-color":"","overlay-opacity":"","overlay-gradient":""},"tablet":{"background-color":"","background-image":"","background-repeat":"repeat","background-position":"center center","background-size":"auto","background-attachment":"scroll","background-type":"","background-media":"","overlay-type":"","overlay-color":"","overlay-opacity":"","overlay-gradient":""},"mobile":{"background-color":"","background-image":"","background-repeat":"repeat","background-position":"center center","background-size":"auto","background-attachment":"scroll","background-type":"","background-media":"","overlay-type":"","overlay-color":"","overlay-opacity":"","overlay-gradient":""}},"ast-content-background-meta":{"desktop":{"background-color":"var(--ast-global-color-5)","background-image":"","background-repeat":"repeat","background-position":"center center","background-size":"auto","background-attachment":"scroll","background-type":"","background-media":"","overlay-type":"","overlay-color":"","overlay-opacity":"","overlay-gradient":""},"tablet":{"background-color":"var(--ast-global-color-5)","background-image":"","background-repeat":"repeat","background-position":"center center","background-size":"auto","background-attachment":"scroll","background-type":"","background-media":"","overlay-type":"","overlay-color":"","overlay-opacity":"","overlay-gradient":""},"mobile":{"background-color":"var(--ast-global-color-5)","background-image":"","background-repeat":"repeat","background-position":"center center","background-size":"auto","background-attachment":"scroll","background-type":"","background-media":"","overlay-type":"","overlay-color":"","overlay-opacity":"","overlay-gradient":""}}},"product_brand":[],"product_cat":[69],"product_tag":[],"class_list":{"0":"post-7315","1":"product","2":"type-product","3":"status-publish","4":"has-post-thumbnail","6":"product_cat-grafikak","7":"desktop-align-left","8":"tablet-align-left","9":"mobile-align-left","10":"ast-product-gallery-layout-horizontal-slider","11":"ast-product-tabs-layout-horizontal","13":"first","14":"instock","15":"sold-individually","16":"taxable","17":"shipping-taxable","18":"purchasable","19":"product-type-simple"},"yoast_head":"<!-- This site is optimized with the Yoast SEO plugin v27.4 - https:\/\/yoast.com\/product\/yoast-seo-wordpress\/ -->\n<title>Kaveczky Zolt\u00e1n (1897-1965) Vadr\u00f3zs\u00e1k, 1954 - Art Business Club M\u0171kereskedelmi Kft.<\/title>\n<meta name=\"description\" content=\"Nagyon sz\u00e9pen elk\u00e9sz\u00edtett r\u00e9gi vir\u00e1gcsend\u00e9let \u00e1br\u00e1zol\u00e1s Kaveczky Zolt\u00e1n (1897-1965) h\u00edres magyar fest\u0151, grafikust\u00f3l hozz\u00e1ill\u0151, \u00fcvegezett keretben, azonnal falra akaszthat\u00f3 \u00e1llapotban, gy\u0171jt\u0151re v\u00e1rva! \u2014\u2014\u2014\u2014\u2014\u2014\u2014\u2014\u2014\u2014\u2014\u2014\u2014\u2014\u2014\u2014\u2014\u2014\u2014\u2014\u2014\u2014\u2014\u2014\u2014\u2014\u2014\u2014\u2014\u2014\u2014\u2014\u2014\u2014\u2014\u2014\u2014\u2014\u2014\u2014\u2014\u2014-   V\u00c1RJUK AJ\u00c1NLAT\u00c1T! K\u00fcldje el aj\u00e1nlat\u00e1t az ajanlat@artbusinessclub.eu e-mail c\u00edmre!\" \/>\n<meta name=\"robots\" content=\"index, follow, max-snippet:-1, max-image-preview:large, max-video-preview:-1\" \/>\n<link rel=\"canonical\" href=\"https:\/\/artbusinessclub.eu\/en\/product\/kaveczky-zoltan-1897-1965-vadrozsak-1954\/\" \/>\n<meta property=\"og:locale\" content=\"en_US\" \/>\n<meta property=\"og:type\" content=\"article\" \/>\n<meta property=\"og:title\" content=\"Kaveczky Zolt\u00e1n (1897-1965) Vadr\u00f3zs\u00e1k, 1954 - Art Business Club M\u0171kereskedelmi Kft.\" \/>\n<meta property=\"og:description\" content=\"Nagyon sz\u00e9pen elk\u00e9sz\u00edtett r\u00e9gi vir\u00e1gcsend\u00e9let \u00e1br\u00e1zol\u00e1s Kaveczky Zolt\u00e1n (1897-1965) h\u00edres magyar fest\u0151, grafikust\u00f3l hozz\u00e1ill\u0151, \u00fcvegezett keretben, azonnal falra akaszthat\u00f3 \u00e1llapotban, gy\u0171jt\u0151re v\u00e1rva! \u2014\u2014\u2014\u2014\u2014\u2014\u2014\u2014\u2014\u2014\u2014\u2014\u2014\u2014\u2014\u2014\u2014\u2014\u2014\u2014\u2014\u2014\u2014\u2014\u2014\u2014\u2014\u2014\u2014\u2014\u2014\u2014\u2014\u2014\u2014\u2014\u2014\u2014\u2014\u2014\u2014\u2014-   V\u00c1RJUK AJ\u00c1NLAT\u00c1T! K\u00fcldje el aj\u00e1nlat\u00e1t az ajanlat@artbusinessclub.eu e-mail c\u00edmre!\" \/>\n<meta property=\"og:url\" content=\"https:\/\/artbusinessclub.eu\/en\/product\/kaveczky-zoltan-1897-1965-vadrozsak-1954\/\" \/>\n<meta property=\"og:site_name\" content=\"Art Business Club M\u0171kereskedelmi Kft.\" \/>\n<meta property=\"article:modified_time\" content=\"2022-09-28T16:31:21+00:00\" \/>\n<meta property=\"og:image\" content=\"https:\/\/artbusinessclub.eu\/wp-content\/uploads\/2021\/05\/2235-front2.jpg\" \/>\n\t<meta property=\"og:image:width\" content=\"2400\" \/>\n\t<meta property=\"og:image:height\" content=\"2400\" \/>\n\t<meta property=\"og:image:type\" content=\"image\/jpeg\" \/>\n<meta name=\"twitter:card\" content=\"summary_large_image\" \/>\n<meta name=\"twitter:label1\" content=\"Est. reading time\" \/>\n\t<meta name=\"twitter:data1\" content=\"1 minute\" \/>\n<script type=\"application\/ld+json\" class=\"yoast-schema-graph\">{\"@context\":\"https:\\\/\\\/schema.org\",\"@graph\":[{\"@type\":\"WebPage\",\"@id\":\"https:\\\/\\\/artbusinessclub.eu\\\/termek\\\/kaveczky-zoltan-1897-1965-vadrozsak-1954\\\/\",\"url\":\"https:\\\/\\\/artbusinessclub.eu\\\/termek\\\/kaveczky-zoltan-1897-1965-vadrozsak-1954\\\/\",\"name\":\"Kaveczky Zolt\u00e1n (1897-1965) Vadr\u00f3zs\u00e1k, 1954 - Art Business Club M\u0171kereskedelmi Kft.\",\"isPartOf\":{\"@id\":\"https:\\\/\\\/artbusinessclub.eu\\\/en\\\/#website\"},\"primaryImageOfPage\":{\"@id\":\"https:\\\/\\\/artbusinessclub.eu\\\/termek\\\/kaveczky-zoltan-1897-1965-vadrozsak-1954\\\/#primaryimage\"},\"image\":{\"@id\":\"https:\\\/\\\/artbusinessclub.eu\\\/termek\\\/kaveczky-zoltan-1897-1965-vadrozsak-1954\\\/#primaryimage\"},\"thumbnailUrl\":\"https:\\\/\\\/artbusinessclub.eu\\\/wp-content\\\/uploads\\\/2021\\\/05\\\/2235-front2.jpg\",\"datePublished\":\"2021-05-20T07:28:37+00:00\",\"dateModified\":\"2022-09-28T16:31:21+00:00\",\"description\":\"Nagyon sz\u00e9pen elk\u00e9sz\u00edtett r\u00e9gi vir\u00e1gcsend\u00e9let \u00e1br\u00e1zol\u00e1s Kaveczky Zolt\u00e1n (1897-1965) h\u00edres magyar fest\u0151, grafikust\u00f3l hozz\u00e1ill\u0151, \u00fcvegezett keretben, azonnal falra akaszthat\u00f3 \u00e1llapotban, gy\u0171jt\u0151re v\u00e1rva! \u2014\u2014\u2014\u2014\u2014\u2014\u2014\u2014\u2014\u2014\u2014\u2014\u2014\u2014\u2014\u2014\u2014\u2014\u2014\u2014\u2014\u2014\u2014\u2014\u2014\u2014\u2014\u2014\u2014\u2014\u2014\u2014\u2014\u2014\u2014\u2014\u2014\u2014\u2014\u2014\u2014\u2014- V\u00c1RJUK AJ\u00c1NLAT\u00c1T! K\u00fcldje el aj\u00e1nlat\u00e1t az ajanlat@artbusinessclub.eu e-mail c\u00edmre!\",\"breadcrumb\":{\"@id\":\"https:\\\/\\\/artbusinessclub.eu\\\/termek\\\/kaveczky-zoltan-1897-1965-vadrozsak-1954\\\/#breadcrumb\"},\"inLanguage\":\"en-US\",\"potentialAction\":[{\"@type\":\"ReadAction\",\"target\":[\"https:\\\/\\\/artbusinessclub.eu\\\/termek\\\/kaveczky-zoltan-1897-1965-vadrozsak-1954\\\/\"]}]},{\"@type\":\"ImageObject\",\"inLanguage\":\"en-US\",\"@id\":\"https:\\\/\\\/artbusinessclub.eu\\\/termek\\\/kaveczky-zoltan-1897-1965-vadrozsak-1954\\\/#primaryimage\",\"url\":\"https:\\\/\\\/artbusinessclub.eu\\\/wp-content\\\/uploads\\\/2021\\\/05\\\/2235-front2.jpg\",\"contentUrl\":\"https:\\\/\\\/artbusinessclub.eu\\\/wp-content\\\/uploads\\\/2021\\\/05\\\/2235-front2.jpg\",\"width\":2400,\"height\":2400},{\"@type\":\"BreadcrumbList\",\"@id\":\"https:\\\/\\\/artbusinessclub.eu\\\/termek\\\/kaveczky-zoltan-1897-1965-vadrozsak-1954\\\/#breadcrumb\",\"itemListElement\":[{\"@type\":\"ListItem\",\"position\":1,\"name\":\"Kezd\u0151lap\",\"item\":\"https:\\\/\\\/artbusinessclub.eu\\\/\"},{\"@type\":\"ListItem\",\"position\":2,\"name\":\"Webshop\",\"item\":\"https:\\\/\\\/artbusinessclub.eu\\\/webshop\\\/\"},{\"@type\":\"ListItem\",\"position\":3,\"name\":\"Kaveczky Zolt\u00e1n (1897-1965) Vadr\u00f3zs\u00e1k, 1954\"}]},{\"@type\":\"WebSite\",\"@id\":\"https:\\\/\\\/artbusinessclub.eu\\\/en\\\/#website\",\"url\":\"https:\\\/\\\/artbusinessclub.eu\\\/en\\\/\",\"name\":\"Art Business Club M\u0171kereskedelmi Kft.\",\"description\":\"Fektesse p\u00e9nz\u00e9t festm\u00e9nyekbe!\",\"publisher\":{\"@id\":\"https:\\\/\\\/artbusinessclub.eu\\\/en\\\/#organization\"},\"potentialAction\":[{\"@type\":\"SearchAction\",\"target\":{\"@type\":\"EntryPoint\",\"urlTemplate\":\"https:\\\/\\\/artbusinessclub.eu\\\/en\\\/?s={search_term_string}\"},\"query-input\":{\"@type\":\"PropertyValueSpecification\",\"valueRequired\":true,\"valueName\":\"search_term_string\"}}],\"inLanguage\":\"en-US\"},{\"@type\":\"Organization\",\"@id\":\"https:\\\/\\\/artbusinessclub.eu\\\/en\\\/#organization\",\"name\":\"ART BUSINESS CLUB M\u0171kereskedelmi Kft.\",\"url\":\"https:\\\/\\\/artbusinessclub.eu\\\/en\\\/\",\"logo\":{\"@type\":\"ImageObject\",\"inLanguage\":\"en-US\",\"@id\":\"https:\\\/\\\/artbusinessclub.eu\\\/en\\\/#\\\/schema\\\/logo\\\/image\\\/\",\"url\":\"https:\\\/\\\/artbusinessclub.eu\\\/wp-content\\\/uploads\\\/2021\\\/04\\\/artbusiness01.png\",\"contentUrl\":\"https:\\\/\\\/artbusinessclub.eu\\\/wp-content\\\/uploads\\\/2021\\\/04\\\/artbusiness01.png\",\"width\":1456,\"height\":323,\"caption\":\"ART BUSINESS CLUB M\u0171kereskedelmi Kft.\"},\"image\":{\"@id\":\"https:\\\/\\\/artbusinessclub.eu\\\/en\\\/#\\\/schema\\\/logo\\\/image\\\/\"}}]}<\/script>\n<!-- \/ Yoast SEO plugin. -->","yoast_head_json":{"title":"Kaveczky Zolt\u00e1n (1897-1965) Vadr\u00f3zs\u00e1k, 1954 - Art Business Club M\u0171kereskedelmi Kft.","description":"Nagyon sz\u00e9pen elk\u00e9sz\u00edtett r\u00e9gi vir\u00e1gcsend\u00e9let \u00e1br\u00e1zol\u00e1s Kaveczky Zolt\u00e1n (1897-1965) h\u00edres magyar fest\u0151, grafikust\u00f3l hozz\u00e1ill\u0151, \u00fcvegezett keretben, azonnal falra akaszthat\u00f3 \u00e1llapotban, gy\u0171jt\u0151re v\u00e1rva! \u2014\u2014\u2014\u2014\u2014\u2014\u2014\u2014\u2014\u2014\u2014\u2014\u2014\u2014\u2014\u2014\u2014\u2014\u2014\u2014\u2014\u2014\u2014\u2014\u2014\u2014\u2014\u2014\u2014\u2014\u2014\u2014\u2014\u2014\u2014\u2014\u2014\u2014\u2014\u2014\u2014\u2014-   V\u00c1RJUK AJ\u00c1NLAT\u00c1T! K\u00fcldje el aj\u00e1nlat\u00e1t az ajanlat@artbusinessclub.eu e-mail c\u00edmre!","robots":{"index":"index","follow":"follow","max-snippet":"max-snippet:-1","max-image-preview":"max-image-preview:large","max-video-preview":"max-video-preview:-1"},"canonical":"https:\/\/artbusinessclub.eu\/en\/product\/kaveczky-zoltan-1897-1965-vadrozsak-1954\/","og_locale":"en_US","og_type":"article","og_title":"Kaveczky Zolt\u00e1n (1897-1965) Vadr\u00f3zs\u00e1k, 1954 - Art Business Club M\u0171kereskedelmi Kft.","og_description":"Nagyon sz\u00e9pen elk\u00e9sz\u00edtett r\u00e9gi vir\u00e1gcsend\u00e9let \u00e1br\u00e1zol\u00e1s Kaveczky Zolt\u00e1n (1897-1965) h\u00edres magyar fest\u0151, grafikust\u00f3l hozz\u00e1ill\u0151, \u00fcvegezett keretben, azonnal falra akaszthat\u00f3 \u00e1llapotban, gy\u0171jt\u0151re v\u00e1rva! \u2014\u2014\u2014\u2014\u2014\u2014\u2014\u2014\u2014\u2014\u2014\u2014\u2014\u2014\u2014\u2014\u2014\u2014\u2014\u2014\u2014\u2014\u2014\u2014\u2014\u2014\u2014\u2014\u2014\u2014\u2014\u2014\u2014\u2014\u2014\u2014\u2014\u2014\u2014\u2014\u2014\u2014-   V\u00c1RJUK AJ\u00c1NLAT\u00c1T! K\u00fcldje el aj\u00e1nlat\u00e1t az ajanlat@artbusinessclub.eu e-mail c\u00edmre!","og_url":"https:\/\/artbusinessclub.eu\/en\/product\/kaveczky-zoltan-1897-1965-vadrozsak-1954\/","og_site_name":"Art Business Club M\u0171kereskedelmi Kft.","article_modified_time":"2022-09-28T16:31:21+00:00","og_image":[{"width":2400,"height":2400,"url":"https:\/\/artbusinessclub.eu\/wp-content\/uploads\/2021\/05\/2235-front2.jpg","type":"image\/jpeg"}],"twitter_card":"summary_large_image","twitter_misc":{"Est. reading time":"1 minute"},"schema":{"@context":"https:\/\/schema.org","@graph":[{"@type":"WebPage","@id":"https:\/\/artbusinessclub.eu\/termek\/kaveczky-zoltan-1897-1965-vadrozsak-1954\/","url":"https:\/\/artbusinessclub.eu\/termek\/kaveczky-zoltan-1897-1965-vadrozsak-1954\/","name":"Kaveczky Zolt\u00e1n (1897-1965) Vadr\u00f3zs\u00e1k, 1954 - Art Business Club M\u0171kereskedelmi Kft.","isPartOf":{"@id":"https:\/\/artbusinessclub.eu\/en\/#website"},"primaryImageOfPage":{"@id":"https:\/\/artbusinessclub.eu\/termek\/kaveczky-zoltan-1897-1965-vadrozsak-1954\/#primaryimage"},"image":{"@id":"https:\/\/artbusinessclub.eu\/termek\/kaveczky-zoltan-1897-1965-vadrozsak-1954\/#primaryimage"},"thumbnailUrl":"https:\/\/artbusinessclub.eu\/wp-content\/uploads\/2021\/05\/2235-front2.jpg","datePublished":"2021-05-20T07:28:37+00:00","dateModified":"2022-09-28T16:31:21+00:00","description":"Nagyon sz\u00e9pen elk\u00e9sz\u00edtett r\u00e9gi vir\u00e1gcsend\u00e9let \u00e1br\u00e1zol\u00e1s Kaveczky Zolt\u00e1n (1897-1965) h\u00edres magyar fest\u0151, grafikust\u00f3l hozz\u00e1ill\u0151, \u00fcvegezett keretben, azonnal falra akaszthat\u00f3 \u00e1llapotban, gy\u0171jt\u0151re v\u00e1rva! \u2014\u2014\u2014\u2014\u2014\u2014\u2014\u2014\u2014\u2014\u2014\u2014\u2014\u2014\u2014\u2014\u2014\u2014\u2014\u2014\u2014\u2014\u2014\u2014\u2014\u2014\u2014\u2014\u2014\u2014\u2014\u2014\u2014\u2014\u2014\u2014\u2014\u2014\u2014\u2014\u2014\u2014- V\u00c1RJUK AJ\u00c1NLAT\u00c1T! K\u00fcldje el aj\u00e1nlat\u00e1t az ajanlat@artbusinessclub.eu e-mail c\u00edmre!","breadcrumb":{"@id":"https:\/\/artbusinessclub.eu\/termek\/kaveczky-zoltan-1897-1965-vadrozsak-1954\/#breadcrumb"},"inLanguage":"en-US","potentialAction":[{"@type":"ReadAction","target":["https:\/\/artbusinessclub.eu\/termek\/kaveczky-zoltan-1897-1965-vadrozsak-1954\/"]}]},{"@type":"ImageObject","inLanguage":"en-US","@id":"https:\/\/artbusinessclub.eu\/termek\/kaveczky-zoltan-1897-1965-vadrozsak-1954\/#primaryimage","url":"https:\/\/artbusinessclub.eu\/wp-content\/uploads\/2021\/05\/2235-front2.jpg","contentUrl":"https:\/\/artbusinessclub.eu\/wp-content\/uploads\/2021\/05\/2235-front2.jpg","width":2400,"height":2400},{"@type":"BreadcrumbList","@id":"https:\/\/artbusinessclub.eu\/termek\/kaveczky-zoltan-1897-1965-vadrozsak-1954\/#breadcrumb","itemListElement":[{"@type":"ListItem","position":1,"name":"Kezd\u0151lap","item":"https:\/\/artbusinessclub.eu\/"},{"@type":"ListItem","position":2,"name":"Webshop","item":"https:\/\/artbusinessclub.eu\/webshop\/"},{"@type":"ListItem","position":3,"name":"Kaveczky Zolt\u00e1n (1897-1965) Vadr\u00f3zs\u00e1k, 1954"}]},{"@type":"WebSite","@id":"https:\/\/artbusinessclub.eu\/en\/#website","url":"https:\/\/artbusinessclub.eu\/en\/","name":"Art Business Club Art Trading Ltd.","description":"Invest your money in paintings!","publisher":{"@id":"https:\/\/artbusinessclub.eu\/en\/#organization"},"potentialAction":[{"@type":"SearchAction","target":{"@type":"EntryPoint","urlTemplate":"https:\/\/artbusinessclub.eu\/en\/?s={search_term_string}"},"query-input":{"@type":"PropertyValueSpecification","valueRequired":true,"valueName":"search_term_string"}}],"inLanguage":"en-US"},{"@type":"Organization","@id":"https:\/\/artbusinessclub.eu\/en\/#organization","name":"ART BUSINESS CLUB Art Trading Ltd.","url":"https:\/\/artbusinessclub.eu\/en\/","logo":{"@type":"ImageObject","inLanguage":"en-US","@id":"https:\/\/artbusinessclub.eu\/en\/#\/schema\/logo\/image\/","url":"https:\/\/artbusinessclub.eu\/wp-content\/uploads\/2021\/04\/artbusiness01.png","contentUrl":"https:\/\/artbusinessclub.eu\/wp-content\/uploads\/2021\/04\/artbusiness01.png","width":1456,"height":323,"caption":"ART BUSINESS CLUB M\u0171kereskedelmi Kft."},"image":{"@id":"https:\/\/artbusinessclub.eu\/en\/#\/schema\/logo\/image\/"}}]}},"_links":{"self":[{"href":"https:\/\/artbusinessclub.eu\/en\/wp-json\/wp\/v2\/product\/7315","targetHints":{"allow":["GET"]}}],"collection":[{"href":"https:\/\/artbusinessclub.eu\/en\/wp-json\/wp\/v2\/product"}],"about":[{"href":"https:\/\/artbusinessclub.eu\/en\/wp-json\/wp\/v2\/types\/product"}],"wp:featuredmedia":[{"embeddable":true,"href":"https:\/\/artbusinessclub.eu\/en\/wp-json\/wp\/v2\/media\/20019"}],"wp:attachment":[{"href":"https:\/\/artbusinessclub.eu\/en\/wp-json\/wp\/v2\/media?parent=7315"}],"wp:term":[{"taxonomy":"product_brand","embeddable":true,"href":"https:\/\/artbusinessclub.eu\/en\/wp-json\/wp\/v2\/product_brand?post=7315"},{"taxonomy":"product_cat","embeddable":true,"href":"https:\/\/artbusinessclub.eu\/en\/wp-json\/wp\/v2\/product_cat?post=7315"},{"taxonomy":"product_tag","embeddable":true,"href":"https:\/\/artbusinessclub.eu\/en\/wp-json\/wp\/v2\/product_tag?post=7315"}],"curies":[{"name":"wp","href":"https:\/\/api.w.org\/{rel}","templated":true}]}}