{"id":8171,"date":"2021-06-22T21:03:13","date_gmt":"2021-06-22T21:03:13","guid":{"rendered":"https:\/\/artbusinessclub.eu\/?post_type=product&#038;p=8171"},"modified":"2022-10-17T21:55:41","modified_gmt":"2022-10-17T21:55:41","slug":"somlos-e-jelzessel-balatoni-idill-1970-2","status":"publish","type":"product","link":"https:\/\/artbusinessclub.eu\/en\/product\/somlos-e-jelzessel-balatoni-idill-1970-2\/","title":{"rendered":"With a sign of Soml\u00f3s E. - Idyll of the lake, 1970"},"content":{"rendered":"<p>1296<\/p>\n<p><strong>Balatoni idill<\/strong><\/p>\n<p>Oil on wood fiber<\/p>\n<p>Kor: 1970<\/p>\n<p>Signed at the bottom right: <em>Soml\u00f3s E. 970.<\/em><\/p>\n<p>M\u00e9rete: 50 x 69 cm<\/p>","protected":false},"excerpt":{"rendered":"<p>Igazi retr\u00f3 hangulat\u00fa, sz\u00e9pen megfestett balatoni \u00e9letk\u00e9p (olaj-farostlemez alkot\u00e1s) 1970-b\u0151l, magyar m\u0171v\u00e9szt\u0151l. A m\u0171v\u00e9sz beazonos\u00edt\u00e1sa folyamatban van!<\/p>\n<p>Megv\u00e9telre k\u00edn\u00e1ljuk ezt a fantasztikus, a szocializmus \u00e9vtizedeibe visszarep\u00edt\u0151 \u00e9s gyermekk\u00e9nt im\u00e1dott balatoni nyaral\u00e1sok, t\u00e1boroz\u00e1sok eml\u00e9k\u00e9t id\u00e9z\u0151 alkot\u00e1st! Csapjon le r\u00e1!<\/p>\n<div class=\"woocommerce-product-details__short-description\">\n<div class=\"woocommerce-product-details__short-description\">\n<div class=\"woocommerce-product-details__short-description\">\u2014\u2014\u2014\u2014\u2014\u2014\u2014\u2014\u2014\u2014\u2014\u2014\u2014\u2014\u2014\u2014\u2014\u2014\u2014\u2014\u2014\u2014\u2014\u2014\u2014\u2014\u2014\u2014\u2014\u2014\u2014\u2014\u2014\u2014\u2014\u2014\u2014\u2014\u2014\u2014\u2014<\/div>\n<div class=\"woocommerce-product-details__short-description\">\n<p>MAKE AN OFFER! Send us your offer to <strong><em>offer@artbusinessclub.eu<\/em> <\/strong>e-mail address!<\/p>\n<\/div>\n<\/div>\n<\/div>\n<p>&nbsp;<\/p>","protected":false},"featured_media":21518,"template":"","meta":{"site-sidebar-layout":"default","site-content-layout":"default","ast-site-content-layout":"default","site-content-style":"default","site-sidebar-style":"default","ast-global-header-display":"","ast-banner-title-visibility":"","ast-main-header-display":"","ast-hfb-above-header-display":"","ast-hfb-below-header-display":"","ast-hfb-mobile-header-display":"","site-post-title":"","ast-breadcrumbs-content":"","ast-featured-img":"","footer-sml-layout":"","ast-disable-related-posts":"","theme-transparent-header-meta":"default","adv-header-id-meta":"","stick-header-meta":"","header-above-stick-meta":"","header-main-stick-meta":"","header-below-stick-meta":"","astra-migrate-meta-layouts":"default","ast-page-background-enabled":"default","ast-page-background-meta":{"desktop":{"background-color":"","background-image":"","background-repeat":"repeat","background-position":"center center","background-size":"auto","background-attachment":"scroll","background-type":"","background-media":"","overlay-type":"","overlay-color":"","overlay-opacity":"","overlay-gradient":""},"tablet":{"background-color":"","background-image":"","background-repeat":"repeat","background-position":"center center","background-size":"auto","background-attachment":"scroll","background-type":"","background-media":"","overlay-type":"","overlay-color":"","overlay-opacity":"","overlay-gradient":""},"mobile":{"background-color":"","background-image":"","background-repeat":"repeat","background-position":"center center","background-size":"auto","background-attachment":"scroll","background-type":"","background-media":"","overlay-type":"","overlay-color":"","overlay-opacity":"","overlay-gradient":""}},"ast-content-background-meta":{"desktop":{"background-color":"var(--ast-global-color-5)","background-image":"","background-repeat":"repeat","background-position":"center center","background-size":"auto","background-attachment":"scroll","background-type":"","background-media":"","overlay-type":"","overlay-color":"","overlay-opacity":"","overlay-gradient":""},"tablet":{"background-color":"var(--ast-global-color-5)","background-image":"","background-repeat":"repeat","background-position":"center center","background-size":"auto","background-attachment":"scroll","background-type":"","background-media":"","overlay-type":"","overlay-color":"","overlay-opacity":"","overlay-gradient":""},"mobile":{"background-color":"var(--ast-global-color-5)","background-image":"","background-repeat":"repeat","background-position":"center center","background-size":"auto","background-attachment":"scroll","background-type":"","background-media":"","overlay-type":"","overlay-color":"","overlay-opacity":"","overlay-gradient":""}}},"product_brand":[],"product_cat":[65],"product_tag":[],"class_list":{"0":"post-8171","1":"product","2":"type-product","3":"status-publish","4":"has-post-thumbnail","6":"product_cat-festmenyek","7":"pa_meret-kozepes-festmenyek-35-70-cm-tag","8":"desktop-align-left","9":"tablet-align-left","10":"mobile-align-left","11":"ast-product-gallery-layout-horizontal-slider","12":"ast-product-tabs-layout-horizontal","14":"first","15":"instock","16":"sold-individually","17":"taxable","18":"shipping-taxable","19":"purchasable","20":"product-type-simple"},"yoast_head":"<!-- This site is optimized with the Yoast SEO plugin v27.4 - https:\/\/yoast.com\/product\/yoast-seo-wordpress\/ -->\n<title>Soml\u00f3s E. jelz\u00e9ssel - Balatoni idill, 1970 - Art Business Club M\u0171kereskedelmi Kft.<\/title>\n<meta name=\"description\" content=\"Igazi retr\u00f3 hangulat\u00fa, sz\u00e9pen megfestett balatoni \u00e9letk\u00e9p (olaj-farostlemez alkot\u00e1s) 1970-b\u0151l, magyar m\u0171v\u00e9szt\u0151l. A m\u0171v\u00e9sz beazonos\u00edt\u00e1sa folyamatban van!  Megv\u00e9telre k\u00edn\u00e1ljuk ezt a fantasztikus, a szocializmus \u00e9vtizedeibe visszarep\u00edt\u0151 \u00e9s gyermekk\u00e9nt im\u00e1dott balatoni nyaral\u00e1sok, t\u00e1boroz\u00e1sok eml\u00e9k\u00e9t id\u00e9z\u0151 alkot\u00e1st! Csapjon le r\u00e1!   \u2014\u2014\u2014\u2014\u2014\u2014\u2014\u2014\u2014\u2014\u2014\u2014\u2014\u2014\u2014\u2014\u2014\u2014\u2014\u2014\u2014\u2014\u2014\u2014\u2014\u2014\u2014\u2014\u2014\u2014\u2014\u2014\u2014\u2014\u2014\u2014\u2014\u2014\u2014\u2014\u2014   V\u00c1RJUK AJ\u00c1NLAT\u00c1T! K\u00fcldje el aj\u00e1nlat\u00e1t az ajanlat@artbusinessclub.eu e-mail c\u00edmre!     &nbsp;\" \/>\n<meta name=\"robots\" content=\"index, follow, max-snippet:-1, max-image-preview:large, max-video-preview:-1\" \/>\n<link rel=\"canonical\" href=\"https:\/\/artbusinessclub.eu\/en\/product\/somlos-e-jelzessel-balatoni-idill-1970-2\/\" \/>\n<meta property=\"og:locale\" content=\"en_US\" \/>\n<meta property=\"og:type\" content=\"article\" \/>\n<meta property=\"og:title\" content=\"Soml\u00f3s E. jelz\u00e9ssel - Balatoni idill, 1970 - Art Business Club M\u0171kereskedelmi Kft.\" \/>\n<meta property=\"og:description\" content=\"Igazi retr\u00f3 hangulat\u00fa, sz\u00e9pen megfestett balatoni \u00e9letk\u00e9p (olaj-farostlemez alkot\u00e1s) 1970-b\u0151l, magyar m\u0171v\u00e9szt\u0151l. A m\u0171v\u00e9sz beazonos\u00edt\u00e1sa folyamatban van!  Megv\u00e9telre k\u00edn\u00e1ljuk ezt a fantasztikus, a szocializmus \u00e9vtizedeibe visszarep\u00edt\u0151 \u00e9s gyermekk\u00e9nt im\u00e1dott balatoni nyaral\u00e1sok, t\u00e1boroz\u00e1sok eml\u00e9k\u00e9t id\u00e9z\u0151 alkot\u00e1st! Csapjon le r\u00e1!   \u2014\u2014\u2014\u2014\u2014\u2014\u2014\u2014\u2014\u2014\u2014\u2014\u2014\u2014\u2014\u2014\u2014\u2014\u2014\u2014\u2014\u2014\u2014\u2014\u2014\u2014\u2014\u2014\u2014\u2014\u2014\u2014\u2014\u2014\u2014\u2014\u2014\u2014\u2014\u2014\u2014   V\u00c1RJUK AJ\u00c1NLAT\u00c1T! K\u00fcldje el aj\u00e1nlat\u00e1t az ajanlat@artbusinessclub.eu e-mail c\u00edmre!     &nbsp;\" \/>\n<meta property=\"og:url\" content=\"https:\/\/artbusinessclub.eu\/en\/product\/somlos-e-jelzessel-balatoni-idill-1970-2\/\" \/>\n<meta property=\"og:site_name\" content=\"Art Business Club M\u0171kereskedelmi Kft.\" \/>\n<meta property=\"article:modified_time\" content=\"2022-10-17T21:55:41+00:00\" \/>\n<meta property=\"og:image\" content=\"https:\/\/artbusinessclub.eu\/wp-content\/uploads\/2021\/06\/1296-front2.jpg\" \/>\n\t<meta property=\"og:image:width\" content=\"2400\" \/>\n\t<meta property=\"og:image:height\" content=\"2400\" \/>\n\t<meta property=\"og:image:type\" content=\"image\/jpeg\" \/>\n<meta name=\"twitter:card\" content=\"summary_large_image\" \/>\n<meta name=\"twitter:label1\" content=\"Est. reading time\" \/>\n\t<meta name=\"twitter:data1\" content=\"1 minute\" \/>\n<script type=\"application\/ld+json\" class=\"yoast-schema-graph\">{\"@context\":\"https:\\\/\\\/schema.org\",\"@graph\":[{\"@type\":\"WebPage\",\"@id\":\"https:\\\/\\\/artbusinessclub.eu\\\/termek\\\/somlos-e-jelzessel-balatoni-idill-1970-2\\\/\",\"url\":\"https:\\\/\\\/artbusinessclub.eu\\\/termek\\\/somlos-e-jelzessel-balatoni-idill-1970-2\\\/\",\"name\":\"Soml\u00f3s E. jelz\u00e9ssel - Balatoni idill, 1970 - Art Business Club M\u0171kereskedelmi Kft.\",\"isPartOf\":{\"@id\":\"https:\\\/\\\/artbusinessclub.eu\\\/en\\\/#website\"},\"primaryImageOfPage\":{\"@id\":\"https:\\\/\\\/artbusinessclub.eu\\\/termek\\\/somlos-e-jelzessel-balatoni-idill-1970-2\\\/#primaryimage\"},\"image\":{\"@id\":\"https:\\\/\\\/artbusinessclub.eu\\\/termek\\\/somlos-e-jelzessel-balatoni-idill-1970-2\\\/#primaryimage\"},\"thumbnailUrl\":\"https:\\\/\\\/artbusinessclub.eu\\\/wp-content\\\/uploads\\\/2021\\\/06\\\/1296-front2.jpg\",\"datePublished\":\"2021-06-22T21:03:13+00:00\",\"dateModified\":\"2022-10-17T21:55:41+00:00\",\"description\":\"Igazi retr\u00f3 hangulat\u00fa, sz\u00e9pen megfestett balatoni \u00e9letk\u00e9p (olaj-farostlemez alkot\u00e1s) 1970-b\u0151l, magyar m\u0171v\u00e9szt\u0151l. A m\u0171v\u00e9sz beazonos\u00edt\u00e1sa folyamatban van! Megv\u00e9telre k\u00edn\u00e1ljuk ezt a fantasztikus, a szocializmus \u00e9vtizedeibe visszarep\u00edt\u0151 \u00e9s gyermekk\u00e9nt im\u00e1dott balatoni nyaral\u00e1sok, t\u00e1boroz\u00e1sok eml\u00e9k\u00e9t id\u00e9z\u0151 alkot\u00e1st! Csapjon le r\u00e1! \u2014\u2014\u2014\u2014\u2014\u2014\u2014\u2014\u2014\u2014\u2014\u2014\u2014\u2014\u2014\u2014\u2014\u2014\u2014\u2014\u2014\u2014\u2014\u2014\u2014\u2014\u2014\u2014\u2014\u2014\u2014\u2014\u2014\u2014\u2014\u2014\u2014\u2014\u2014\u2014\u2014 V\u00c1RJUK AJ\u00c1NLAT\u00c1T! K\u00fcldje el aj\u00e1nlat\u00e1t az ajanlat@artbusinessclub.eu e-mail c\u00edmre! &nbsp;\",\"breadcrumb\":{\"@id\":\"https:\\\/\\\/artbusinessclub.eu\\\/termek\\\/somlos-e-jelzessel-balatoni-idill-1970-2\\\/#breadcrumb\"},\"inLanguage\":\"en-US\",\"potentialAction\":[{\"@type\":\"ReadAction\",\"target\":[\"https:\\\/\\\/artbusinessclub.eu\\\/termek\\\/somlos-e-jelzessel-balatoni-idill-1970-2\\\/\"]}]},{\"@type\":\"ImageObject\",\"inLanguage\":\"en-US\",\"@id\":\"https:\\\/\\\/artbusinessclub.eu\\\/termek\\\/somlos-e-jelzessel-balatoni-idill-1970-2\\\/#primaryimage\",\"url\":\"https:\\\/\\\/artbusinessclub.eu\\\/wp-content\\\/uploads\\\/2021\\\/06\\\/1296-front2.jpg\",\"contentUrl\":\"https:\\\/\\\/artbusinessclub.eu\\\/wp-content\\\/uploads\\\/2021\\\/06\\\/1296-front2.jpg\",\"width\":2400,\"height\":2400},{\"@type\":\"BreadcrumbList\",\"@id\":\"https:\\\/\\\/artbusinessclub.eu\\\/termek\\\/somlos-e-jelzessel-balatoni-idill-1970-2\\\/#breadcrumb\",\"itemListElement\":[{\"@type\":\"ListItem\",\"position\":1,\"name\":\"Kezd\u0151lap\",\"item\":\"https:\\\/\\\/artbusinessclub.eu\\\/\"},{\"@type\":\"ListItem\",\"position\":2,\"name\":\"Webshop\",\"item\":\"https:\\\/\\\/artbusinessclub.eu\\\/webshop\\\/\"},{\"@type\":\"ListItem\",\"position\":3,\"name\":\"Soml\u00f3s E. jelz\u00e9ssel &#8211; Balatoni idill, 1970\"}]},{\"@type\":\"WebSite\",\"@id\":\"https:\\\/\\\/artbusinessclub.eu\\\/en\\\/#website\",\"url\":\"https:\\\/\\\/artbusinessclub.eu\\\/en\\\/\",\"name\":\"Art Business Club M\u0171kereskedelmi Kft.\",\"description\":\"Fektesse p\u00e9nz\u00e9t festm\u00e9nyekbe!\",\"publisher\":{\"@id\":\"https:\\\/\\\/artbusinessclub.eu\\\/en\\\/#organization\"},\"potentialAction\":[{\"@type\":\"SearchAction\",\"target\":{\"@type\":\"EntryPoint\",\"urlTemplate\":\"https:\\\/\\\/artbusinessclub.eu\\\/en\\\/?s={search_term_string}\"},\"query-input\":{\"@type\":\"PropertyValueSpecification\",\"valueRequired\":true,\"valueName\":\"search_term_string\"}}],\"inLanguage\":\"en-US\"},{\"@type\":\"Organization\",\"@id\":\"https:\\\/\\\/artbusinessclub.eu\\\/en\\\/#organization\",\"name\":\"ART BUSINESS CLUB M\u0171kereskedelmi Kft.\",\"url\":\"https:\\\/\\\/artbusinessclub.eu\\\/en\\\/\",\"logo\":{\"@type\":\"ImageObject\",\"inLanguage\":\"en-US\",\"@id\":\"https:\\\/\\\/artbusinessclub.eu\\\/en\\\/#\\\/schema\\\/logo\\\/image\\\/\",\"url\":\"https:\\\/\\\/artbusinessclub.eu\\\/wp-content\\\/uploads\\\/2021\\\/04\\\/artbusiness01.png\",\"contentUrl\":\"https:\\\/\\\/artbusinessclub.eu\\\/wp-content\\\/uploads\\\/2021\\\/04\\\/artbusiness01.png\",\"width\":1456,\"height\":323,\"caption\":\"ART BUSINESS CLUB M\u0171kereskedelmi Kft.\"},\"image\":{\"@id\":\"https:\\\/\\\/artbusinessclub.eu\\\/en\\\/#\\\/schema\\\/logo\\\/image\\\/\"}}]}<\/script>\n<!-- \/ Yoast SEO plugin. -->","yoast_head_json":{"title":"Soml\u00f3s E. jelz\u00e9ssel - Balatoni idill, 1970 - Art Business Club M\u0171kereskedelmi Kft.","description":"Igazi retr\u00f3 hangulat\u00fa, sz\u00e9pen megfestett balatoni \u00e9letk\u00e9p (olaj-farostlemez alkot\u00e1s) 1970-b\u0151l, magyar m\u0171v\u00e9szt\u0151l. A m\u0171v\u00e9sz beazonos\u00edt\u00e1sa folyamatban van!  Megv\u00e9telre k\u00edn\u00e1ljuk ezt a fantasztikus, a szocializmus \u00e9vtizedeibe visszarep\u00edt\u0151 \u00e9s gyermekk\u00e9nt im\u00e1dott balatoni nyaral\u00e1sok, t\u00e1boroz\u00e1sok eml\u00e9k\u00e9t id\u00e9z\u0151 alkot\u00e1st! Csapjon le r\u00e1!   \u2014\u2014\u2014\u2014\u2014\u2014\u2014\u2014\u2014\u2014\u2014\u2014\u2014\u2014\u2014\u2014\u2014\u2014\u2014\u2014\u2014\u2014\u2014\u2014\u2014\u2014\u2014\u2014\u2014\u2014\u2014\u2014\u2014\u2014\u2014\u2014\u2014\u2014\u2014\u2014\u2014   V\u00c1RJUK AJ\u00c1NLAT\u00c1T! K\u00fcldje el aj\u00e1nlat\u00e1t az ajanlat@artbusinessclub.eu e-mail c\u00edmre!     &nbsp;","robots":{"index":"index","follow":"follow","max-snippet":"max-snippet:-1","max-image-preview":"max-image-preview:large","max-video-preview":"max-video-preview:-1"},"canonical":"https:\/\/artbusinessclub.eu\/en\/product\/somlos-e-jelzessel-balatoni-idill-1970-2\/","og_locale":"en_US","og_type":"article","og_title":"Soml\u00f3s E. jelz\u00e9ssel - Balatoni idill, 1970 - Art Business Club M\u0171kereskedelmi Kft.","og_description":"Igazi retr\u00f3 hangulat\u00fa, sz\u00e9pen megfestett balatoni \u00e9letk\u00e9p (olaj-farostlemez alkot\u00e1s) 1970-b\u0151l, magyar m\u0171v\u00e9szt\u0151l. A m\u0171v\u00e9sz beazonos\u00edt\u00e1sa folyamatban van!  Megv\u00e9telre k\u00edn\u00e1ljuk ezt a fantasztikus, a szocializmus \u00e9vtizedeibe visszarep\u00edt\u0151 \u00e9s gyermekk\u00e9nt im\u00e1dott balatoni nyaral\u00e1sok, t\u00e1boroz\u00e1sok eml\u00e9k\u00e9t id\u00e9z\u0151 alkot\u00e1st! Csapjon le r\u00e1!   \u2014\u2014\u2014\u2014\u2014\u2014\u2014\u2014\u2014\u2014\u2014\u2014\u2014\u2014\u2014\u2014\u2014\u2014\u2014\u2014\u2014\u2014\u2014\u2014\u2014\u2014\u2014\u2014\u2014\u2014\u2014\u2014\u2014\u2014\u2014\u2014\u2014\u2014\u2014\u2014\u2014   V\u00c1RJUK AJ\u00c1NLAT\u00c1T! K\u00fcldje el aj\u00e1nlat\u00e1t az ajanlat@artbusinessclub.eu e-mail c\u00edmre!     &nbsp;","og_url":"https:\/\/artbusinessclub.eu\/en\/product\/somlos-e-jelzessel-balatoni-idill-1970-2\/","og_site_name":"Art Business Club M\u0171kereskedelmi Kft.","article_modified_time":"2022-10-17T21:55:41+00:00","og_image":[{"width":2400,"height":2400,"url":"https:\/\/artbusinessclub.eu\/wp-content\/uploads\/2021\/06\/1296-front2.jpg","type":"image\/jpeg"}],"twitter_card":"summary_large_image","twitter_misc":{"Est. reading time":"1 minute"},"schema":{"@context":"https:\/\/schema.org","@graph":[{"@type":"WebPage","@id":"https:\/\/artbusinessclub.eu\/termek\/somlos-e-jelzessel-balatoni-idill-1970-2\/","url":"https:\/\/artbusinessclub.eu\/termek\/somlos-e-jelzessel-balatoni-idill-1970-2\/","name":"Soml\u00f3s E. jelz\u00e9ssel - Balatoni idill, 1970 - Art Business Club M\u0171kereskedelmi Kft.","isPartOf":{"@id":"https:\/\/artbusinessclub.eu\/en\/#website"},"primaryImageOfPage":{"@id":"https:\/\/artbusinessclub.eu\/termek\/somlos-e-jelzessel-balatoni-idill-1970-2\/#primaryimage"},"image":{"@id":"https:\/\/artbusinessclub.eu\/termek\/somlos-e-jelzessel-balatoni-idill-1970-2\/#primaryimage"},"thumbnailUrl":"https:\/\/artbusinessclub.eu\/wp-content\/uploads\/2021\/06\/1296-front2.jpg","datePublished":"2021-06-22T21:03:13+00:00","dateModified":"2022-10-17T21:55:41+00:00","description":"Igazi retr\u00f3 hangulat\u00fa, sz\u00e9pen megfestett balatoni \u00e9letk\u00e9p (olaj-farostlemez alkot\u00e1s) 1970-b\u0151l, magyar m\u0171v\u00e9szt\u0151l. A m\u0171v\u00e9sz beazonos\u00edt\u00e1sa folyamatban van! Megv\u00e9telre k\u00edn\u00e1ljuk ezt a fantasztikus, a szocializmus \u00e9vtizedeibe visszarep\u00edt\u0151 \u00e9s gyermekk\u00e9nt im\u00e1dott balatoni nyaral\u00e1sok, t\u00e1boroz\u00e1sok eml\u00e9k\u00e9t id\u00e9z\u0151 alkot\u00e1st! Csapjon le r\u00e1! \u2014\u2014\u2014\u2014\u2014\u2014\u2014\u2014\u2014\u2014\u2014\u2014\u2014\u2014\u2014\u2014\u2014\u2014\u2014\u2014\u2014\u2014\u2014\u2014\u2014\u2014\u2014\u2014\u2014\u2014\u2014\u2014\u2014\u2014\u2014\u2014\u2014\u2014\u2014\u2014\u2014 V\u00c1RJUK AJ\u00c1NLAT\u00c1T! K\u00fcldje el aj\u00e1nlat\u00e1t az ajanlat@artbusinessclub.eu e-mail c\u00edmre! &nbsp;","breadcrumb":{"@id":"https:\/\/artbusinessclub.eu\/termek\/somlos-e-jelzessel-balatoni-idill-1970-2\/#breadcrumb"},"inLanguage":"en-US","potentialAction":[{"@type":"ReadAction","target":["https:\/\/artbusinessclub.eu\/termek\/somlos-e-jelzessel-balatoni-idill-1970-2\/"]}]},{"@type":"ImageObject","inLanguage":"en-US","@id":"https:\/\/artbusinessclub.eu\/termek\/somlos-e-jelzessel-balatoni-idill-1970-2\/#primaryimage","url":"https:\/\/artbusinessclub.eu\/wp-content\/uploads\/2021\/06\/1296-front2.jpg","contentUrl":"https:\/\/artbusinessclub.eu\/wp-content\/uploads\/2021\/06\/1296-front2.jpg","width":2400,"height":2400},{"@type":"BreadcrumbList","@id":"https:\/\/artbusinessclub.eu\/termek\/somlos-e-jelzessel-balatoni-idill-1970-2\/#breadcrumb","itemListElement":[{"@type":"ListItem","position":1,"name":"Kezd\u0151lap","item":"https:\/\/artbusinessclub.eu\/"},{"@type":"ListItem","position":2,"name":"Webshop","item":"https:\/\/artbusinessclub.eu\/webshop\/"},{"@type":"ListItem","position":3,"name":"Soml\u00f3s E. jelz\u00e9ssel &#8211; Balatoni idill, 1970"}]},{"@type":"WebSite","@id":"https:\/\/artbusinessclub.eu\/en\/#website","url":"https:\/\/artbusinessclub.eu\/en\/","name":"Art Business Club Art Trading Ltd.","description":"Invest your money in paintings!","publisher":{"@id":"https:\/\/artbusinessclub.eu\/en\/#organization"},"potentialAction":[{"@type":"SearchAction","target":{"@type":"EntryPoint","urlTemplate":"https:\/\/artbusinessclub.eu\/en\/?s={search_term_string}"},"query-input":{"@type":"PropertyValueSpecification","valueRequired":true,"valueName":"search_term_string"}}],"inLanguage":"en-US"},{"@type":"Organization","@id":"https:\/\/artbusinessclub.eu\/en\/#organization","name":"ART BUSINESS CLUB Art Trading Ltd.","url":"https:\/\/artbusinessclub.eu\/en\/","logo":{"@type":"ImageObject","inLanguage":"en-US","@id":"https:\/\/artbusinessclub.eu\/en\/#\/schema\/logo\/image\/","url":"https:\/\/artbusinessclub.eu\/wp-content\/uploads\/2021\/04\/artbusiness01.png","contentUrl":"https:\/\/artbusinessclub.eu\/wp-content\/uploads\/2021\/04\/artbusiness01.png","width":1456,"height":323,"caption":"ART BUSINESS CLUB M\u0171kereskedelmi Kft."},"image":{"@id":"https:\/\/artbusinessclub.eu\/en\/#\/schema\/logo\/image\/"}}]}},"_links":{"self":[{"href":"https:\/\/artbusinessclub.eu\/en\/wp-json\/wp\/v2\/product\/8171","targetHints":{"allow":["GET"]}}],"collection":[{"href":"https:\/\/artbusinessclub.eu\/en\/wp-json\/wp\/v2\/product"}],"about":[{"href":"https:\/\/artbusinessclub.eu\/en\/wp-json\/wp\/v2\/types\/product"}],"wp:featuredmedia":[{"embeddable":true,"href":"https:\/\/artbusinessclub.eu\/en\/wp-json\/wp\/v2\/media\/21518"}],"wp:attachment":[{"href":"https:\/\/artbusinessclub.eu\/en\/wp-json\/wp\/v2\/media?parent=8171"}],"wp:term":[{"taxonomy":"product_brand","embeddable":true,"href":"https:\/\/artbusinessclub.eu\/en\/wp-json\/wp\/v2\/product_brand?post=8171"},{"taxonomy":"product_cat","embeddable":true,"href":"https:\/\/artbusinessclub.eu\/en\/wp-json\/wp\/v2\/product_cat?post=8171"},{"taxonomy":"product_tag","embeddable":true,"href":"https:\/\/artbusinessclub.eu\/en\/wp-json\/wp\/v2\/product_tag?post=8171"}],"curies":[{"name":"wp","href":"https:\/\/api.w.org\/{rel}","templated":true}]}}